{"id":78111,"date":"2026-05-14T10:42:34","date_gmt":"2026-05-14T10:42:34","guid":{"rendered":"https:\/\/www.deporteseli.com\/?product=tenis-asics-1011b977-004"},"modified":"2026-05-14T10:42:41","modified_gmt":"2026-05-14T10:42:41","slug":"tenis-asics-1011b977-004","status":"publish","type":"product","link":"https:\/\/www.deporteseli.com\/?product=tenis-asics-1011b977-004","title":{"rendered":"TENIS ASICS 1011B977-004"},"content":{"rendered":"<p>Las zapatillas GEL-SONOMA 8 GTX est\u00e1n concebidas para el aire libre. Es un modelo de trail duradero que garantiza un buen agarre en superficies de tierra.    Esta zapatilla est\u00e1 confeccionada con GORE-TEX, un material impermeable que evita que la lluvia y la nieve penetren en su interior. Su dise\u00f1o funcional se ajusta c\u00f3modamente al pie y es altamente transpirable.    La comodidad bajo los pies es fruto de la mediasuela AMPLIFOAM  de longitud completa y de la pieza de tecnolog\u00eda GEL que se ha situado estrat\u00e9gicamente donde se necesita la amortiguaci\u00f3n.    La suela de trail es muy eficaz en la tracci\u00f3n avanzada. Su patr\u00f3n ofrece una pisada segura en los tramos de ascenso y descenso de terrenos dif\u00edciles.    El producto cuenta con la tecnolog\u00eda GORE-TEX, que le aporta resistencia al agua, protecci\u00f3n contra el viento y ventilaci\u00f3n de forma duradera, adem\u00e1s de mayor vida \u00fatil.                                                                                                                                                                                                                                                                                                                                                                                                                                                                                                                                                                                                                                                                                                                                                                                                                                                                                                                                                                                                                                        <\/p>\n","protected":false},"excerpt":{"rendered":"<p>TENIS ASICS 1011B977-004<\/p>\n","protected":false},"featured_media":78119,"template":"","meta":[],"product_brand":[],"product_cat":[260],"product_tag":[19],"class_list":{"0":"post-78111","1":"product","2":"type-product","3":"status-publish","4":"has-post-thumbnail","6":"product_cat-hombre_calzado_trail","7":"product_tag-asics","8":"pa_color-unico","9":"pa_talla-41-5","10":"pa_talla-153","11":"pa_talla-42-5","12":"pa_talla-43-5","13":"pa_talla-157","14":"pa_talla-44-5","15":"pa_talla-159","16":"thunk-woo-product-list","17":"opn-qv-enable","18":"open-woo-hover-","19":"open-single-product-tab-horizontal","20":"open-shadow-","21":"open-shadow-hover-","23":"first","24":"instock","25":"shipping-taxable","26":"purchasable","27":"product-type-variable"},"jetpack_sharing_enabled":true,"_links":{"self":[{"href":"https:\/\/www.deporteseli.com\/index.php?rest_route=\/wp\/v2\/product\/78111","targetHints":{"allow":["GET"]}}],"collection":[{"href":"https:\/\/www.deporteseli.com\/index.php?rest_route=\/wp\/v2\/product"}],"about":[{"href":"https:\/\/www.deporteseli.com\/index.php?rest_route=\/wp\/v2\/types\/product"}],"wp:featuredmedia":[{"embeddable":true,"href":"https:\/\/www.deporteseli.com\/index.php?rest_route=\/wp\/v2\/media\/78119"}],"wp:attachment":[{"href":"https:\/\/www.deporteseli.com\/index.php?rest_route=%2Fwp%2Fv2%2Fmedia&parent=78111"}],"wp:term":[{"taxonomy":"product_brand","embeddable":true,"href":"https:\/\/www.deporteseli.com\/index.php?rest_route=%2Fwp%2Fv2%2Fproduct_brand&post=78111"},{"taxonomy":"product_cat","embeddable":true,"href":"https:\/\/www.deporteseli.com\/index.php?rest_route=%2Fwp%2Fv2%2Fproduct_cat&post=78111"},{"taxonomy":"product_tag","embeddable":true,"href":"https:\/\/www.deporteseli.com\/index.php?rest_route=%2Fwp%2Fv2%2Fproduct_tag&post=78111"}],"curies":[{"name":"wp","href":"https:\/\/api.w.org\/{rel}","templated":true}]}}