{"id":77986,"date":"2026-05-12T11:31:45","date_gmt":"2026-05-12T11:31:45","guid":{"rendered":"https:\/\/www.deporteseli.com\/?product=mochila-bullpadel-bpm26008-ionic-negro"},"modified":"2026-05-12T11:31:47","modified_gmt":"2026-05-12T11:31:47","slug":"mochila-bullpadel-bpm26008-ionic-negro","status":"publish","type":"product","link":"https:\/\/www.deporteseli.com\/?product=mochila-bullpadel-bpm26008-ionic-negro","title":{"rendered":"MOCHILA BULLPADEL BPM26008 IONIC NEGRO"},"content":{"rendered":"<p>Mochila IONIC, c\u00f3moda, con capacidad y el estilo de la nueva generaci\u00f3n de jugadores de p\u00e1del.  La mochila  IONIC es el complemento ideal para las palas de esta l\u00ednea, dise\u00f1ada para jugadores j\u00f3venes que buscan una mochila completa, moderna y muy funcional.    Incorpora un compartimento thermo acolchado con espacio para dos palas, y un segundo compartimento acolchado (no t\u00e9rmico) que permite transportar otras dos palas, un port\u00e1til o una tablet. Adem\u00e1s, incluye un amplio compartimento principal para tu ropa y un departamento independiente y ventilado perfecto para guardar calzado o prendas usadas. En la parte frontal dispone de un bolsillo exterior para tus accesorios esenciales. Su sistema de espalda est\u00e1 dise\u00f1ado con piezas de foam ventiladas, ofreciendo m\u00e1ximo confort en cada uso. Para un ajuste m\u00e1s firme, incorpora una correa pectoral, junto con un bolsillo lateral pensado para llevar un bote de bolas.    La mochila IONIC combina capacidad, estilo y comodidad para acompa\u00f1arte en cada entrenamiento y partido.                                                                                                                                                                                                                                                                                                                                                                                                                                                                                                                                                                                                                                                                                                                                                                                                                                                                                                                                                                                                                                        <\/p>\n","protected":false},"excerpt":{"rendered":"<p>MOCHILA BULLPADEL BPM26008 IONIC NEGRO<\/p>\n","protected":false},"featured_media":77988,"template":"","meta":[],"product_brand":[],"product_cat":[355],"product_tag":[21],"class_list":{"0":"post-77986","1":"product","2":"type-product","3":"status-publish","4":"has-post-thumbnail","6":"product_cat-padel_y_tenis_mochilas","7":"product_tag-bull_padel","8":"pa_color-unico","9":"pa_talla-unica","10":"thunk-woo-product-list","11":"opn-qv-enable","12":"open-woo-hover-","13":"open-single-product-tab-horizontal","14":"open-shadow-","15":"open-shadow-hover-","17":"first","18":"instock","19":"sale","20":"shipping-taxable","21":"purchasable","22":"product-type-variable"},"jetpack_sharing_enabled":true,"_links":{"self":[{"href":"https:\/\/www.deporteseli.com\/index.php?rest_route=\/wp\/v2\/product\/77986","targetHints":{"allow":["GET"]}}],"collection":[{"href":"https:\/\/www.deporteseli.com\/index.php?rest_route=\/wp\/v2\/product"}],"about":[{"href":"https:\/\/www.deporteseli.com\/index.php?rest_route=\/wp\/v2\/types\/product"}],"wp:featuredmedia":[{"embeddable":true,"href":"https:\/\/www.deporteseli.com\/index.php?rest_route=\/wp\/v2\/media\/77988"}],"wp:attachment":[{"href":"https:\/\/www.deporteseli.com\/index.php?rest_route=%2Fwp%2Fv2%2Fmedia&parent=77986"}],"wp:term":[{"taxonomy":"product_brand","embeddable":true,"href":"https:\/\/www.deporteseli.com\/index.php?rest_route=%2Fwp%2Fv2%2Fproduct_brand&post=77986"},{"taxonomy":"product_cat","embeddable":true,"href":"https:\/\/www.deporteseli.com\/index.php?rest_route=%2Fwp%2Fv2%2Fproduct_cat&post=77986"},{"taxonomy":"product_tag","embeddable":true,"href":"https:\/\/www.deporteseli.com\/index.php?rest_route=%2Fwp%2Fv2%2Fproduct_tag&post=77986"}],"curies":[{"name":"wp","href":"https:\/\/api.w.org\/{rel}","templated":true}]}}