{"id":77709,"date":"2026-05-07T12:21:38","date_gmt":"2026-05-07T12:21:38","guid":{"rendered":"https:\/\/www.deporteseli.com\/?product=tenis-adidas-js1729"},"modified":"2026-05-07T12:21:42","modified_gmt":"2026-05-07T12:21:42","slug":"tenis-adidas-js1729","status":"publish","type":"product","link":"https:\/\/www.deporteseli.com\/?product=tenis-adidas-js1729","title":{"rendered":"TENIS ADIDAS JS1729"},"content":{"rendered":"<p>Zapatos transpirables con mucha amortiguaci\u00f3n para los pies peque\u00f1os.  Sin detalles superfluos, solo lo esencial: comodidad y ligereza. Las zapatillas adidas Duramo 2.0 para beb\u00e9s cuentan con una suave parte superior de malla que permite que los pies de tu peque\u00f1o respiren. La mediasuela de EVA amortigua cada paso, ya sea corriendo por el parque o explorando el mundo a su propio ritmo. El cierre de velcro facilita ponerlas y quitarlas.                                                                                                                                                                                                                                                                                                                                                                                                                                                                                                                                                                                                                                                                                                                                                                                                                                                                                                                                                                                                                                        <\/p>\n","protected":false},"excerpt":{"rendered":"<p>TENIS ADIDAS JS1729<\/p>\n","protected":false},"featured_media":77714,"template":"","meta":[],"product_brand":[],"product_cat":[390],"product_tag":[18],"class_list":{"0":"post-77709","1":"product","2":"type-product","3":"status-publish","4":"has-post-thumbnail","6":"product_cat-ninas_calzado_running","7":"product_tag-adidas","8":"pa_color-unico","9":"pa_talla-117","10":"pa_talla-121","11":"pa_talla-123","12":"pa_talla-t-20","13":"thunk-woo-product-list","14":"opn-qv-enable","15":"open-woo-hover-","16":"open-single-product-tab-horizontal","17":"open-shadow-","18":"open-shadow-hover-","20":"first","21":"instock","22":"shipping-taxable","23":"purchasable","24":"product-type-variable"},"jetpack_sharing_enabled":true,"_links":{"self":[{"href":"https:\/\/www.deporteseli.com\/index.php?rest_route=\/wp\/v2\/product\/77709","targetHints":{"allow":["GET"]}}],"collection":[{"href":"https:\/\/www.deporteseli.com\/index.php?rest_route=\/wp\/v2\/product"}],"about":[{"href":"https:\/\/www.deporteseli.com\/index.php?rest_route=\/wp\/v2\/types\/product"}],"wp:featuredmedia":[{"embeddable":true,"href":"https:\/\/www.deporteseli.com\/index.php?rest_route=\/wp\/v2\/media\/77714"}],"wp:attachment":[{"href":"https:\/\/www.deporteseli.com\/index.php?rest_route=%2Fwp%2Fv2%2Fmedia&parent=77709"}],"wp:term":[{"taxonomy":"product_brand","embeddable":true,"href":"https:\/\/www.deporteseli.com\/index.php?rest_route=%2Fwp%2Fv2%2Fproduct_brand&post=77709"},{"taxonomy":"product_cat","embeddable":true,"href":"https:\/\/www.deporteseli.com\/index.php?rest_route=%2Fwp%2Fv2%2Fproduct_cat&post=77709"},{"taxonomy":"product_tag","embeddable":true,"href":"https:\/\/www.deporteseli.com\/index.php?rest_route=%2Fwp%2Fv2%2Fproduct_tag&post=77709"}],"curies":[{"name":"wp","href":"https:\/\/api.w.org\/{rel}","templated":true}]}}