{"id":77695,"date":"2026-05-07T12:21:06","date_gmt":"2026-05-07T12:21:06","guid":{"rendered":"https:\/\/www.deporteseli.com\/?product=tenis-adidas-ie3465"},"modified":"2026-05-07T12:22:13","modified_gmt":"2026-05-07T12:22:13","slug":"tenis-adidas-ie3465","status":"publish","type":"product","link":"https:\/\/www.deporteseli.com\/?product=tenis-adidas-ie3465","title":{"rendered":"TENIS ADIDAS IE3465"},"content":{"rendered":"<p>Zapatillas VS Pace 2.0 para ni\u00f1os  Zapatillas resistentes con cordones, fabricadas en parte con materiales reciclados.  Estas zapatillas adidas para ni\u00f1os son ideales para cualquier actividad. Su parte superior ligera y forrada ofrece una sensaci\u00f3n suave al contacto con el pie. La suela de goma antideslizante permite que los ni\u00f1os se muevan con confianza, ya sea persiguiendo la pelota en la cancha cubierta o trepando a los juegos del parque. Fabricada con materiales reciclados, la parte superior contiene al menos un 50 % de material reciclado. Este producto es solo una de nuestras soluciones para ayudar a acabar con los residuos pl\u00e1sticos.  Ajuste regular  Cierre de encaje  Parte superior sint\u00e9tica suave  Forro textil  Suela exterior de goma que no deja marcas  Upper contiene un m\u00ednimo del 50% de material reciclado.  C\u00f3digo de producto: IE3465                                                                                                                                                                                                                                                                                                                                                                                                                                                                                                                                                                                                                                                                                                                                                                                                                                                                                                                                                                                                                                        <\/p>\n","protected":false},"excerpt":{"rendered":"<p>TENIS ADIDAS IE3465<\/p>\n","protected":false},"featured_media":77725,"template":"","meta":[],"product_brand":[],"product_cat":[310],"product_tag":[18],"class_list":{"0":"post-77695","1":"product","2":"type-product","3":"status-publish","4":"has-post-thumbnail","6":"product_cat-nino_calzado_casual","7":"product_tag-adidas","8":"pa_color-unico","9":"pa_talla-141","10":"pa_talla-36-5","11":"pa_talla-37-5","12":"pa_talla-145","13":"pa_talla-38-5","14":"pa_talla-39-5","15":"pa_talla-149","16":"thunk-woo-product-list","17":"opn-qv-enable","18":"open-woo-hover-","19":"open-single-product-tab-horizontal","20":"open-shadow-","21":"open-shadow-hover-","23":"first","24":"instock","25":"shipping-taxable","26":"purchasable","27":"product-type-variable"},"jetpack_sharing_enabled":true,"_links":{"self":[{"href":"https:\/\/www.deporteseli.com\/index.php?rest_route=\/wp\/v2\/product\/77695","targetHints":{"allow":["GET"]}}],"collection":[{"href":"https:\/\/www.deporteseli.com\/index.php?rest_route=\/wp\/v2\/product"}],"about":[{"href":"https:\/\/www.deporteseli.com\/index.php?rest_route=\/wp\/v2\/types\/product"}],"wp:featuredmedia":[{"embeddable":true,"href":"https:\/\/www.deporteseli.com\/index.php?rest_route=\/wp\/v2\/media\/77725"}],"wp:attachment":[{"href":"https:\/\/www.deporteseli.com\/index.php?rest_route=%2Fwp%2Fv2%2Fmedia&parent=77695"}],"wp:term":[{"taxonomy":"product_brand","embeddable":true,"href":"https:\/\/www.deporteseli.com\/index.php?rest_route=%2Fwp%2Fv2%2Fproduct_brand&post=77695"},{"taxonomy":"product_cat","embeddable":true,"href":"https:\/\/www.deporteseli.com\/index.php?rest_route=%2Fwp%2Fv2%2Fproduct_cat&post=77695"},{"taxonomy":"product_tag","embeddable":true,"href":"https:\/\/www.deporteseli.com\/index.php?rest_route=%2Fwp%2Fv2%2Fproduct_tag&post=77695"}],"curies":[{"name":"wp","href":"https:\/\/api.w.org\/{rel}","templated":true}]}}