{"id":77592,"date":"2026-05-06T10:25:24","date_gmt":"2026-05-06T10:25:24","guid":{"rendered":"https:\/\/www.deporteseli.com\/?product=tenis-wilson-wrs338760u"},"modified":"2026-05-06T10:25:32","modified_gmt":"2026-05-06T10:25:32","slug":"tenis-wilson-wrs338760u","status":"publish","type":"product","link":"https:\/\/www.deporteseli.com\/?product=tenis-wilson-wrs338760u","title":{"rendered":"TENIS WILSON WRS338760U"},"content":{"rendered":"<p>Tus zapatillas Rush favoritas, personalizadas para p\u00e1del, evolucionadas para acelerar tu juego de alta intensidad con agilidad, velocidad explosiva y mayor retorno de energ\u00eda. Adem\u00e1s, ofrecen una comodidad superior gracias a su amortiguaci\u00f3n mejorada y una durabilidad inigualable.    AJUSTE  Cortes r\u00e1pidos. Control reactivo. Confianza asegurada.  Corta, recup\u00e9rate y cambia de direcci\u00f3n con agilidad reactiva y confianza firme.  El confiable soporte del mediopi\u00e9 EndoFit trabaja con un chasis de estabilidad TPU para un ajuste seguro con  un control lateral excepcional. Asegurando un control flexible y reactivo, de l\u00ednea a l\u00ednea, de pista a pista.    SENSACI\u00d3N  Rebote r\u00e1pido. Comodidad para todo partido.  La mediasuela de doble densidad ofrece rebotes r\u00e1pidos, mientras que una plantilla premium supercomprimida  amortigua el movimiento de tus pies con comodidad duradera cuando la intensidad aumenta.  La construcci\u00f3n Drop-in asegura tu pie en un ajuste conectado como un guante. La parte superior de malla s\u00e1ndwich de ingenier\u00eda ligera  mantiene el flujo de aire y la comodidad alta, juego tras juego tras juego.    FUNCI\u00d3N  Dise\u00f1ada para las exigencias de pivote del p\u00e1del, la suela exterior de caucho Duralast de alta abrasi\u00f3n ofrece una tracci\u00f3n de pista inigualable.  Una placa de velocidad TPU impulsa transiciones r\u00e1pidas, mientras que la tecnolog\u00eda Ceramic 5D ofrece durabilidad ligera y refuerzo durante deslizamientos y paradas explosivas.      Color: Gris\/Amanecer    Chasis de estabilidad de TPU en el tal\u00f3n y la parte media del pie  Garantiza un excelente control lateral.    Soporte para el mediopi\u00e9 Endofit  La confecci\u00f3n integral tipo calcet\u00edn interior ofrece mayor comodidad, estabilidad y un ajuste intuitivo. El soporte integrado en el mediopi\u00e9 proporciona una estabilidad lateral y un control superiores.    Cer\u00e1mica 5D  Una capa superpuesta con infusi\u00f3n de cer\u00e1mica envuelve toda la zapatilla, proporcionando un control mejorado y una durabilidad m\u00e1xima para deslizamientos y paradas r\u00e1pidas, con la misma protecci\u00f3n que la goma pero en una construcci\u00f3n mucho m\u00e1s ligera.    Malla de doble capa  Mejora la transpirabilidad y la comodidad  favorece la circulaci\u00f3n del aire y proporciona sujeci\u00f3n donde m\u00e1s se necesita.    Placa de velocidad TPU  Permite transiciones ultrarr\u00e1pidas a la vez que proporciona un soporte mejorado y una propulsi\u00f3n explosiva hacia adelante.    Plantilla de alto rendimiento de f\u00e1cil inserci\u00f3n  Plantilla de EVA moldeada supercr\u00edtica    R-DST   La espuma de la entresuela ofrece la mejor combinaci\u00f3n de amortiguaci\u00f3n y rebote para un rendimiento din\u00e1mico.    Duralast de alta resistencia a la abrasi\u00f3n  El compuesto de caucho de alta densidad y extraordinaria durabilidad proporciona resistencia a la abrasi\u00f3n y m\u00e1xima tracci\u00f3n en todas las superficies.    EVA de alto rebote  La amortiguaci\u00f3n m\u00e1s suave en la parte delantera del pie proporciona una transferencia de peso \u00f3ptima, generando una aceleraci\u00f3n explosiva.                                                                                                                                                                                                                                                                                                                                                                                                                                                                                                                                                                                                                                                                                                                                                                                                                                                                                                                                                                                                                                        <\/p>\n","protected":false},"excerpt":{"rendered":"<p>TENIS WILSON WRS338760U<\/p>\n","protected":false},"featured_media":77601,"template":"","meta":[],"product_brand":[],"product_cat":[371],"product_tag":[57],"class_list":{"0":"post-77592","1":"product","2":"type-product","3":"status-publish","4":"has-post-thumbnail","6":"product_cat-padel_y_tenis_calzado","7":"product_tag-wilson","8":"pa_color-unico","9":"pa_talla-41-5","10":"pa_talla-153","11":"pa_talla-42-5","12":"pa_talla-43-5","13":"pa_talla-157","14":"pa_talla-44-5","15":"pa_talla-45-5","16":"pa_talla-161","17":"thunk-woo-product-list","18":"opn-qv-enable","19":"open-woo-hover-","20":"open-single-product-tab-horizontal","21":"open-shadow-","22":"open-shadow-hover-","24":"first","25":"instock","26":"shipping-taxable","27":"purchasable","28":"product-type-variable"},"jetpack_sharing_enabled":true,"_links":{"self":[{"href":"https:\/\/www.deporteseli.com\/index.php?rest_route=\/wp\/v2\/product\/77592","targetHints":{"allow":["GET"]}}],"collection":[{"href":"https:\/\/www.deporteseli.com\/index.php?rest_route=\/wp\/v2\/product"}],"about":[{"href":"https:\/\/www.deporteseli.com\/index.php?rest_route=\/wp\/v2\/types\/product"}],"wp:featuredmedia":[{"embeddable":true,"href":"https:\/\/www.deporteseli.com\/index.php?rest_route=\/wp\/v2\/media\/77601"}],"wp:attachment":[{"href":"https:\/\/www.deporteseli.com\/index.php?rest_route=%2Fwp%2Fv2%2Fmedia&parent=77592"}],"wp:term":[{"taxonomy":"product_brand","embeddable":true,"href":"https:\/\/www.deporteseli.com\/index.php?rest_route=%2Fwp%2Fv2%2Fproduct_brand&post=77592"},{"taxonomy":"product_cat","embeddable":true,"href":"https:\/\/www.deporteseli.com\/index.php?rest_route=%2Fwp%2Fv2%2Fproduct_cat&post=77592"},{"taxonomy":"product_tag","embeddable":true,"href":"https:\/\/www.deporteseli.com\/index.php?rest_route=%2Fwp%2Fv2%2Fproduct_tag&post=77592"}],"curies":[{"name":"wp","href":"https:\/\/api.w.org\/{rel}","templated":true}]}}