{"id":77256,"date":"2026-04-30T11:50:18","date_gmt":"2026-04-30T11:50:18","guid":{"rendered":"https:\/\/www.deporteseli.com\/?product=tenis-adidas-gy2326"},"modified":"2026-04-30T15:39:21","modified_gmt":"2026-04-30T15:39:21","slug":"tenis-adidas-gy2326","status":"publish","type":"product","link":"https:\/\/www.deporteseli.com\/?product=tenis-adidas-gy2326","title":{"rendered":"TENIS ADIDAS GY2326"},"content":{"rendered":"<p>adidas ha hecho sus deberes y adaptado su cl\u00e1sica Grand Court para los peques. Esta zapatilla adidas presenta una parte superior de piel sint\u00e9tica suave y resistente a prueba de todos sus juegos y una suela de goma flexible que protege los pies que a\u00fan est\u00e1n creciendo.                                                                                                                                                                                                                                                                                                                                                                                                                                                                                                                                                                                                                                                                                                                                                                                                                                                                                                                                                                                                                                        <\/p>\n","protected":false},"excerpt":{"rendered":"<p>TENIS ADIDAS GY2326<\/p>\n","protected":false},"featured_media":77262,"template":"","meta":[],"product_brand":[],"product_cat":[287],"product_tag":[18],"class_list":{"0":"post-77256","1":"product","2":"type-product","3":"status-publish","4":"has-post-thumbnail","6":"product_cat-mujer_calzado_casual","7":"product_tag-adidas","8":"pa_color-unico","9":"pa_talla-141","10":"pa_talla-36-5","11":"pa_talla-37-5","12":"pa_talla-145","13":"pa_talla-38-5","14":"thunk-woo-product-list","15":"opn-qv-enable","16":"open-woo-hover-","17":"open-single-product-tab-horizontal","18":"open-shadow-","19":"open-shadow-hover-","21":"first","22":"instock","23":"shipping-taxable","24":"purchasable","25":"product-type-variable"},"jetpack_sharing_enabled":true,"_links":{"self":[{"href":"https:\/\/www.deporteseli.com\/index.php?rest_route=\/wp\/v2\/product\/77256","targetHints":{"allow":["GET"]}}],"collection":[{"href":"https:\/\/www.deporteseli.com\/index.php?rest_route=\/wp\/v2\/product"}],"about":[{"href":"https:\/\/www.deporteseli.com\/index.php?rest_route=\/wp\/v2\/types\/product"}],"wp:featuredmedia":[{"embeddable":true,"href":"https:\/\/www.deporteseli.com\/index.php?rest_route=\/wp\/v2\/media\/77262"}],"wp:attachment":[{"href":"https:\/\/www.deporteseli.com\/index.php?rest_route=%2Fwp%2Fv2%2Fmedia&parent=77256"}],"wp:term":[{"taxonomy":"product_brand","embeddable":true,"href":"https:\/\/www.deporteseli.com\/index.php?rest_route=%2Fwp%2Fv2%2Fproduct_brand&post=77256"},{"taxonomy":"product_cat","embeddable":true,"href":"https:\/\/www.deporteseli.com\/index.php?rest_route=%2Fwp%2Fv2%2Fproduct_cat&post=77256"},{"taxonomy":"product_tag","embeddable":true,"href":"https:\/\/www.deporteseli.com\/index.php?rest_route=%2Fwp%2Fv2%2Fproduct_tag&post=77256"}],"curies":[{"name":"wp","href":"https:\/\/api.w.org\/{rel}","templated":true}]}}