{"id":77221,"date":"2026-04-30T11:48:33","date_gmt":"2026-04-30T11:48:33","guid":{"rendered":"https:\/\/www.deporteseli.com\/?product=tenis-adidas-ih3597"},"modified":"2026-04-30T11:48:41","modified_gmt":"2026-04-30T11:48:41","slug":"tenis-adidas-ih3597","status":"publish","type":"product","link":"https:\/\/www.deporteseli.com\/?product=tenis-adidas-ih3597","title":{"rendered":"TENIS ADIDAS IH3597"},"content":{"rendered":"<p>Confort y ligereza para sus pies  Tu peque nunca para de moverse, por eso necesita un calzado que pueda seguirle el ritmo. Esta zapatilla de running adidas se ha dise\u00f1ado para que corra sin descanso. La mediasuela ligera proporciona amortiguaci\u00f3n a cada paso, mientras que el cierre autoadherente le permite calzarse y descalzarse f\u00e1cilmente. El empeine de malla transpirable mantiene sus pies frescos y c\u00f3modos durante todo el d\u00eda.  Horma cl\u00e1sica  Cordones el\u00e1sticos y correa autoadherente  Empeine de malla acolchada  Amortiguaci\u00f3n LIGHTMOTION  Suela de goma  Color del art\u00edculo: Core Black \/ Cloud White \/ Grey  N\u00famero de art\u00edculo: IH3597                                                                                                                                                                                                                                                                                                                                                                                                                                                                                                                                                                                                                                                                                                                                                                                                                                                                                                                                                                                                                                        <\/p>\n","protected":false},"excerpt":{"rendered":"<p>TENIS ADIDAS IH3597<\/p>\n","protected":false},"featured_media":77229,"template":"","meta":[],"product_brand":[],"product_cat":[390],"product_tag":[18],"class_list":{"0":"post-77221","1":"product","2":"type-product","3":"status-publish","4":"has-post-thumbnail","6":"product_cat-ninas_calzado_running","7":"product_tag-adidas","8":"pa_color-unico","9":"pa_talla-127","10":"pa_talla-129","11":"pa_talla-131","12":"pa_talla-133","13":"pa_talla-135","14":"pa_talla-137","15":"pa_talla-139","16":"thunk-woo-product-list","17":"opn-qv-enable","18":"open-woo-hover-","19":"open-single-product-tab-horizontal","20":"open-shadow-","21":"open-shadow-hover-","23":"first","24":"instock","25":"shipping-taxable","26":"purchasable","27":"product-type-variable"},"jetpack_sharing_enabled":true,"_links":{"self":[{"href":"https:\/\/www.deporteseli.com\/index.php?rest_route=\/wp\/v2\/product\/77221","targetHints":{"allow":["GET"]}}],"collection":[{"href":"https:\/\/www.deporteseli.com\/index.php?rest_route=\/wp\/v2\/product"}],"about":[{"href":"https:\/\/www.deporteseli.com\/index.php?rest_route=\/wp\/v2\/types\/product"}],"wp:featuredmedia":[{"embeddable":true,"href":"https:\/\/www.deporteseli.com\/index.php?rest_route=\/wp\/v2\/media\/77229"}],"wp:attachment":[{"href":"https:\/\/www.deporteseli.com\/index.php?rest_route=%2Fwp%2Fv2%2Fmedia&parent=77221"}],"wp:term":[{"taxonomy":"product_brand","embeddable":true,"href":"https:\/\/www.deporteseli.com\/index.php?rest_route=%2Fwp%2Fv2%2Fproduct_brand&post=77221"},{"taxonomy":"product_cat","embeddable":true,"href":"https:\/\/www.deporteseli.com\/index.php?rest_route=%2Fwp%2Fv2%2Fproduct_cat&post=77221"},{"taxonomy":"product_tag","embeddable":true,"href":"https:\/\/www.deporteseli.com\/index.php?rest_route=%2Fwp%2Fv2%2Fproduct_tag&post=77221"}],"curies":[{"name":"wp","href":"https:\/\/api.w.org\/{rel}","templated":true}]}}