{"id":77098,"date":"2026-04-29T17:45:00","date_gmt":"2026-04-29T17:45:00","guid":{"rendered":"https:\/\/www.deporteseli.com\/?product=juego-tapones-oido-silicona-silfix"},"modified":"2026-04-29T17:45:11","modified_gmt":"2026-04-29T17:45:11","slug":"juego-tapones-oido-silicona-silfix","status":"publish","type":"product","link":"https:\/\/www.deporteseli.com\/?product=juego-tapones-oido-silicona-silfix","title":{"rendered":"JUEGO TAPONES O\u00edDO SILICONA SILFIX"},"content":{"rendered":"<p>Juego de dos tapones fijos con 3 anillas indicados para proporcionar protecci\u00f3n para los o\u00eddos a la hora de nadar y evitar as\u00ed que el agua entre en los o\u00eddos. Fabricados en silicona suave y duradera permiten un uso c\u00f3modo y seguro. Incluye packaging para almacenaje y guardado. Largo: 3cm. Parte ancha: 1,5cm.                                                                                                                                                                                                                                                                                                                                                                                                                                                                                                                                                                                                                                                                                                                                                                                                                                                                                                                                                                                                                                        <\/p>\n","protected":false},"excerpt":{"rendered":"<p>JUEGO TAPONES O\u00edDO SILICONA SILFIX<\/p>\n","protected":false},"featured_media":77105,"template":"","meta":[],"product_brand":[],"product_cat":[335],"product_tag":[49],"class_list":{"0":"post-77098","1":"product","2":"type-product","3":"status-publish","4":"has-post-thumbnail","6":"product_cat-deportes_piscina_tapones","7":"product_tag-softee","8":"pa_color-amarillo","9":"pa_color-fucsia","10":"pa_color-marino","11":"pa_color-naranja","12":"pa_color-negro","13":"pa_color-verde","14":"pa_talla-unica","15":"thunk-woo-product-list","16":"opn-qv-enable","17":"open-woo-hover-","18":"open-single-product-tab-horizontal","19":"open-shadow-","20":"open-shadow-hover-","22":"first","23":"instock","24":"shipping-taxable","25":"purchasable","26":"product-type-variable"},"jetpack_sharing_enabled":true,"_links":{"self":[{"href":"https:\/\/www.deporteseli.com\/index.php?rest_route=\/wp\/v2\/product\/77098","targetHints":{"allow":["GET"]}}],"collection":[{"href":"https:\/\/www.deporteseli.com\/index.php?rest_route=\/wp\/v2\/product"}],"about":[{"href":"https:\/\/www.deporteseli.com\/index.php?rest_route=\/wp\/v2\/types\/product"}],"wp:featuredmedia":[{"embeddable":true,"href":"https:\/\/www.deporteseli.com\/index.php?rest_route=\/wp\/v2\/media\/77105"}],"wp:attachment":[{"href":"https:\/\/www.deporteseli.com\/index.php?rest_route=%2Fwp%2Fv2%2Fmedia&parent=77098"}],"wp:term":[{"taxonomy":"product_brand","embeddable":true,"href":"https:\/\/www.deporteseli.com\/index.php?rest_route=%2Fwp%2Fv2%2Fproduct_brand&post=77098"},{"taxonomy":"product_cat","embeddable":true,"href":"https:\/\/www.deporteseli.com\/index.php?rest_route=%2Fwp%2Fv2%2Fproduct_cat&post=77098"},{"taxonomy":"product_tag","embeddable":true,"href":"https:\/\/www.deporteseli.com\/index.php?rest_route=%2Fwp%2Fv2%2Fproduct_tag&post=77098"}],"curies":[{"name":"wp","href":"https:\/\/api.w.org\/{rel}","templated":true}]}}