{"id":77091,"date":"2026-04-29T17:44:22","date_gmt":"2026-04-29T17:44:22","guid":{"rendered":"https:\/\/www.deporteseli.com\/?product=gorro-natacion-licra-squba"},"modified":"2026-04-29T17:44:27","modified_gmt":"2026-04-29T17:44:27","slug":"gorro-natacion-licra-squba","status":"publish","type":"product","link":"https:\/\/www.deporteseli.com\/?product=gorro-natacion-licra-squba","title":{"rendered":"GORRO NATACI\u00f3N LICRA SQUBA"},"content":{"rendered":"<p>Gorro de nataci\u00f3n de alta calidad fabricado con tejido suave para ofrecer a su usuario una m\u00e1xima calidad y una perfecta sujeci\u00f3n. Secado r\u00e1pido. Apto para nataci\u00f3n continua. Medida: 24x16cm.                                                                                                                                                                                                                                                                                                                                                                                                                                                                                                                                                                                                                                                                                                                                                                                                                                                                                                                                                                                                                                        <\/p>\n","protected":false},"excerpt":{"rendered":"<p>GORRO NATACI\u00f3N LICRA SQUBA<\/p>\n","protected":false},"featured_media":77095,"template":"","meta":[],"product_brand":[],"product_cat":[333],"product_tag":[49],"class_list":{"0":"post-77091","1":"product","2":"type-product","3":"status-publish","4":"has-post-thumbnail","6":"product_cat-deportes_piscina_gorros_licra","7":"product_tag-softee","8":"pa_color-marino","9":"pa_color-negro","10":"pa_color-royal","11":"pa_talla-unica","12":"thunk-woo-product-list","13":"opn-qv-enable","14":"open-woo-hover-","15":"open-single-product-tab-horizontal","16":"open-shadow-","17":"open-shadow-hover-","19":"first","20":"instock","21":"shipping-taxable","22":"purchasable","23":"product-type-variable"},"jetpack_sharing_enabled":true,"_links":{"self":[{"href":"https:\/\/www.deporteseli.com\/index.php?rest_route=\/wp\/v2\/product\/77091","targetHints":{"allow":["GET"]}}],"collection":[{"href":"https:\/\/www.deporteseli.com\/index.php?rest_route=\/wp\/v2\/product"}],"about":[{"href":"https:\/\/www.deporteseli.com\/index.php?rest_route=\/wp\/v2\/types\/product"}],"wp:featuredmedia":[{"embeddable":true,"href":"https:\/\/www.deporteseli.com\/index.php?rest_route=\/wp\/v2\/media\/77095"}],"wp:attachment":[{"href":"https:\/\/www.deporteseli.com\/index.php?rest_route=%2Fwp%2Fv2%2Fmedia&parent=77091"}],"wp:term":[{"taxonomy":"product_brand","embeddable":true,"href":"https:\/\/www.deporteseli.com\/index.php?rest_route=%2Fwp%2Fv2%2Fproduct_brand&post=77091"},{"taxonomy":"product_cat","embeddable":true,"href":"https:\/\/www.deporteseli.com\/index.php?rest_route=%2Fwp%2Fv2%2Fproduct_cat&post=77091"},{"taxonomy":"product_tag","embeddable":true,"href":"https:\/\/www.deporteseli.com\/index.php?rest_route=%2Fwp%2Fv2%2Fproduct_tag&post=77091"}],"curies":[{"name":"wp","href":"https:\/\/api.w.org\/{rel}","templated":true}]}}