{"id":77061,"date":"2026-04-29T17:41:53","date_gmt":"2026-04-29T17:41:53","guid":{"rendered":"https:\/\/www.deporteseli.com\/?product=pala-pickleball-adidas-rx20-orange"},"modified":"2026-04-29T17:41:55","modified_gmt":"2026-04-29T17:41:55","slug":"pala-pickleball-adidas-rx20-orange","status":"publish","type":"product","link":"https:\/\/www.deporteseli.com\/?product=pala-pickleball-adidas-rx20-orange","title":{"rendered":"PALA PICKLEBALL ADIDAS RX20 ORANGE"},"content":{"rendered":"<p>La nueva RX20 es una pala dise\u00f1ada para aportar comodidad a tu juego desde el primer momento gracias a su composici\u00f3n en FIBRA DE VIDRIO y su REFUERZO DE CARBONO. La tecnolog\u00eda SPIN BLADE te har\u00e1 aportar el efecto que har\u00e1 brillar tu juego.        TECNOLOG\u00cdAS    &#8211; Power: Los materiales utilizados proporcionan una potencia \u00f3ptima.    &#8211; Comfort: Su formato, su n\u00facleo de Low Density Polypropylene Honey Comb y su composici\u00f3n superficial de Fiber Glass proporcionan un excelente confort.    &#8211; Structural Reinforcement: Refuerzo de carbono perimetral integrado desde la parte inferior del mango hasta los laterales de la pala.    Esto crea una rigidez torsional y durabilidad, proporcionando una superficie s\u00f3lida y estable.    &#8211; Spin Blade Grit: Una superficie con rugosidad que te permite generar efectos en cada golpe, brind\u00e1ndote un juego vers\u00e1til y una mayor capacidad para controlar la bola.        MATERIALES Y CARACTER\u00cdSTICAS T\u00c9CNICAS:    &#8211; Fibra: Fibra de vidrio.    &#8211; Core: LD PolypropyleneHoneycomb    &#8211; Marco: Carbon Reinforcement    &#8211; Nivel: Intermedio    &#8211; Forma: CTRL    &#8211; Punto dulce: Medio    &#8211; Grosor: 14.28mm                                                                                                                                                                                                                                                                                                                                                                                                                                                                                                                                                                                                                                                                                                                                                                                                                                                                                                                                                                                                                                        <\/p>\n","protected":false},"excerpt":{"rendered":"<p>PALA PICKLEBALL ADIDAS RX20 ORANGE<\/p>\n","protected":false},"featured_media":77063,"template":"","meta":[],"product_brand":[],"product_cat":[433],"product_tag":[18],"class_list":{"0":"post-77061","1":"product","2":"type-product","3":"status-publish","4":"has-post-thumbnail","6":"product_cat-pickleball_palas","7":"product_tag-adidas","8":"pa_color-unico","9":"pa_talla-unica","10":"thunk-woo-product-list","11":"opn-qv-enable","12":"open-woo-hover-","13":"open-single-product-tab-horizontal","14":"open-shadow-","15":"open-shadow-hover-","17":"first","18":"instock","19":"sale","20":"shipping-taxable","21":"purchasable","22":"product-type-variable"},"jetpack_sharing_enabled":true,"_links":{"self":[{"href":"https:\/\/www.deporteseli.com\/index.php?rest_route=\/wp\/v2\/product\/77061","targetHints":{"allow":["GET"]}}],"collection":[{"href":"https:\/\/www.deporteseli.com\/index.php?rest_route=\/wp\/v2\/product"}],"about":[{"href":"https:\/\/www.deporteseli.com\/index.php?rest_route=\/wp\/v2\/types\/product"}],"wp:featuredmedia":[{"embeddable":true,"href":"https:\/\/www.deporteseli.com\/index.php?rest_route=\/wp\/v2\/media\/77063"}],"wp:attachment":[{"href":"https:\/\/www.deporteseli.com\/index.php?rest_route=%2Fwp%2Fv2%2Fmedia&parent=77061"}],"wp:term":[{"taxonomy":"product_brand","embeddable":true,"href":"https:\/\/www.deporteseli.com\/index.php?rest_route=%2Fwp%2Fv2%2Fproduct_brand&post=77061"},{"taxonomy":"product_cat","embeddable":true,"href":"https:\/\/www.deporteseli.com\/index.php?rest_route=%2Fwp%2Fv2%2Fproduct_cat&post=77061"},{"taxonomy":"product_tag","embeddable":true,"href":"https:\/\/www.deporteseli.com\/index.php?rest_route=%2Fwp%2Fv2%2Fproduct_tag&post=77061"}],"curies":[{"name":"wp","href":"https:\/\/api.w.org\/{rel}","templated":true}]}}