{"id":77057,"date":"2026-04-29T17:41:33","date_gmt":"2026-04-29T17:41:33","guid":{"rendered":"https:\/\/www.deporteseli.com\/?product=protector-de-pala-de-padel-realcy-pro"},"modified":"2026-04-29T17:41:36","modified_gmt":"2026-04-29T17:41:36","slug":"protector-de-pala-de-padel-realcy-pro","status":"publish","type":"product","link":"https:\/\/www.deporteseli.com\/?product=protector-de-pala-de-padel-realcy-pro","title":{"rendered":"PROTECTOR DE PALA DE P\u00e1DEL REALCY PRO"},"content":{"rendered":"<p>  El protector de palas Realcy Pro es un accesorio importante para quienes practican deportes como p\u00e1del y tenis. Un producto innovador y de alta calidad con tecnolog\u00eda termorretr\u00e1ctil que garantiza una protecci\u00f3n eficaz sin perder la sensaci\u00f3n de ligereza.    Sirve para proteger el borde de la pala contra impactos, desgaste y da\u00f1os que pueden producirse durante su uso. Adem\u00e1s, el protector puede ayudar a prolongar la vida \u00fatil de la pala. Medida del protector: 45x5cm.        El packaging est\u00e1 fabricado con material 100% reciclable que refleja el compromiso con la sostenibilidad, con un dise\u00f1o sofisticado y de alta calidad. Un embalaje moderno y que transmite toda la esencia de la marca: innovaci\u00f3n con responsabilidad. Medidas del packaging: 6x4x4cm.                                                                                                                                                                                                                                                                                                                                                                                                                                                                                                                                                                                                                                                                                                                                                                                                                                                                                                                                                                                                                                        <\/p>\n","protected":false},"excerpt":{"rendered":"<p>PROTECTOR DE PALA DE P\u00e1DEL REALCY PRO<\/p>\n","protected":false},"featured_media":77060,"template":"","meta":[],"product_brand":[],"product_cat":[359],"product_tag":[49],"class_list":{"0":"post-77057","1":"product","2":"type-product","3":"status-publish","4":"has-post-thumbnail","6":"product_cat-padel_y_tenis_protectores","7":"product_tag-softee","8":"pa_color-negro","9":"pa_color-unico","10":"pa_talla-unica","11":"thunk-woo-product-list","12":"opn-qv-enable","13":"open-woo-hover-","14":"open-single-product-tab-horizontal","15":"open-shadow-","16":"open-shadow-hover-","18":"first","19":"instock","20":"shipping-taxable","21":"purchasable","22":"product-type-variable"},"jetpack_sharing_enabled":true,"_links":{"self":[{"href":"https:\/\/www.deporteseli.com\/index.php?rest_route=\/wp\/v2\/product\/77057","targetHints":{"allow":["GET"]}}],"collection":[{"href":"https:\/\/www.deporteseli.com\/index.php?rest_route=\/wp\/v2\/product"}],"about":[{"href":"https:\/\/www.deporteseli.com\/index.php?rest_route=\/wp\/v2\/types\/product"}],"wp:featuredmedia":[{"embeddable":true,"href":"https:\/\/www.deporteseli.com\/index.php?rest_route=\/wp\/v2\/media\/77060"}],"wp:attachment":[{"href":"https:\/\/www.deporteseli.com\/index.php?rest_route=%2Fwp%2Fv2%2Fmedia&parent=77057"}],"wp:term":[{"taxonomy":"product_brand","embeddable":true,"href":"https:\/\/www.deporteseli.com\/index.php?rest_route=%2Fwp%2Fv2%2Fproduct_brand&post=77057"},{"taxonomy":"product_cat","embeddable":true,"href":"https:\/\/www.deporteseli.com\/index.php?rest_route=%2Fwp%2Fv2%2Fproduct_cat&post=77057"},{"taxonomy":"product_tag","embeddable":true,"href":"https:\/\/www.deporteseli.com\/index.php?rest_route=%2Fwp%2Fv2%2Fproduct_tag&post=77057"}],"curies":[{"name":"wp","href":"https:\/\/api.w.org\/{rel}","templated":true}]}}