{"id":77049,"date":"2026-04-29T17:40:43","date_gmt":"2026-04-29T17:40:43","guid":{"rendered":"https:\/\/www.deporteseli.com\/?product=pesos-shockout-006476"},"modified":"2026-04-29T17:40:45","modified_gmt":"2026-04-29T17:40:45","slug":"pesos-shockout-006476","status":"publish","type":"product","link":"https:\/\/www.deporteseli.com\/?product=pesos-shockout-006476","title":{"rendered":"PESOS SHOCKOUT 006476"},"content":{"rendered":"<p>Bl\u00edster con 3 pesos de 3 gramos cada uno para ajustar el equilibro de tu pala o raqueta. Estos pesos son tiras de plomo que se adhieren a la pala y te permiten cambiar el balance de la misma en segundos.    Estos pesos son perfectos para que la pala pese un poquito m\u00e1s y conseguir el efecto deseado en las salidas de bola.    V\u00e1lido para tenis, p\u00e1del, pickleball, beach tenis&#8230;                                                                                                                                                                                                                                                                                                                                                                                                                                                                                                                                                                                                                                                                                                                                                                                                                                                                                                                                                                                                                                        <\/p>\n","protected":false},"excerpt":{"rendered":"<p>PESOS SHOCKOUT 006476<\/p>\n","protected":false},"featured_media":77051,"template":"","meta":[],"product_brand":[],"product_cat":[359],"product_tag":[49],"class_list":{"0":"post-77049","1":"product","2":"type-product","3":"status-publish","4":"has-post-thumbnail","6":"product_cat-padel_y_tenis_protectores","7":"product_tag-softee","8":"pa_color-unico","9":"pa_talla-unica","10":"thunk-woo-product-list","11":"opn-qv-enable","12":"open-woo-hover-","13":"open-single-product-tab-horizontal","14":"open-shadow-","15":"open-shadow-hover-","17":"first","18":"instock","19":"shipping-taxable","20":"purchasable","21":"product-type-variable"},"jetpack_sharing_enabled":true,"_links":{"self":[{"href":"https:\/\/www.deporteseli.com\/index.php?rest_route=\/wp\/v2\/product\/77049","targetHints":{"allow":["GET"]}}],"collection":[{"href":"https:\/\/www.deporteseli.com\/index.php?rest_route=\/wp\/v2\/product"}],"about":[{"href":"https:\/\/www.deporteseli.com\/index.php?rest_route=\/wp\/v2\/types\/product"}],"wp:featuredmedia":[{"embeddable":true,"href":"https:\/\/www.deporteseli.com\/index.php?rest_route=\/wp\/v2\/media\/77051"}],"wp:attachment":[{"href":"https:\/\/www.deporteseli.com\/index.php?rest_route=%2Fwp%2Fv2%2Fmedia&parent=77049"}],"wp:term":[{"taxonomy":"product_brand","embeddable":true,"href":"https:\/\/www.deporteseli.com\/index.php?rest_route=%2Fwp%2Fv2%2Fproduct_brand&post=77049"},{"taxonomy":"product_cat","embeddable":true,"href":"https:\/\/www.deporteseli.com\/index.php?rest_route=%2Fwp%2Fv2%2Fproduct_cat&post=77049"},{"taxonomy":"product_tag","embeddable":true,"href":"https:\/\/www.deporteseli.com\/index.php?rest_route=%2Fwp%2Fv2%2Fproduct_tag&post=77049"}],"curies":[{"name":"wp","href":"https:\/\/api.w.org\/{rel}","templated":true}]}}