{"id":77022,"date":"2026-04-29T17:37:51","date_gmt":"2026-04-29T17:37:51","guid":{"rendered":"https:\/\/www.deporteseli.com\/?product=tenis-joma-shock-men-2623-caqui"},"modified":"2026-04-29T17:37:57","modified_gmt":"2026-04-29T17:37:57","slug":"tenis-joma-shock-men-2623-caqui","status":"publish","type":"product","link":"https:\/\/www.deporteseli.com\/?product=tenis-joma-shock-men-2623-caqui","title":{"rendered":"TENIS JOMA SHOCK MEN 2623 CAQUI"},"content":{"rendered":"<p>Descripci\u00f3n  Zapatillas de trail para hombre. Construidas con materiales duraderos y upper transpirable, estas zapatillas est\u00e1n recomendadas para iniciaci\u00f3n en trail. Ofrecen confort, durabilidad y transpirabilidad.    Upper fabricado con mesh t\u00e9cnico y transpirable. La tecnolog\u00eda avanzada VTS mejora la transpirabilidad y el confort, reduciendo la acumulaci\u00f3n de calor dentro de las zapatillas. Asegura que el pie se mantenga fresco y c\u00f3modo durante toda la sesi\u00f3n.    La estructura de semimicrofibra funciona como sistema de ajuste y sujeci\u00f3n. Sirve para proteger los dedos contra los golpes externos y elevar la durabilidad del calzado.    La mediasuela es de phylon, un material ligero y flexible que suaviza los impactos de la pisada.    Suela de caucho DURABILITY con excelente resistencia a la abrasi\u00f3n. Los dibujos especiales otorgan estabilidad y agarre al terreno.  Caracter\u00edsticas  Corte de semimicrofibra con mesh transpirable VTS  Mediasuela de phylon  Suela con resistencia optimizada gracias a la tecnolog\u00eda DURABILITY  Informaci\u00f3n t\u00e9cnica  Drop 8 mm  Ritmo suave: mayor a 5&#8217;30\u00bb por km  Intensidad de uso: diario  Distancia corta: hasta 20 km  Dificultad de terreno: t\u00e9cnico\/medio  Rendimiento: alto premium                                                                                                                                                                                                                                                                                                                                                                                                                                                                                                                                                                                                                                                                                                                                                                                                                                                                                                                                                                                                                                        <\/p>\n","protected":false},"excerpt":{"rendered":"<p>TENIS JOMA SHOCK MEN 2623 CAQUI<\/p>\n","protected":false},"featured_media":77029,"template":"","meta":[],"product_brand":[],"product_cat":[260],"product_tag":[31],"class_list":{"0":"post-77022","1":"product","2":"type-product","3":"status-publish","4":"has-post-thumbnail","6":"product_cat-hombre_calzado_trail","7":"product_tag-joma","8":"pa_color-unico","9":"pa_talla-149","10":"pa_talla-151","11":"pa_talla-153","12":"pa_talla-155","13":"pa_talla-157","14":"pa_talla-159","15":"thunk-woo-product-list","16":"opn-qv-enable","17":"open-woo-hover-","18":"open-single-product-tab-horizontal","19":"open-shadow-","20":"open-shadow-hover-","22":"first","23":"instock","24":"shipping-taxable","25":"purchasable","26":"product-type-variable"},"jetpack_sharing_enabled":true,"_links":{"self":[{"href":"https:\/\/www.deporteseli.com\/index.php?rest_route=\/wp\/v2\/product\/77022","targetHints":{"allow":["GET"]}}],"collection":[{"href":"https:\/\/www.deporteseli.com\/index.php?rest_route=\/wp\/v2\/product"}],"about":[{"href":"https:\/\/www.deporteseli.com\/index.php?rest_route=\/wp\/v2\/types\/product"}],"wp:featuredmedia":[{"embeddable":true,"href":"https:\/\/www.deporteseli.com\/index.php?rest_route=\/wp\/v2\/media\/77029"}],"wp:attachment":[{"href":"https:\/\/www.deporteseli.com\/index.php?rest_route=%2Fwp%2Fv2%2Fmedia&parent=77022"}],"wp:term":[{"taxonomy":"product_brand","embeddable":true,"href":"https:\/\/www.deporteseli.com\/index.php?rest_route=%2Fwp%2Fv2%2Fproduct_brand&post=77022"},{"taxonomy":"product_cat","embeddable":true,"href":"https:\/\/www.deporteseli.com\/index.php?rest_route=%2Fwp%2Fv2%2Fproduct_cat&post=77022"},{"taxonomy":"product_tag","embeddable":true,"href":"https:\/\/www.deporteseli.com\/index.php?rest_route=%2Fwp%2Fv2%2Fproduct_tag&post=77022"}],"curies":[{"name":"wp","href":"https:\/\/api.w.org\/{rel}","templated":true}]}}