{"id":76982,"date":"2026-04-29T17:27:16","date_gmt":"2026-04-29T17:27:16","guid":{"rendered":"https:\/\/www.deporteseli.com\/?product=tenis-joma-neon-men-2612-gris"},"modified":"2026-04-29T17:27:22","modified_gmt":"2026-04-29T17:27:22","slug":"tenis-joma-neon-men-2612-gris","status":"publish","type":"product","link":"https:\/\/www.deporteseli.com\/?product=tenis-joma-neon-men-2612-gris","title":{"rendered":"TENIS JOMA NEON MEN 2612 GRIS"},"content":{"rendered":"<p>La Zapatilla deportiva Joma Neon Running ofrece rendimiento y comodidad para hombre, mujer y ni\u00f1o en color negro. Fabricada en textil de alta calidad, proporciona ligereza y excelente transpirabilidad. Incorpora cordones, talonera acolchada y plantilla con memoria, ideal para un confort prolongado. Su suela de goma con estabilizadores y dise\u00f1o antideslizante garantiza seguridad en cada pisada. Un calzado vers\u00e1til que combina durabilidad, confort y estilo deportivo para el d\u00eda a d\u00eda.                                                                                                                                                                                                                                                                                                                                                                                                                                                                                                                                                                                                                                                                                                                                                                                                                                                                                                                                                                                                                                        <\/p>\n","protected":false},"excerpt":{"rendered":"<p>TENIS JOMA NEON MEN 2612 GRIS<\/p>\n","protected":false},"featured_media":76988,"template":"","meta":[],"product_brand":[],"product_cat":[259],"product_tag":[31],"class_list":{"0":"post-76982","1":"product","2":"type-product","3":"status-publish","4":"has-post-thumbnail","6":"product_cat-hombre_calzado_running","7":"product_tag-joma","8":"pa_color-unico","9":"pa_talla-151","10":"pa_talla-153","11":"pa_talla-155","12":"pa_talla-157","13":"pa_talla-159","14":"thunk-woo-product-list","15":"opn-qv-enable","16":"open-woo-hover-","17":"open-single-product-tab-horizontal","18":"open-shadow-","19":"open-shadow-hover-","21":"first","22":"instock","23":"shipping-taxable","24":"purchasable","25":"product-type-variable"},"jetpack_sharing_enabled":true,"_links":{"self":[{"href":"https:\/\/www.deporteseli.com\/index.php?rest_route=\/wp\/v2\/product\/76982","targetHints":{"allow":["GET"]}}],"collection":[{"href":"https:\/\/www.deporteseli.com\/index.php?rest_route=\/wp\/v2\/product"}],"about":[{"href":"https:\/\/www.deporteseli.com\/index.php?rest_route=\/wp\/v2\/types\/product"}],"wp:featuredmedia":[{"embeddable":true,"href":"https:\/\/www.deporteseli.com\/index.php?rest_route=\/wp\/v2\/media\/76988"}],"wp:attachment":[{"href":"https:\/\/www.deporteseli.com\/index.php?rest_route=%2Fwp%2Fv2%2Fmedia&parent=76982"}],"wp:term":[{"taxonomy":"product_brand","embeddable":true,"href":"https:\/\/www.deporteseli.com\/index.php?rest_route=%2Fwp%2Fv2%2Fproduct_brand&post=76982"},{"taxonomy":"product_cat","embeddable":true,"href":"https:\/\/www.deporteseli.com\/index.php?rest_route=%2Fwp%2Fv2%2Fproduct_cat&post=76982"},{"taxonomy":"product_tag","embeddable":true,"href":"https:\/\/www.deporteseli.com\/index.php?rest_route=%2Fwp%2Fv2%2Fproduct_tag&post=76982"}],"curies":[{"name":"wp","href":"https:\/\/api.w.org\/{rel}","templated":true}]}}