{"id":76968,"date":"2026-04-29T17:19:55","date_gmt":"2026-04-29T17:19:55","guid":{"rendered":"https:\/\/www.deporteseli.com\/?product=tenis-joma-neon-lady-2602-white"},"modified":"2026-04-29T17:20:01","modified_gmt":"2026-04-29T17:20:01","slug":"tenis-joma-neon-lady-2602-white","status":"publish","type":"product","link":"https:\/\/www.deporteseli.com\/?product=tenis-joma-neon-lady-2602-white","title":{"rendered":"TENIS JOMA NEON LADY 2602 WHITE"},"content":{"rendered":"<p>Zapatillas de running para mujer. Este modelo combina ligereza y transpirabilidad, ofreciendo soporte y comodidad a quienes comienzan a correr.    Upper fabricado en mesh t\u00e9cnico, transpirable y muy ligero. El sistema de ventilaci\u00f3n VTS optimiza la gesti\u00f3n de la humedad y asegura que el pie se mantenga fresco. Por otro lado, el sistema de ajuste termosellado JOMA SPORTECH brinda sujeci\u00f3n en zonas estrat\u00e9gicas eliminando las zonas de fricci\u00f3n.    Mediasuela de phylon, un material liviano, funcional y flexible. Ofrece buena absorci\u00f3n de los impactos al correr o caminar.    Suela de caucho DURABILITY de alta calidad y resistencia a la abrasi\u00f3n en asfalto.  Corte con mesh transpirable VTS  Corte con sistema de ajuste termosellado SPORTECH  Mediasuela de phylon  Suela caucho DURABILITY                                                                                                                                                                                                                                                                                                                                                                                                                                                                                                                                                                                                                                                                                                                                                                                                                                                                                                                                                                                                                                        <\/p>\n","protected":false},"excerpt":{"rendered":"<p>TENIS JOMA NEON LADY 2602 WHITE<\/p>\n","protected":false},"featured_media":76975,"template":"","meta":[],"product_brand":[],"product_cat":[285],"product_tag":[31],"class_list":{"0":"post-76968","1":"product","2":"type-product","3":"status-publish","4":"has-post-thumbnail","6":"product_cat-mujer_calzado_running","7":"product_tag-joma","8":"pa_color-unico","9":"pa_talla-141","10":"pa_talla-143","11":"pa_talla-145","12":"pa_talla-147","13":"pa_talla-149","14":"pa_talla-151","15":"thunk-woo-product-list","16":"opn-qv-enable","17":"open-woo-hover-","18":"open-single-product-tab-horizontal","19":"open-shadow-","20":"open-shadow-hover-","22":"first","23":"instock","24":"shipping-taxable","25":"purchasable","26":"product-type-variable"},"jetpack_sharing_enabled":true,"_links":{"self":[{"href":"https:\/\/www.deporteseli.com\/index.php?rest_route=\/wp\/v2\/product\/76968","targetHints":{"allow":["GET"]}}],"collection":[{"href":"https:\/\/www.deporteseli.com\/index.php?rest_route=\/wp\/v2\/product"}],"about":[{"href":"https:\/\/www.deporteseli.com\/index.php?rest_route=\/wp\/v2\/types\/product"}],"wp:featuredmedia":[{"embeddable":true,"href":"https:\/\/www.deporteseli.com\/index.php?rest_route=\/wp\/v2\/media\/76975"}],"wp:attachment":[{"href":"https:\/\/www.deporteseli.com\/index.php?rest_route=%2Fwp%2Fv2%2Fmedia&parent=76968"}],"wp:term":[{"taxonomy":"product_brand","embeddable":true,"href":"https:\/\/www.deporteseli.com\/index.php?rest_route=%2Fwp%2Fv2%2Fproduct_brand&post=76968"},{"taxonomy":"product_cat","embeddable":true,"href":"https:\/\/www.deporteseli.com\/index.php?rest_route=%2Fwp%2Fv2%2Fproduct_cat&post=76968"},{"taxonomy":"product_tag","embeddable":true,"href":"https:\/\/www.deporteseli.com\/index.php?rest_route=%2Fwp%2Fv2%2Fproduct_tag&post=76968"}],"curies":[{"name":"wp","href":"https:\/\/api.w.org\/{rel}","templated":true}]}}