{"id":76965,"date":"2026-04-29T17:15:24","date_gmt":"2026-04-29T17:15:24","guid":{"rendered":"https:\/\/www.deporteseli.com\/?product=protector-cweight-bp-4x3-gr-005"},"modified":"2026-04-29T17:15:27","modified_gmt":"2026-04-29T17:15:27","slug":"protector-cweight-bp-4x3-gr-005","status":"publish","type":"product","link":"https:\/\/www.deporteseli.com\/?product=protector-cweight-bp-4x3-gr-005","title":{"rendered":"PROTECTOR CWEIGHT BP 4X3 GR-005"},"content":{"rendered":"<p>Optimiza tu pala y lleva tu juego al siguiente nivel con el Protector Bullpadel Custom Weight.  Dise\u00f1ado para jugadores que buscan precisi\u00f3n y adaptabilidad, este sistema innovador permite a\u00f1adir peso y protecci\u00f3n estrat\u00e9gicamente,  logrando un equilibrio perfecto seg\u00fan tu estilo de juego.    Caracter\u00edsticas principales:    &#8211; Sistema CustomWeight: 4 placas de gel de 3g cada una, f\u00e1ciles de colocar y quitar.    &#8211; Personalizaci\u00f3n total: ajusta el balance de la pala para m\u00e1s potencia, control o estabilidad.    &#8211; Protecci\u00f3n extra: adem\u00e1s de a\u00f1adir peso, refuerza las zonas clave de tu pala.    &#8211; Versatilidad: admite hasta 12g adicionales en la parte superior, brindando m\u00faltiples configuraciones.    &#8211; Instalaci\u00f3n sencilla: pensado para una adaptaci\u00f3n r\u00e1pida y c\u00f3moda, sin complicaciones.    Conclusi\u00f3n:    Con el Bullpadel Custom Weight, transformar tu pala en una extensi\u00f3n perfecta de tu juego es m\u00e1s f\u00e1cil que nunca.  Personaliza, protege y domina la pista con la confianza de que tu pala responde exactamente como necesitas.                                                                                                                                                                                                                                                                                                                                                                                                                                                                                                                                                                                                                                                                                                                                                                                                                                                                                                                                                                                                                                        <\/p>\n","protected":false},"excerpt":{"rendered":"<p>PROTECTOR CWEIGHT BP 4X3 GR-005<\/p>\n","protected":false},"featured_media":76967,"template":"","meta":[],"product_brand":[],"product_cat":[359],"product_tag":[21],"class_list":{"0":"post-76965","1":"product","2":"type-product","3":"status-publish","4":"has-post-thumbnail","6":"product_cat-padel_y_tenis_protectores","7":"product_tag-bull_padel","8":"pa_color-unico","9":"pa_talla-unica","10":"thunk-woo-product-list","11":"opn-qv-enable","12":"open-woo-hover-","13":"open-single-product-tab-horizontal","14":"open-shadow-","15":"open-shadow-hover-","17":"first","18":"instock","19":"shipping-taxable","20":"purchasable","21":"product-type-variable"},"jetpack_sharing_enabled":true,"_links":{"self":[{"href":"https:\/\/www.deporteseli.com\/index.php?rest_route=\/wp\/v2\/product\/76965","targetHints":{"allow":["GET"]}}],"collection":[{"href":"https:\/\/www.deporteseli.com\/index.php?rest_route=\/wp\/v2\/product"}],"about":[{"href":"https:\/\/www.deporteseli.com\/index.php?rest_route=\/wp\/v2\/types\/product"}],"wp:featuredmedia":[{"embeddable":true,"href":"https:\/\/www.deporteseli.com\/index.php?rest_route=\/wp\/v2\/media\/76967"}],"wp:attachment":[{"href":"https:\/\/www.deporteseli.com\/index.php?rest_route=%2Fwp%2Fv2%2Fmedia&parent=76965"}],"wp:term":[{"taxonomy":"product_brand","embeddable":true,"href":"https:\/\/www.deporteseli.com\/index.php?rest_route=%2Fwp%2Fv2%2Fproduct_brand&post=76965"},{"taxonomy":"product_cat","embeddable":true,"href":"https:\/\/www.deporteseli.com\/index.php?rest_route=%2Fwp%2Fv2%2Fproduct_cat&post=76965"},{"taxonomy":"product_tag","embeddable":true,"href":"https:\/\/www.deporteseli.com\/index.php?rest_route=%2Fwp%2Fv2%2Fproduct_tag&post=76965"}],"curies":[{"name":"wp","href":"https:\/\/api.w.org\/{rel}","templated":true}]}}