{"id":76885,"date":"2026-04-28T12:34:31","date_gmt":"2026-04-28T12:34:31","guid":{"rendered":"https:\/\/www.deporteseli.com\/?product=mochila-babolat-753114-100"},"modified":"2026-04-28T12:34:33","modified_gmt":"2026-04-28T12:34:33","slug":"mochila-babolat-753114-100","status":"publish","type":"product","link":"https:\/\/www.deporteseli.com\/?product=mochila-babolat-753114-100","title":{"rendered":"MOCHILA BABOLAT 753114-100"},"content":{"rendered":"<p>La mochila Pure Aero, dise\u00f1ada para tenistas exigentes que desean una mochila con un aspecto moderno y deportivo, te acompa\u00f1ar\u00e1 all\u00e1 donde vayas desde la ma\u00f1ana a la noche: desde la oficina hasta tu entrenamiento de tenis vespertino.    Esta bolsa, de capacidad XXL, cuenta con dos compartimentos principales, un bolsillo frontal y un bolsillo lateral, que ofrecen una organizaci\u00f3n perfecta para transportar hasta tres raquetas, as\u00ed como tus accesorios esenciales (ordenador port\u00e1til, botella de agua, pelotas de tenis, zapatillas, ropa y mucho m\u00e1s).    Tanto si te desplazas a pie, en bicicleta, en coche o en transporte p\u00fablico, la disposici\u00f3n del compartimento para raquetas te ofrece la m\u00e1xima comodidad. La correa para el pecho te proporciona una comodidad adicional, manteniendo la bolsa estable durante el transporte.    Confeccionada con un resistente material exterior de poli\u00e9ster reciclado repelente al agua, la mochila Pure Aero est\u00e1 dise\u00f1ada para ofrecer una gran durabilidad, independientemente de la frecuencia con la que juegues.    El dise\u00f1o distintivo del material evoca la aerodin\u00e1mica caracter\u00edstica de la familia Babolat Pure Aero.    El interior est\u00e1 confeccionado asimismo con poli\u00e9ster 100 % reciclado.    Esta bolsa garantiza rendimiento, durabilidad y estilo, para que puedas brillar en la pista y en la vida cotidiana.                                                                                                                                                                                                                                                                                                                                                                                                                                                                                                                                                                                                                                                                                                                                                                                                                                                                                                                                                                                                                                        <\/p>\n","protected":false},"excerpt":{"rendered":"<p>MOCHILA BABOLAT 753114-100<\/p>\n","protected":false},"featured_media":76887,"template":"","meta":[],"product_brand":[],"product_cat":[348],"product_tag":[84],"class_list":{"0":"post-76885","1":"product","2":"type-product","3":"status-publish","4":"has-post-thumbnail","6":"product_cat-deportes_tenis","7":"product_tag-babolat","8":"pa_color-unico","9":"pa_talla-unica","10":"thunk-woo-product-list","11":"opn-qv-enable","12":"open-woo-hover-","13":"open-single-product-tab-horizontal","14":"open-shadow-","15":"open-shadow-hover-","17":"first","18":"instock","19":"sale","20":"shipping-taxable","21":"purchasable","22":"product-type-variable"},"jetpack_sharing_enabled":true,"_links":{"self":[{"href":"https:\/\/www.deporteseli.com\/index.php?rest_route=\/wp\/v2\/product\/76885","targetHints":{"allow":["GET"]}}],"collection":[{"href":"https:\/\/www.deporteseli.com\/index.php?rest_route=\/wp\/v2\/product"}],"about":[{"href":"https:\/\/www.deporteseli.com\/index.php?rest_route=\/wp\/v2\/types\/product"}],"wp:featuredmedia":[{"embeddable":true,"href":"https:\/\/www.deporteseli.com\/index.php?rest_route=\/wp\/v2\/media\/76887"}],"wp:attachment":[{"href":"https:\/\/www.deporteseli.com\/index.php?rest_route=%2Fwp%2Fv2%2Fmedia&parent=76885"}],"wp:term":[{"taxonomy":"product_brand","embeddable":true,"href":"https:\/\/www.deporteseli.com\/index.php?rest_route=%2Fwp%2Fv2%2Fproduct_brand&post=76885"},{"taxonomy":"product_cat","embeddable":true,"href":"https:\/\/www.deporteseli.com\/index.php?rest_route=%2Fwp%2Fv2%2Fproduct_cat&post=76885"},{"taxonomy":"product_tag","embeddable":true,"href":"https:\/\/www.deporteseli.com\/index.php?rest_route=%2Fwp%2Fv2%2Fproduct_tag&post=76885"}],"curies":[{"name":"wp","href":"https:\/\/api.w.org\/{rel}","templated":true}]}}