{"id":76874,"date":"2026-04-28T12:33:42","date_gmt":"2026-04-28T12:33:42","guid":{"rendered":"https:\/\/www.deporteseli.com\/?product=raquetero-babolat-751248-r19"},"modified":"2026-04-28T12:33:43","modified_gmt":"2026-04-28T12:33:43","slug":"raquetero-babolat-751248-r19","status":"publish","type":"product","link":"https:\/\/www.deporteseli.com\/?product=raquetero-babolat-751248-r19","title":{"rendered":"RAQUETERO BABOLAT 751248-R19"},"content":{"rendered":"<p>Descripci\u00f3n  Est\u00e1bamos hablando con los jugadores del equipo Babolat sobre c\u00f3mo reinventamos la bolsa para 9 raquetas RH Pure Strike Carbon Grey para convertirla en la referencia en las pistas de tenis de todo el mundo.    Con una construcci\u00f3n m\u00e1s resistente para acompa\u00f1arte en la pista durante muchos a\u00f1os, est\u00e1 equipada con un material exterior de poli\u00e9ster reciclado y lona de TPE.    De manera pr\u00e1ctica, esta bolsa cuenta con una arquitectura innovadora que le permite mantenerse de pie para que puedas acceder r\u00e1pidamente a tu material cada vez que cambies de lado.    Dise\u00f1ada y desarrollada para satisfacer a los jugadores m\u00e1s exigentes, esta bolsa se divide en 3 compartimentos grandes para proteger hasta 9 raquetas.    Tambi\u00e9n puedes guardar f\u00e1cilmente hasta 2 pares de zapatos en el compartimento separado y ventilado.    Convenientemente, esta bolsa de raquetas cuenta con un nuevo sistema de transporte con distribuci\u00f3n de carga y correas exclusivas para estabilizar la bolsa en tu espalda (acerc\u00e1ndola a tu centro de gravedad).    Con un dise\u00f1o elegante y din\u00e1mico, la bolsa de raquetas RH 9 Pure Strike Carbon Grey te permite combinar perfectamente rendimiento y estilo en cada juego.    Los jugadores profesionales del equipo Babolat pueden jugar con un modelo personalizado o diferente al mostrado.  Capacidad de raqueta  9  Capacidad  80 l  Dimensiones  80 x 40 x 35 cm  N\u00famero de bolsillos  3 compartimentos principales    1 bolsillo para zapatos    2 bolsillos laterales    1 bolsillo para accesorios con cremallera    N\u00famero de compartimentos isot\u00e9rmicos  0  N\u00famero de asas  3  N\u00famero de correas  2  Composici\u00f3n  80% Poli\u00e9ster reciclado    10% Elast\u00f3mero termopl\u00e1stico    10% Acetato de etileno-vinilo                                                                                                                                                                                                                                                                                                                                                                                                                                                                                                                                                                                                                                                                                                                                                                                                                                                                                                                                                                                                                                        <\/p>\n","protected":false},"excerpt":{"rendered":"<p>RAQUETERO BABOLAT 751248-R19<\/p>\n","protected":false},"featured_media":76876,"template":"","meta":[],"product_brand":[],"product_cat":[348],"product_tag":[84],"class_list":{"0":"post-76874","1":"product","2":"type-product","3":"status-publish","4":"has-post-thumbnail","6":"product_cat-deportes_tenis","7":"product_tag-babolat","8":"pa_color-unico","9":"pa_talla-unica","10":"thunk-woo-product-list","11":"opn-qv-enable","12":"open-woo-hover-","13":"open-single-product-tab-horizontal","14":"open-shadow-","15":"open-shadow-hover-","17":"first","18":"instock","19":"sale","20":"shipping-taxable","21":"purchasable","22":"product-type-variable"},"jetpack_sharing_enabled":true,"_links":{"self":[{"href":"https:\/\/www.deporteseli.com\/index.php?rest_route=\/wp\/v2\/product\/76874","targetHints":{"allow":["GET"]}}],"collection":[{"href":"https:\/\/www.deporteseli.com\/index.php?rest_route=\/wp\/v2\/product"}],"about":[{"href":"https:\/\/www.deporteseli.com\/index.php?rest_route=\/wp\/v2\/types\/product"}],"wp:featuredmedia":[{"embeddable":true,"href":"https:\/\/www.deporteseli.com\/index.php?rest_route=\/wp\/v2\/media\/76876"}],"wp:attachment":[{"href":"https:\/\/www.deporteseli.com\/index.php?rest_route=%2Fwp%2Fv2%2Fmedia&parent=76874"}],"wp:term":[{"taxonomy":"product_brand","embeddable":true,"href":"https:\/\/www.deporteseli.com\/index.php?rest_route=%2Fwp%2Fv2%2Fproduct_brand&post=76874"},{"taxonomy":"product_cat","embeddable":true,"href":"https:\/\/www.deporteseli.com\/index.php?rest_route=%2Fwp%2Fv2%2Fproduct_cat&post=76874"},{"taxonomy":"product_tag","embeddable":true,"href":"https:\/\/www.deporteseli.com\/index.php?rest_route=%2Fwp%2Fv2%2Fproduct_tag&post=76874"}],"curies":[{"name":"wp","href":"https:\/\/api.w.org\/{rel}","templated":true}]}}