{"id":76869,"date":"2026-04-28T12:33:22","date_gmt":"2026-04-28T12:33:22","guid":{"rendered":"https:\/\/www.deporteseli.com\/?product=raquetero-babolat-751247-r11"},"modified":"2026-04-28T12:33:24","modified_gmt":"2026-04-28T12:33:24","slug":"raquetero-babolat-751247-r11","status":"publish","type":"product","link":"https:\/\/www.deporteseli.com\/?product=raquetero-babolat-751247-r11","title":{"rendered":"RAQUETERO BABOLAT 751247-R11"},"content":{"rendered":"<p>Descripci\u00f3n  Sigue los pasos de tu \u00eddolo con la nueva bolsa RH Carlitos Junior.    Ideal para adolescentes, ya sean competidores, aficionados o jugadores de tenis ocasionales, esta bolsa ofrece un generoso espacio para tres raquetas de tama\u00f1o 26 y el equipo necesario para afrontar con seguridad partidos y sesiones de entrenamiento. El separador interior te permite organizar tus pertenencias y mantener tus raquetas separadas de tus objetos esenciales (ropa, calzado, botellas de agua, etc.). El bolsillo lateral es ideal para objetos peque\u00f1os, como las llaves o el tel\u00e9fono.    Las dimensiones de esta bolsa est\u00e1n espec\u00edficamente adaptadas a los j\u00f3venes tenistas. Cuenta con correas ergon\u00f3micas para los hombros que permiten un uso c\u00f3modo y reducen el riesgo de lesiones que pueden producirse al utilizar bolsas demasiado grandes o dise\u00f1adas para adultos. Confeccionada con materiales robustos y 100 % reciclados (tanto en su exterior como en su interior), resiste tanto los golpes m\u00e1s bruscos como las aventuras m\u00e1s intensas tanto dentro como fuera de la pista.    La ventana transparente de identificaci\u00f3n te ayuda a reconocer tu bolsa evitando confundirla con otras.     \u00danete a la familia del tenis y juega tus partidos de forma segura con la bolsa RH Carlitos Junior!  Capacidad de raqueta  3  Capacidad  35 l  Dimensiones  66 x 26 x 33 cm  N\u00famero de bolsillos  1 compartimento principal con separador interior 1 bolsillo lateral  N\u00famero de compartimentos isot\u00e9rmicos  0  N\u00famero de asas  3  N\u00famero de correas  2  Composici\u00f3n  100% poli\u00e9ster reciclado                                                                                                                                                                                                                                                                                                                                                                                                                                                                                                                                                                                                                                                                                                                                                                                                                                                                                                                                                                                                                                        <\/p>\n","protected":false},"excerpt":{"rendered":"<p>RAQUETERO BABOLAT 751247-R11<\/p>\n","protected":false},"featured_media":76871,"template":"","meta":[],"product_brand":[],"product_cat":[348],"product_tag":[84],"class_list":{"0":"post-76869","1":"product","2":"type-product","3":"status-publish","4":"has-post-thumbnail","6":"product_cat-deportes_tenis","7":"product_tag-babolat","8":"pa_color-unico","9":"pa_talla-unica","10":"thunk-woo-product-list","11":"opn-qv-enable","12":"open-woo-hover-","13":"open-single-product-tab-horizontal","14":"open-shadow-","15":"open-shadow-hover-","17":"first","18":"instock","19":"sale","20":"shipping-taxable","21":"purchasable","22":"product-type-variable"},"jetpack_sharing_enabled":true,"_links":{"self":[{"href":"https:\/\/www.deporteseli.com\/index.php?rest_route=\/wp\/v2\/product\/76869","targetHints":{"allow":["GET"]}}],"collection":[{"href":"https:\/\/www.deporteseli.com\/index.php?rest_route=\/wp\/v2\/product"}],"about":[{"href":"https:\/\/www.deporteseli.com\/index.php?rest_route=\/wp\/v2\/types\/product"}],"wp:featuredmedia":[{"embeddable":true,"href":"https:\/\/www.deporteseli.com\/index.php?rest_route=\/wp\/v2\/media\/76871"}],"wp:attachment":[{"href":"https:\/\/www.deporteseli.com\/index.php?rest_route=%2Fwp%2Fv2%2Fmedia&parent=76869"}],"wp:term":[{"taxonomy":"product_brand","embeddable":true,"href":"https:\/\/www.deporteseli.com\/index.php?rest_route=%2Fwp%2Fv2%2Fproduct_brand&post=76869"},{"taxonomy":"product_cat","embeddable":true,"href":"https:\/\/www.deporteseli.com\/index.php?rest_route=%2Fwp%2Fv2%2Fproduct_cat&post=76869"},{"taxonomy":"product_tag","embeddable":true,"href":"https:\/\/www.deporteseli.com\/index.php?rest_route=%2Fwp%2Fv2%2Fproduct_tag&post=76869"}],"curies":[{"name":"wp","href":"https:\/\/api.w.org\/{rel}","templated":true}]}}