{"id":76863,"date":"2026-04-28T12:32:47","date_gmt":"2026-04-28T12:32:47","guid":{"rendered":"https:\/\/www.deporteseli.com\/?product=raquetero-babolat-751239-100-6-raquetas"},"modified":"2026-04-28T12:32:48","modified_gmt":"2026-04-28T12:32:48","slug":"raquetero-babolat-751239-100-6-raquetas","status":"publish","type":"product","link":"https:\/\/www.deporteseli.com\/?product=raquetero-babolat-751239-100-6-raquetas","title":{"rendered":"RAQUETERO BABOLAT 751239-100 6 RAQUETAS"},"content":{"rendered":"<p>Descripci\u00f3n  Convi\u00e9rtete en el centro de atenci\u00f3n de la pista con la nueva bolsa RH6 Pure Aero.    La RH6 cuenta con una silueta moderna y deportiva. Su dise\u00f1o din\u00e1mico est\u00e1 en perfecta armon\u00eda con el principio fundamental de la gama Babolat Aero.    Con su dise\u00f1o ergon\u00f3mico, su capacidad para mantenerse en posici\u00f3n vertical y sus materiales de alta calidad, la bolsa RH6 Pure Aero ser\u00e1 tu compa\u00f1era leal en todas tus actividades favoritas.    Materiales dise\u00f1ados para ofrecer rendimiento y durabilidad:    Confeccionada con poli\u00e9ster reciclado ultrarresistente, repelente al agua y de gran durabilidad, la RH6 Pure Aero garantiza una protecci\u00f3n \u00f3ptima de tu equipo. El material exterior refleja la aerodin\u00e1mica de la raqueta al cortar el aire, mientras que el forro interior, confeccionado con poli\u00e9ster reciclado, representa nuestro compromiso responsable con el medio ambiente.    Espacio de almacenamiento dise\u00f1ado para satisfacer tus necesidades:    \u2022 Dos compartimentos principales para transportar hasta seis raquetas o tu equipamiento de tenis esencial.    \u2022 Dos pr\u00e1cticos bolsillos laterales para guardar tus accesorios y objetos personales.    Inspirada en los mejores jugadores del equipo Babolat, la RH6 Pure Aero garantiza estilo, \u00f3ptima distribuci\u00f3n y durabilidad para afrontar cualquier reto.                                                                                                                                                                                                                                                                                                                                                                                                                                                                                                                                                                                                                                                                                                                                                                                                                                                                                                                                                                                                                                        <\/p>\n","protected":false},"excerpt":{"rendered":"<p>RAQUETERO BABOLAT 751239-100 6 RAQUETAS<\/p>\n","protected":false},"featured_media":76865,"template":"","meta":[],"product_brand":[],"product_cat":[348],"product_tag":[84],"class_list":{"0":"post-76863","1":"product","2":"type-product","3":"status-publish","4":"has-post-thumbnail","6":"product_cat-deportes_tenis","7":"product_tag-babolat","8":"pa_color-unico","9":"pa_talla-unica","10":"thunk-woo-product-list","11":"opn-qv-enable","12":"open-woo-hover-","13":"open-single-product-tab-horizontal","14":"open-shadow-","15":"open-shadow-hover-","17":"first","18":"instock","19":"sale","20":"shipping-taxable","21":"purchasable","22":"product-type-variable"},"jetpack_sharing_enabled":true,"_links":{"self":[{"href":"https:\/\/www.deporteseli.com\/index.php?rest_route=\/wp\/v2\/product\/76863","targetHints":{"allow":["GET"]}}],"collection":[{"href":"https:\/\/www.deporteseli.com\/index.php?rest_route=\/wp\/v2\/product"}],"about":[{"href":"https:\/\/www.deporteseli.com\/index.php?rest_route=\/wp\/v2\/types\/product"}],"wp:featuredmedia":[{"embeddable":true,"href":"https:\/\/www.deporteseli.com\/index.php?rest_route=\/wp\/v2\/media\/76865"}],"wp:attachment":[{"href":"https:\/\/www.deporteseli.com\/index.php?rest_route=%2Fwp%2Fv2%2Fmedia&parent=76863"}],"wp:term":[{"taxonomy":"product_brand","embeddable":true,"href":"https:\/\/www.deporteseli.com\/index.php?rest_route=%2Fwp%2Fv2%2Fproduct_brand&post=76863"},{"taxonomy":"product_cat","embeddable":true,"href":"https:\/\/www.deporteseli.com\/index.php?rest_route=%2Fwp%2Fv2%2Fproduct_cat&post=76863"},{"taxonomy":"product_tag","embeddable":true,"href":"https:\/\/www.deporteseli.com\/index.php?rest_route=%2Fwp%2Fv2%2Fproduct_tag&post=76863"}],"curies":[{"name":"wp","href":"https:\/\/api.w.org\/{rel}","templated":true}]}}