{"id":76849,"date":"2026-04-28T12:31:35","date_gmt":"2026-04-28T12:31:35","guid":{"rendered":"https:\/\/www.deporteseli.com\/?product=raquetero-babolat-751234-136-6-raquetas"},"modified":"2026-04-28T12:31:37","modified_gmt":"2026-04-28T12:31:37","slug":"raquetero-babolat-751234-136-6-raquetas","status":"publish","type":"product","link":"https:\/\/www.deporteseli.com\/?product=raquetero-babolat-751234-136-6-raquetas","title":{"rendered":"RAQUETERO BABOLAT 751234-136 6 RAQUETAS"},"content":{"rendered":"<p>Descripci\u00f3n  Es intercambiando con los jugadores del equipo Babolat que reinventamos la bolsa de raquetas RH 6 Pure Drive, para convertirla en la referencia en las pistas de tenis de todo el mundo.    M\u00e1s resistente para acompa\u00f1arte durante muchos a\u00f1os en las pistas, est\u00e1 equipado con un material exterior de poli\u00e9ster 100% reciclado, y un interior con poli\u00e9ster 100% ultra resistente para una protecci\u00f3n \u00f3ptima de tus raquetas.    M\u00e1s pr\u00e1ctica, esta bolsa tiene una arquitectura innovadora que le permite mantenerse de pie, d\u00e1ndote la posibilidad de acceder m\u00e1s r\u00e1pidamente a tu equipo en cada cambio de lado.    Dise\u00f1ada y desarrollada para satisfacer a los jugadores m\u00e1s exigentes, esta bolsa completamente isot\u00e9rmica est\u00e1 dividida en 2 compartimentos grandes, lo que te permitir\u00e1 proteger hasta 6 raquetas.  Tambi\u00e9n podr\u00e1s guardar f\u00e1cilmente tus pares de zapatos en el compartimento aireado separado dedicado para este fin.    M\u00e1s c\u00f3moda, esta bolsa de raquetas cuenta con un nuevo sistema de transporte con recordatorio de carga y correas exclusivas para estabilizar la bolsa en tu espalda (acerc\u00e1ndola a tu centro de gravedad).    Con un dise\u00f1o elegante y din\u00e1mico, la bolsa de raquetas RH 6 Pure Drive te permitir\u00e1 combinar perfectamente alto rendimiento y estilo en cada uno de tus partidos.                                                                                                                                                                                                                                                                                                                                                                                                                                                                                                                                                                                                                                                                                                                                                                                                                                                                                                                                                                                                                                        <\/p>\n","protected":false},"excerpt":{"rendered":"<p>RAQUETERO BABOLAT 751234-136 6 RAQUETAS<\/p>\n","protected":false},"featured_media":76851,"template":"","meta":[],"product_brand":[],"product_cat":[348],"product_tag":[84],"class_list":{"0":"post-76849","1":"product","2":"type-product","3":"status-publish","4":"has-post-thumbnail","6":"product_cat-deportes_tenis","7":"product_tag-babolat","8":"pa_color-unico","9":"pa_talla-unica","10":"thunk-woo-product-list","11":"opn-qv-enable","12":"open-woo-hover-","13":"open-single-product-tab-horizontal","14":"open-shadow-","15":"open-shadow-hover-","17":"first","18":"instock","19":"sale","20":"shipping-taxable","21":"purchasable","22":"product-type-variable"},"jetpack_sharing_enabled":true,"_links":{"self":[{"href":"https:\/\/www.deporteseli.com\/index.php?rest_route=\/wp\/v2\/product\/76849","targetHints":{"allow":["GET"]}}],"collection":[{"href":"https:\/\/www.deporteseli.com\/index.php?rest_route=\/wp\/v2\/product"}],"about":[{"href":"https:\/\/www.deporteseli.com\/index.php?rest_route=\/wp\/v2\/types\/product"}],"wp:featuredmedia":[{"embeddable":true,"href":"https:\/\/www.deporteseli.com\/index.php?rest_route=\/wp\/v2\/media\/76851"}],"wp:attachment":[{"href":"https:\/\/www.deporteseli.com\/index.php?rest_route=%2Fwp%2Fv2%2Fmedia&parent=76849"}],"wp:term":[{"taxonomy":"product_brand","embeddable":true,"href":"https:\/\/www.deporteseli.com\/index.php?rest_route=%2Fwp%2Fv2%2Fproduct_brand&post=76849"},{"taxonomy":"product_cat","embeddable":true,"href":"https:\/\/www.deporteseli.com\/index.php?rest_route=%2Fwp%2Fv2%2Fproduct_cat&post=76849"},{"taxonomy":"product_tag","embeddable":true,"href":"https:\/\/www.deporteseli.com\/index.php?rest_route=%2Fwp%2Fv2%2Fproduct_tag&post=76849"}],"curies":[{"name":"wp","href":"https:\/\/api.w.org\/{rel}","templated":true}]}}