{"id":76843,"date":"2026-04-28T12:31:05","date_gmt":"2026-04-28T12:31:05","guid":{"rendered":"https:\/\/www.deporteseli.com\/?product=grip-babolat-671003"},"modified":"2026-04-28T12:31:07","modified_gmt":"2026-04-28T12:31:07","slug":"grip-babolat-671003","status":"publish","type":"product","link":"https:\/\/www.deporteseli.com\/?product=grip-babolat-671003","title":{"rendered":"GRIP BABOLAT 671003"},"content":{"rendered":"<p>Funda para raqueta de tenis y pickleball Babolat  Agarre superior: Absolutamente antideslizante incluso con las manos sudorosas.     C\u00f3modo: La amortiguaci\u00f3n mejorada reduce el impacto en la mu\u00f1eca y el brazo.     Econ\u00f3mico: Caja grande de 30 unidades, suficiente para toda la temporada.    Duradero: Proporciona la m\u00e1xima protecci\u00f3n para el n\u00facleo original de la raqueta.    Productos Babolat aut\u00e9nticos: la excelencia de una marca l\u00edder mundial.                                                                                                                                                                                                                                                                                                                                                                                                                                                                                                                                                                                                                                                                                                                                                                                                                                                                                                                                                                                                                                        <\/p>\n","protected":false},"excerpt":{"rendered":"<p>GRIP BABOLAT 671003<\/p>\n","protected":false},"featured_media":76845,"template":"","meta":[],"product_brand":[],"product_cat":[348],"product_tag":[84],"class_list":{"0":"post-76843","1":"product","2":"type-product","3":"status-publish","4":"has-post-thumbnail","6":"product_cat-deportes_tenis","7":"product_tag-babolat","8":"pa_color-unico","9":"pa_talla-unica","10":"thunk-woo-product-list","11":"opn-qv-enable","12":"open-woo-hover-","13":"open-single-product-tab-horizontal","14":"open-shadow-","15":"open-shadow-hover-","17":"first","18":"instock","19":"shipping-taxable","20":"purchasable","21":"product-type-variable"},"jetpack_sharing_enabled":true,"_links":{"self":[{"href":"https:\/\/www.deporteseli.com\/index.php?rest_route=\/wp\/v2\/product\/76843","targetHints":{"allow":["GET"]}}],"collection":[{"href":"https:\/\/www.deporteseli.com\/index.php?rest_route=\/wp\/v2\/product"}],"about":[{"href":"https:\/\/www.deporteseli.com\/index.php?rest_route=\/wp\/v2\/types\/product"}],"wp:featuredmedia":[{"embeddable":true,"href":"https:\/\/www.deporteseli.com\/index.php?rest_route=\/wp\/v2\/media\/76845"}],"wp:attachment":[{"href":"https:\/\/www.deporteseli.com\/index.php?rest_route=%2Fwp%2Fv2%2Fmedia&parent=76843"}],"wp:term":[{"taxonomy":"product_brand","embeddable":true,"href":"https:\/\/www.deporteseli.com\/index.php?rest_route=%2Fwp%2Fv2%2Fproduct_brand&post=76843"},{"taxonomy":"product_cat","embeddable":true,"href":"https:\/\/www.deporteseli.com\/index.php?rest_route=%2Fwp%2Fv2%2Fproduct_cat&post=76843"},{"taxonomy":"product_tag","embeddable":true,"href":"https:\/\/www.deporteseli.com\/index.php?rest_route=%2Fwp%2Fv2%2Fproduct_tag&post=76843"}],"curies":[{"name":"wp","href":"https:\/\/api.w.org\/{rel}","templated":true}]}}