{"id":76837,"date":"2026-04-28T12:30:45","date_gmt":"2026-04-28T12:30:45","guid":{"rendered":"https:\/\/www.deporteseli.com\/?product=raqueta-babolat-140533"},"modified":"2026-04-28T12:30:47","modified_gmt":"2026-04-28T12:30:47","slug":"raqueta-babolat-140533","status":"publish","type":"product","link":"https:\/\/www.deporteseli.com\/?product=raqueta-babolat-140533","title":{"rendered":"RAQUETA BABOLAT 140533"},"content":{"rendered":"<p>Descripci\u00f3n  \u00bfTe gusta enfrentarte a tus adversarios y quieres desarrollar la potencia de tu juego?    La Pure Drive Junior 25 es ideal si juegas al tenis a un buen nivel y mides entre 130 y 140 cm.    Especialmente dise\u00f1ada para ayudar a los futuros campeones a ganar potencia y longitud de bola, esta raqueta ser\u00e1 tu mejor aliada para obtener ventaja sobre tu adversario.    Inspirada en la ic\u00f3nica Pure Drive, la aut\u00e9ntica referencia de potencia en el circuito profesional, la Pure Drive Junior 25 est\u00e1 disponible en 2 colores para los competidores m\u00e1s exigentes.    Puntos clave:    \u2022 Raqueta adaptada para j\u00f3venes jugadores de entre 130 y 140 cm de estatura (aprox. de 9 a 11 a\u00f1os).    \u2022 Patr\u00f3n de encordado 16&#215;17 para una potencia explosiva    \u2022 Adaptada a la morfolog\u00eda de los competidores j\u00f3venes:  &#8211; Tama\u00f1o de la empu\u00f1adura 000 adaptado al tama\u00f1o de la mano de los jugadores j\u00f3venes  &#8211; Nuevo calibre de cordaje 120 m\u00e1s flexible para proteger las articulaciones  Tama\u00f1o de la cabeza  630 cm\u00b2  Largo  635 mm \/ 25 in  Peso (sin cordaje)  240 g  \/- 7 g  Equilibrio (sin cordaje)  315 mm  \/- 7 mm  Peso din\u00e1mico  220  Patr\u00f3n de encordado  16&#215;17  Rigidez (RA)  60  Ancho del marco  23\/26\/23 (mm)  Composici\u00f3n  Grafito  Cordaje recomendado  Xcel  Tensi\u00f3n recomendada  19-23 Kg  Grip recomendado  Syntec Pro  Con \/ sin cordaje  Encordada                                                                                                                                                                                                                                                                                                                                                                                                                                                                                                                                                                                                                                                                                                                                                                                                                                                                                                                                                                                                                                        <\/p>\n","protected":false},"excerpt":{"rendered":"<p>RAQUETA BABOLAT 140533<\/p>\n","protected":false},"featured_media":76839,"template":"","meta":[],"product_brand":[],"product_cat":[348],"product_tag":[84],"class_list":{"0":"post-76837","1":"product","2":"type-product","3":"status-publish","4":"has-post-thumbnail","6":"product_cat-deportes_tenis","7":"product_tag-babolat","8":"pa_color-unico","9":"pa_talla-unica","10":"thunk-woo-product-list","11":"opn-qv-enable","12":"open-woo-hover-","13":"open-single-product-tab-horizontal","14":"open-shadow-","15":"open-shadow-hover-","17":"first","18":"instock","19":"sale","20":"shipping-taxable","21":"purchasable","22":"product-type-variable"},"jetpack_sharing_enabled":true,"_links":{"self":[{"href":"https:\/\/www.deporteseli.com\/index.php?rest_route=\/wp\/v2\/product\/76837","targetHints":{"allow":["GET"]}}],"collection":[{"href":"https:\/\/www.deporteseli.com\/index.php?rest_route=\/wp\/v2\/product"}],"about":[{"href":"https:\/\/www.deporteseli.com\/index.php?rest_route=\/wp\/v2\/types\/product"}],"wp:featuredmedia":[{"embeddable":true,"href":"https:\/\/www.deporteseli.com\/index.php?rest_route=\/wp\/v2\/media\/76839"}],"wp:attachment":[{"href":"https:\/\/www.deporteseli.com\/index.php?rest_route=%2Fwp%2Fv2%2Fmedia&parent=76837"}],"wp:term":[{"taxonomy":"product_brand","embeddable":true,"href":"https:\/\/www.deporteseli.com\/index.php?rest_route=%2Fwp%2Fv2%2Fproduct_brand&post=76837"},{"taxonomy":"product_cat","embeddable":true,"href":"https:\/\/www.deporteseli.com\/index.php?rest_route=%2Fwp%2Fv2%2Fproduct_cat&post=76837"},{"taxonomy":"product_tag","embeddable":true,"href":"https:\/\/www.deporteseli.com\/index.php?rest_route=%2Fwp%2Fv2%2Fproduct_tag&post=76837"}],"curies":[{"name":"wp","href":"https:\/\/api.w.org\/{rel}","templated":true}]}}