{"id":76825,"date":"2026-04-28T12:30:05","date_gmt":"2026-04-28T12:30:05","guid":{"rendered":"https:\/\/www.deporteseli.com\/?product=raqueta-babolat-140531-pure-drive"},"modified":"2026-04-28T12:30:07","modified_gmt":"2026-04-28T12:30:07","slug":"raqueta-babolat-140531-pure-drive","status":"publish","type":"product","link":"https:\/\/www.deporteseli.com\/?product=raqueta-babolat-140531-pure-drive","title":{"rendered":"RAQUETA BABOLAT 140531 PURE DRIVE"},"content":{"rendered":"<p>Juegas al tenis de forma competitiva y quieres m\u00e1s potencia para tener ventaja sobre tu oponente?    Para ayudarte a conseguir m\u00e1s puntos ganadores, hemos redise\u00f1ado la raqueta de tenis Pure Drive Junior 26 para que puedas desarrollar tu t\u00e9cnica de ataque a la vez que consigues un mejor control de la trayectoria de la pelota.    Esta raqueta de alto rendimiento est\u00e1 especialmente indicada para jugadores de entre 140 y 150 cm de estatura.    Potente y vers\u00e1til, su dise\u00f1o, inspirado en la legendaria Pure Drive, est\u00e1 disponible en dos colores que te permitir\u00e1n reafirmar tu estilo y marcar la diferencia en la pista.    La Pure Drive Junior 26 es la raqueta ideal para j\u00f3venes competidores que luego pasar\u00e1n a un modelo para adultos.    Puntos clave:    \u2022 Raqueta adaptada para j\u00f3venes jugadores de entre 140 y 150 cm de estatura (aprox. de 10 a 13 a\u00f1os).    \u2022 Patr\u00f3n de encordado 16&#215;19 para una potencia explosiva    \u2022 Adaptada a la morfolog\u00eda de los competidores j\u00f3venes:  &#8211; Empu\u00f1adura de tama\u00f1o 00 para un mejor agarre  &#8211; Una cuerda m\u00e1s fina de 120 de di\u00e1metro para limitar la vibraci\u00f3n en el brazo  Caracter\u00edsticas t\u00e9cnicas  Tama\u00f1o de la cabeza  645 cm\u00b2  Largo  660 mm \/ 26 in  Peso (sin cordaje)  250 g  \/- 7 g  Equilibrio (sin cordaje)  325 mm  \/- 7 mm  Peso din\u00e1mico  245  Patr\u00f3n de encordado  16&#215;19  Rigidez (RA)  64  Ancho del marco  23\/26\/23 (mm)  Composici\u00f3n  Grafito  Cordaje recomendado  Xcel  Tensi\u00f3n recomendada  19-23 Kg  Grip recomendado  Syntec Pro  Con \/ sin cordaje  Encordada                                                                                                                                                                                                                                                                                                                                                                                                                                                                                                                                                                                                                                                                                                                                                                                                                                                                                                                                                                                                                                        <\/p>\n","protected":false},"excerpt":{"rendered":"<p>RAQUETA BABOLAT 140531 PURE DRIVE<\/p>\n","protected":false},"featured_media":76827,"template":"","meta":[],"product_brand":[],"product_cat":[348],"product_tag":[84],"class_list":{"0":"post-76825","1":"product","2":"type-product","3":"status-publish","4":"has-post-thumbnail","6":"product_cat-deportes_tenis","7":"product_tag-babolat","8":"pa_color-unico","9":"pa_talla-unica","10":"thunk-woo-product-list","11":"opn-qv-enable","12":"open-woo-hover-","13":"open-single-product-tab-horizontal","14":"open-shadow-","15":"open-shadow-hover-","17":"first","18":"instock","19":"sale","20":"shipping-taxable","21":"purchasable","22":"product-type-variable"},"jetpack_sharing_enabled":true,"_links":{"self":[{"href":"https:\/\/www.deporteseli.com\/index.php?rest_route=\/wp\/v2\/product\/76825","targetHints":{"allow":["GET"]}}],"collection":[{"href":"https:\/\/www.deporteseli.com\/index.php?rest_route=\/wp\/v2\/product"}],"about":[{"href":"https:\/\/www.deporteseli.com\/index.php?rest_route=\/wp\/v2\/types\/product"}],"wp:featuredmedia":[{"embeddable":true,"href":"https:\/\/www.deporteseli.com\/index.php?rest_route=\/wp\/v2\/media\/76827"}],"wp:attachment":[{"href":"https:\/\/www.deporteseli.com\/index.php?rest_route=%2Fwp%2Fv2%2Fmedia&parent=76825"}],"wp:term":[{"taxonomy":"product_brand","embeddable":true,"href":"https:\/\/www.deporteseli.com\/index.php?rest_route=%2Fwp%2Fv2%2Fproduct_brand&post=76825"},{"taxonomy":"product_cat","embeddable":true,"href":"https:\/\/www.deporteseli.com\/index.php?rest_route=%2Fwp%2Fv2%2Fproduct_cat&post=76825"},{"taxonomy":"product_tag","embeddable":true,"href":"https:\/\/www.deporteseli.com\/index.php?rest_route=%2Fwp%2Fv2%2Fproduct_tag&post=76825"}],"curies":[{"name":"wp","href":"https:\/\/api.w.org\/{rel}","templated":true}]}}