{"id":76808,"date":"2026-04-28T12:29:06","date_gmt":"2026-04-28T12:29:06","guid":{"rendered":"https:\/\/www.deporteseli.com\/?product=raqueta-babolat-140525-carlitos-26"},"modified":"2026-04-28T12:29:07","modified_gmt":"2026-04-28T12:29:07","slug":"raqueta-babolat-140525-carlitos-26","status":"publish","type":"product","link":"https:\/\/www.deporteseli.com\/?product=raqueta-babolat-140525-carlitos-26","title":{"rendered":"RAQUETA BABOLAT 140525 CARLITOS 26"},"content":{"rendered":"<p>Descripci\u00f3n  Ofrece a tu hijo la oportunidad de descubrir el tenis con la raqueta Carlitos Junior 26, inspirada en el campe\u00f3n Carlos Alcaraz.    Dise\u00f1ada para j\u00f3venes principiantes, esta raqueta combina ligereza y ergonom\u00eda para un f\u00e1cil manejo y un control \u00f3ptimo. Su atractivo dise\u00f1o estimula a los ni\u00f1os para aprender mientras adquieren confianza y coordinaci\u00f3n.    Perfecta para jugadores j\u00f3venes de entre 145 cm y 155 cm de estatura (aproximadamente de 11 a 12 a\u00f1os), la Carlitos Junior 26 convierte el aprendizaje del tenis en una actividad divertida y motivadora, fomentando al mismo tiempo una pasi\u00f3n por este deporte para toda la vida.                                                                                                                                                                                                                                                                                                                                                                                                                                                                                                                                                                                                                                                                                                                                                                                                                                                                                                                                                                                                                                        <\/p>\n","protected":false},"excerpt":{"rendered":"<p>RAQUETA BABOLAT 140525 CARLITOS 26<\/p>\n","protected":false},"featured_media":76810,"template":"","meta":[],"product_brand":[],"product_cat":[348],"product_tag":[84],"class_list":{"0":"post-76808","1":"product","2":"type-product","3":"status-publish","4":"has-post-thumbnail","6":"product_cat-deportes_tenis","7":"product_tag-babolat","8":"pa_color-unico","9":"pa_talla-unica","10":"thunk-woo-product-list","11":"opn-qv-enable","12":"open-woo-hover-","13":"open-single-product-tab-horizontal","14":"open-shadow-","15":"open-shadow-hover-","17":"first","18":"instock","19":"sale","20":"shipping-taxable","21":"purchasable","22":"product-type-variable"},"jetpack_sharing_enabled":true,"_links":{"self":[{"href":"https:\/\/www.deporteseli.com\/index.php?rest_route=\/wp\/v2\/product\/76808","targetHints":{"allow":["GET"]}}],"collection":[{"href":"https:\/\/www.deporteseli.com\/index.php?rest_route=\/wp\/v2\/product"}],"about":[{"href":"https:\/\/www.deporteseli.com\/index.php?rest_route=\/wp\/v2\/types\/product"}],"wp:featuredmedia":[{"embeddable":true,"href":"https:\/\/www.deporteseli.com\/index.php?rest_route=\/wp\/v2\/media\/76810"}],"wp:attachment":[{"href":"https:\/\/www.deporteseli.com\/index.php?rest_route=%2Fwp%2Fv2%2Fmedia&parent=76808"}],"wp:term":[{"taxonomy":"product_brand","embeddable":true,"href":"https:\/\/www.deporteseli.com\/index.php?rest_route=%2Fwp%2Fv2%2Fproduct_brand&post=76808"},{"taxonomy":"product_cat","embeddable":true,"href":"https:\/\/www.deporteseli.com\/index.php?rest_route=%2Fwp%2Fv2%2Fproduct_cat&post=76808"},{"taxonomy":"product_tag","embeddable":true,"href":"https:\/\/www.deporteseli.com\/index.php?rest_route=%2Fwp%2Fv2%2Fproduct_tag&post=76808"}],"curies":[{"name":"wp","href":"https:\/\/api.w.org\/{rel}","templated":true}]}}