{"id":76790,"date":"2026-04-28T12:27:59","date_gmt":"2026-04-28T12:27:59","guid":{"rendered":"https:\/\/www.deporteseli.com\/?product=raqueta-babolat-140522-carlitos-21"},"modified":"2026-04-28T12:28:01","modified_gmt":"2026-04-28T12:28:01","slug":"raqueta-babolat-140522-carlitos-21","status":"publish","type":"product","link":"https:\/\/www.deporteseli.com\/?product=raqueta-babolat-140522-carlitos-21","title":{"rendered":"RAQUETA BABOLAT 140522 CARLITOS 21"},"content":{"rendered":"<p>Descripci\u00f3n  Regala a tu hijo la raqueta Carlitos Junior 21, inspirada en el campe\u00f3n Carlos Alcaraz. Dise\u00f1ada para los jugadores de corta edad, de 5 a 7 a\u00f1os, esta raqueta de aluminio es perfecta para el peque\u00f1o tama\u00f1o de sus manos. Su ligero marco incluye ayudas did\u00e1cticas visuales, lo que facilita que tu hijo progrese mientras se divierte.    Su dise\u00f1o din\u00e1mico, inspirado en uno de los mejores jugadores del mundo, motivar\u00e1 a\u00fan m\u00e1s a tu hijo. Con la Carlitos Junior 21, tu hijo se sentir\u00e1 como un aut\u00e9ntico campe\u00f3n en cada golpe de raqueta.    Esta raqueta divertida y de alto rendimiento est\u00e1 pensada para ni\u00f1os de entre 110 cm y 125 cm de estatura:  un verdadero pasaporte hacia la diversi\u00f3n y el progreso en la pista!                                                                                                                                                                                                                                                                                                                                                                                                                                                                                                                                                                                                                                                                                                                                                                                                                                                                                                                                                                                                                                        <\/p>\n","protected":false},"excerpt":{"rendered":"<p>RAQUETA BABOLAT 140522 CARLITOS 21<\/p>\n","protected":false},"featured_media":76792,"template":"","meta":[],"product_brand":[],"product_cat":[348],"product_tag":[84],"class_list":{"0":"post-76790","1":"product","2":"type-product","3":"status-publish","4":"has-post-thumbnail","6":"product_cat-deportes_tenis","7":"product_tag-babolat","8":"pa_color-unico","9":"pa_talla-unica","10":"thunk-woo-product-list","11":"opn-qv-enable","12":"open-woo-hover-","13":"open-single-product-tab-horizontal","14":"open-shadow-","15":"open-shadow-hover-","17":"first","18":"instock","19":"sale","20":"shipping-taxable","21":"purchasable","22":"product-type-variable"},"jetpack_sharing_enabled":true,"_links":{"self":[{"href":"https:\/\/www.deporteseli.com\/index.php?rest_route=\/wp\/v2\/product\/76790","targetHints":{"allow":["GET"]}}],"collection":[{"href":"https:\/\/www.deporteseli.com\/index.php?rest_route=\/wp\/v2\/product"}],"about":[{"href":"https:\/\/www.deporteseli.com\/index.php?rest_route=\/wp\/v2\/types\/product"}],"wp:featuredmedia":[{"embeddable":true,"href":"https:\/\/www.deporteseli.com\/index.php?rest_route=\/wp\/v2\/media\/76792"}],"wp:attachment":[{"href":"https:\/\/www.deporteseli.com\/index.php?rest_route=%2Fwp%2Fv2%2Fmedia&parent=76790"}],"wp:term":[{"taxonomy":"product_brand","embeddable":true,"href":"https:\/\/www.deporteseli.com\/index.php?rest_route=%2Fwp%2Fv2%2Fproduct_brand&post=76790"},{"taxonomy":"product_cat","embeddable":true,"href":"https:\/\/www.deporteseli.com\/index.php?rest_route=%2Fwp%2Fv2%2Fproduct_cat&post=76790"},{"taxonomy":"product_tag","embeddable":true,"href":"https:\/\/www.deporteseli.com\/index.php?rest_route=%2Fwp%2Fv2%2Fproduct_tag&post=76790"}],"curies":[{"name":"wp","href":"https:\/\/api.w.org\/{rel}","templated":true}]}}