{"id":76783,"date":"2026-04-28T12:27:36","date_gmt":"2026-04-28T12:27:36","guid":{"rendered":"https:\/\/www.deporteseli.com\/?product=raqueta-babolat-140516-25"},"modified":"2026-04-28T12:27:38","modified_gmt":"2026-04-28T12:27:38","slug":"raqueta-babolat-140516-25","status":"publish","type":"product","link":"https:\/\/www.deporteseli.com\/?product=raqueta-babolat-140516-25","title":{"rendered":"RAQUETA BABOLAT 140516-25"},"content":{"rendered":"<p>La raqueta Drive Junior 25 es ideal para jugadores de nivel intermedio a avanzado de entre 130 y 140 cm de estatura.    Desarrollada en colaboraci\u00f3n con expertos en biolog\u00eda y motricidad, nuestros expertos han dise\u00f1ado la Drive Junior 25 para que tu hijo adquiera m\u00e1s potencia y longitud de pelota sin gastar m\u00e1s energ\u00eda.    Esta raqueta se presenta en una gama de colores originales para que tu campe\u00f3n en ciernes progrese con estilo.    Puntos clave:    \u2022 Raqueta adaptada para j\u00f3venes jugadores de entre 130 y 140 cm de estatura (aprox. de 9 a 11 a\u00f1os).    \u2022 Un sentimiento de mayor potencia:  &#8211; Superficie de cordaje abierta de 16&#215;17 para un mejor efecto trampol\u00edn  &#8211; Una cuerda m\u00e1s fina (1,20 mm) para una mayor flexibilidad    \u2022 Una raqueta m\u00e1s adaptada a la forma del cuerpo de los jugadores j\u00f3venes:  &#8211; Tama\u00f1o de la empu\u00f1adura 000 para un mejor agarre  &#8211; Marco f\u00e1cil de manejar que combina grafito y aluminio para una mejor absorci\u00f3n de los impactos                                                                                                                                                                                                                                                                                                                                                                                                                                                                                                                                                                                                                                                                                                                                                                                                                                                                                                                                                                                                                                        <\/p>\n","protected":false},"excerpt":{"rendered":"<p>RAQUETA BABOLAT 140516-25<\/p>\n","protected":false},"featured_media":76785,"template":"","meta":[],"product_brand":[],"product_cat":[348],"product_tag":[84],"class_list":{"0":"post-76783","1":"product","2":"type-product","3":"status-publish","4":"has-post-thumbnail","6":"product_cat-deportes_tenis","7":"product_tag-babolat","8":"pa_color-unico","9":"pa_talla-unica","10":"thunk-woo-product-list","11":"opn-qv-enable","12":"open-woo-hover-","13":"open-single-product-tab-horizontal","14":"open-shadow-","15":"open-shadow-hover-","17":"first","18":"instock","19":"sale","20":"shipping-taxable","21":"purchasable","22":"product-type-variable"},"jetpack_sharing_enabled":true,"_links":{"self":[{"href":"https:\/\/www.deporteseli.com\/index.php?rest_route=\/wp\/v2\/product\/76783","targetHints":{"allow":["GET"]}}],"collection":[{"href":"https:\/\/www.deporteseli.com\/index.php?rest_route=\/wp\/v2\/product"}],"about":[{"href":"https:\/\/www.deporteseli.com\/index.php?rest_route=\/wp\/v2\/types\/product"}],"wp:featuredmedia":[{"embeddable":true,"href":"https:\/\/www.deporteseli.com\/index.php?rest_route=\/wp\/v2\/media\/76785"}],"wp:attachment":[{"href":"https:\/\/www.deporteseli.com\/index.php?rest_route=%2Fwp%2Fv2%2Fmedia&parent=76783"}],"wp:term":[{"taxonomy":"product_brand","embeddable":true,"href":"https:\/\/www.deporteseli.com\/index.php?rest_route=%2Fwp%2Fv2%2Fproduct_brand&post=76783"},{"taxonomy":"product_cat","embeddable":true,"href":"https:\/\/www.deporteseli.com\/index.php?rest_route=%2Fwp%2Fv2%2Fproduct_cat&post=76783"},{"taxonomy":"product_tag","embeddable":true,"href":"https:\/\/www.deporteseli.com\/index.php?rest_route=%2Fwp%2Fv2%2Fproduct_tag&post=76783"}],"curies":[{"name":"wp","href":"https:\/\/api.w.org\/{rel}","templated":true}]}}