{"id":76690,"date":"2026-04-28T10:54:39","date_gmt":"2026-04-28T10:54:39","guid":{"rendered":"https:\/\/www.deporteseli.com\/?product=slip-adidas-jm9939"},"modified":"2026-04-28T10:54:43","modified_gmt":"2026-04-28T10:54:43","slug":"slip-adidas-jm9939","status":"publish","type":"product","link":"https:\/\/www.deporteseli.com\/?product=slip-adidas-jm9939","title":{"rendered":"SLIP ADIDAS JM9939"},"content":{"rendered":"<p>Sum\u00e9rgete en la versatilidad con los ba\u00f1adores Colorblock, dise\u00f1ados tanto para la nataci\u00f3n recreativa como para las actividades de deportes acu\u00e1ticos de ocio. Confeccionados con una mezcla de 78 % poliamida reciclada y 22 % elastano, estos calzoncillos ofrecen un ajuste ce\u00f1ido que se extiende a tu cuerpo, lo que garantiza comodidad y flexibilidad. Con materiales Infinitex, resisten el da\u00f1o del cloro, prolongando la vida \u00fatil de sus trajes de ba\u00f1o. La cintura de tiro medio y el cord\u00f3n ajustable proporcionan un ajuste seguro y c\u00f3modo, mientras que el logotipo de 3 barras de adidas a\u00f1ade un toque de estilo deportivo.                                                                                                                                                                                                                                                                                                                                                                                                                                                                                                                                                                                                                                                                                                                                                                                                                                                                                                                                                                                                                                        <\/p>\n","protected":false},"excerpt":{"rendered":"<p>SLIP ADIDAS JM9939<\/p>\n","protected":false},"featured_media":76694,"template":"","meta":[],"product_brand":[],"product_cat":[246],"product_tag":[18],"class_list":{"0":"post-76690","1":"product","2":"type-product","3":"status-publish","4":"has-post-thumbnail","6":"product_cat-hombre_textil_banadores","7":"product_tag-adidas","8":"pa_color-unico","9":"pa_talla-l","10":"pa_talla-m","11":"pa_talla-s","12":"thunk-woo-product-list","13":"opn-qv-enable","14":"open-woo-hover-","15":"open-single-product-tab-horizontal","16":"open-shadow-","17":"open-shadow-hover-","19":"first","20":"instock","21":"shipping-taxable","22":"purchasable","23":"product-type-variable"},"jetpack_sharing_enabled":true,"_links":{"self":[{"href":"https:\/\/www.deporteseli.com\/index.php?rest_route=\/wp\/v2\/product\/76690","targetHints":{"allow":["GET"]}}],"collection":[{"href":"https:\/\/www.deporteseli.com\/index.php?rest_route=\/wp\/v2\/product"}],"about":[{"href":"https:\/\/www.deporteseli.com\/index.php?rest_route=\/wp\/v2\/types\/product"}],"wp:featuredmedia":[{"embeddable":true,"href":"https:\/\/www.deporteseli.com\/index.php?rest_route=\/wp\/v2\/media\/76694"}],"wp:attachment":[{"href":"https:\/\/www.deporteseli.com\/index.php?rest_route=%2Fwp%2Fv2%2Fmedia&parent=76690"}],"wp:term":[{"taxonomy":"product_brand","embeddable":true,"href":"https:\/\/www.deporteseli.com\/index.php?rest_route=%2Fwp%2Fv2%2Fproduct_brand&post=76690"},{"taxonomy":"product_cat","embeddable":true,"href":"https:\/\/www.deporteseli.com\/index.php?rest_route=%2Fwp%2Fv2%2Fproduct_cat&post=76690"},{"taxonomy":"product_tag","embeddable":true,"href":"https:\/\/www.deporteseli.com\/index.php?rest_route=%2Fwp%2Fv2%2Fproduct_tag&post=76690"}],"curies":[{"name":"wp","href":"https:\/\/api.w.org\/{rel}","templated":true}]}}