{"id":76581,"date":"2026-04-27T11:58:31","date_gmt":"2026-04-27T11:58:31","guid":{"rendered":"https:\/\/www.deporteseli.com\/?product=camisa-adidas-kr2698"},"modified":"2026-04-27T11:58:37","modified_gmt":"2026-04-27T11:58:37","slug":"camisa-adidas-kr2698","status":"publish","type":"product","link":"https:\/\/www.deporteseli.com\/?product=camisa-adidas-kr2698","title":{"rendered":"CAMISA ADIDAS KR2698"},"content":{"rendered":"<p>Esta camiseta adidas presenta un dise\u00f1o vers\u00e1til que combina con todo. Se ha confeccionado en un tejido de algod\u00f3n muy c\u00f3modo y suave al tacto. Las 3 bandas en los hombros y el logotipo de las 3 bandas bordado en la parte frontal son un gui\u00f1o al legado de adidas.                                                                                                                                                                                                                                                                                                                                                                                                                                                                                                                                                                                                                                                                                                                                                                                                                                                                                                                                                                                                                                        <\/p>\n","protected":false},"excerpt":{"rendered":"<p>CAMISA ADIDAS KR2698<\/p>\n","protected":false},"featured_media":76586,"template":"","meta":[],"product_brand":[],"product_cat":[245],"product_tag":[18],"class_list":{"0":"post-76581","1":"product","2":"type-product","3":"status-publish","4":"has-post-thumbnail","6":"product_cat-hombre_textil_camisetas","7":"product_tag-adidas","8":"pa_color-unico","9":"pa_talla-l","10":"pa_talla-m","11":"pa_talla-s","12":"pa_talla-xl","13":"thunk-woo-product-list","14":"opn-qv-enable","15":"open-woo-hover-","16":"open-single-product-tab-horizontal","17":"open-shadow-","18":"open-shadow-hover-","20":"first","21":"instock","22":"shipping-taxable","23":"purchasable","24":"product-type-variable"},"jetpack_sharing_enabled":true,"_links":{"self":[{"href":"https:\/\/www.deporteseli.com\/index.php?rest_route=\/wp\/v2\/product\/76581","targetHints":{"allow":["GET"]}}],"collection":[{"href":"https:\/\/www.deporteseli.com\/index.php?rest_route=\/wp\/v2\/product"}],"about":[{"href":"https:\/\/www.deporteseli.com\/index.php?rest_route=\/wp\/v2\/types\/product"}],"wp:featuredmedia":[{"embeddable":true,"href":"https:\/\/www.deporteseli.com\/index.php?rest_route=\/wp\/v2\/media\/76586"}],"wp:attachment":[{"href":"https:\/\/www.deporteseli.com\/index.php?rest_route=%2Fwp%2Fv2%2Fmedia&parent=76581"}],"wp:term":[{"taxonomy":"product_brand","embeddable":true,"href":"https:\/\/www.deporteseli.com\/index.php?rest_route=%2Fwp%2Fv2%2Fproduct_brand&post=76581"},{"taxonomy":"product_cat","embeddable":true,"href":"https:\/\/www.deporteseli.com\/index.php?rest_route=%2Fwp%2Fv2%2Fproduct_cat&post=76581"},{"taxonomy":"product_tag","embeddable":true,"href":"https:\/\/www.deporteseli.com\/index.php?rest_route=%2Fwp%2Fv2%2Fproduct_tag&post=76581"}],"curies":[{"name":"wp","href":"https:\/\/api.w.org\/{rel}","templated":true}]}}