{"id":76538,"date":"2026-04-27T11:55:18","date_gmt":"2026-04-27T11:55:18","guid":{"rendered":"https:\/\/www.deporteseli.com\/?product=bermuda-adidas-ka4916"},"modified":"2026-04-27T11:55:26","modified_gmt":"2026-04-27T11:55:26","slug":"bermuda-adidas-ka4916","status":"publish","type":"product","link":"https:\/\/www.deporteseli.com\/?product=bermuda-adidas-ka4916","title":{"rendered":"BERMUDA ADIDAS KA4916"},"content":{"rendered":"<p>Ba\u00f1ador cl\u00e1sico con calzoncillo interior de malla.  No importa si el plan es pasar el d\u00eda en la playa o relajarte junto a la piscina, este ba\u00f1ador adidas es el compa\u00f1ero perfecto de estilo informal. Est\u00e1 confeccionado con un ligero tejido de secado r\u00e1pido, y ofrece un ajuste c\u00f3modo y la cobertura que necesitas para relajarte y disfrutar del sol. El toque final a este dise\u00f1o vers\u00e1til lo aporta el logotipo de las 3 bandas, que resalta tu lado deportivo.  Corte cl\u00e1sico  Cintura el\u00e1stica  100% poli\u00e9ster (reciclado)  Color del art\u00edculo: Dark Blue \/ White  N\u00famero de art\u00edculo: KA4916                                                                                                                                                                                                                                                                                                                                                                                                                                                                                                                                                                                                                                                                                                                                                                                                                                                                                                                                                                                                                                        <\/p>\n","protected":false},"excerpt":{"rendered":"<p>BERMUDA ADIDAS KA4916<\/p>\n","protected":false},"featured_media":76544,"template":"","meta":[],"product_brand":[],"product_cat":[246],"product_tag":[18],"class_list":{"0":"post-76538","1":"product","2":"type-product","3":"status-publish","4":"has-post-thumbnail","6":"product_cat-hombre_textil_banadores","7":"product_tag-adidas","8":"pa_color-unico","9":"pa_talla-l","10":"pa_talla-m","11":"pa_talla-s","12":"pa_talla-xl","13":"pa_talla-xxl","14":"thunk-woo-product-list","15":"opn-qv-enable","16":"open-woo-hover-","17":"open-single-product-tab-horizontal","18":"open-shadow-","19":"open-shadow-hover-","21":"first","22":"instock","23":"shipping-taxable","24":"purchasable","25":"product-type-variable"},"jetpack_sharing_enabled":true,"_links":{"self":[{"href":"https:\/\/www.deporteseli.com\/index.php?rest_route=\/wp\/v2\/product\/76538","targetHints":{"allow":["GET"]}}],"collection":[{"href":"https:\/\/www.deporteseli.com\/index.php?rest_route=\/wp\/v2\/product"}],"about":[{"href":"https:\/\/www.deporteseli.com\/index.php?rest_route=\/wp\/v2\/types\/product"}],"wp:featuredmedia":[{"embeddable":true,"href":"https:\/\/www.deporteseli.com\/index.php?rest_route=\/wp\/v2\/media\/76544"}],"wp:attachment":[{"href":"https:\/\/www.deporteseli.com\/index.php?rest_route=%2Fwp%2Fv2%2Fmedia&parent=76538"}],"wp:term":[{"taxonomy":"product_brand","embeddable":true,"href":"https:\/\/www.deporteseli.com\/index.php?rest_route=%2Fwp%2Fv2%2Fproduct_brand&post=76538"},{"taxonomy":"product_cat","embeddable":true,"href":"https:\/\/www.deporteseli.com\/index.php?rest_route=%2Fwp%2Fv2%2Fproduct_cat&post=76538"},{"taxonomy":"product_tag","embeddable":true,"href":"https:\/\/www.deporteseli.com\/index.php?rest_route=%2Fwp%2Fv2%2Fproduct_tag&post=76538"}],"curies":[{"name":"wp","href":"https:\/\/api.w.org\/{rel}","templated":true}]}}