{"id":76490,"date":"2026-04-27T11:52:03","date_gmt":"2026-04-27T11:52:03","guid":{"rendered":"https:\/\/www.deporteseli.com\/?product=chandal-adidas-jn6512"},"modified":"2026-04-27T11:52:08","modified_gmt":"2026-04-27T11:52:08","slug":"chandal-adidas-jn6512","status":"publish","type":"product","link":"https:\/\/www.deporteseli.com\/?product=chandal-adidas-jn6512","title":{"rendered":"CHANDAL ADIDAS JN6512"},"content":{"rendered":"<p>In\u00edciale en el estilo adidas  Este conjunto adidas es perfecto para que tu peque juegue, explore o descanse con total comodidad. Se ha confeccionado en un c\u00e1lido tejido de felpa que le protege del fr\u00edo y cuenta con pu\u00f1os de canal\u00e9 y una cintura el\u00e1stica que le ofrecen un ajuste seguro. Las emblem\u00e1ticas 3 bandas le confieren un toque deportivo.    Al elegir materiales reciclados, podemos dar nueva vida a materiales que ya se han utilizado, lo que contribuye a reducir los residuos. La utilizaci\u00f3n de materiales renovables nos ayuda a acabar con nuestra dependencia de los recursos finitos. Nuestros productos fabricados con materiales reciclados y renovables contienen al menos un 70% de estos materiales.  Corte cl\u00e1sico con talle medio  Cierre de cremallera y capucha  70% algod\u00f3n \/ 30% poli\u00e9ster (reciclado)  Bolsillo canguro  Sudadera con pu\u00f1os y dobladillo de canal\u00e9  Cintura el\u00e1stica con cord\u00f3n  Pantal\u00f3n con pu\u00f1os el\u00e1sticos  Contiene al menos un 70% de material reciclado y renovable  Color del art\u00edculo: Pure Ruby \/ Black  N\u00famero de art\u00edculo: JN6512                                                                                                                                                                                                                                                                                                                                                                                                                                                                                                                                                                                                                                                                                                                                                                                                                                                                                                                                                                                                                                        <\/p>\n","protected":false},"excerpt":{"rendered":"<p>CHANDAL ADIDAS JN6512<\/p>\n","protected":false},"featured_media":76496,"template":"","meta":[],"product_brand":[],"product_cat":[298],"product_tag":[18],"class_list":{"0":"post-76490","1":"product","2":"type-product","3":"status-publish","4":"has-post-thumbnail","6":"product_cat-nino_textil_chandals","7":"product_tag-adidas","8":"pa_color-unico","9":"pa_talla-12-meses","10":"pa_talla-18-meses","11":"pa_talla-103","12":"pa_talla-167","13":"pa_talla-168","14":"thunk-woo-product-list","15":"opn-qv-enable","16":"open-woo-hover-","17":"open-single-product-tab-horizontal","18":"open-shadow-","19":"open-shadow-hover-","21":"first","22":"instock","23":"shipping-taxable","24":"purchasable","25":"product-type-variable"},"jetpack_sharing_enabled":true,"_links":{"self":[{"href":"https:\/\/www.deporteseli.com\/index.php?rest_route=\/wp\/v2\/product\/76490","targetHints":{"allow":["GET"]}}],"collection":[{"href":"https:\/\/www.deporteseli.com\/index.php?rest_route=\/wp\/v2\/product"}],"about":[{"href":"https:\/\/www.deporteseli.com\/index.php?rest_route=\/wp\/v2\/types\/product"}],"wp:featuredmedia":[{"embeddable":true,"href":"https:\/\/www.deporteseli.com\/index.php?rest_route=\/wp\/v2\/media\/76496"}],"wp:attachment":[{"href":"https:\/\/www.deporteseli.com\/index.php?rest_route=%2Fwp%2Fv2%2Fmedia&parent=76490"}],"wp:term":[{"taxonomy":"product_brand","embeddable":true,"href":"https:\/\/www.deporteseli.com\/index.php?rest_route=%2Fwp%2Fv2%2Fproduct_brand&post=76490"},{"taxonomy":"product_cat","embeddable":true,"href":"https:\/\/www.deporteseli.com\/index.php?rest_route=%2Fwp%2Fv2%2Fproduct_cat&post=76490"},{"taxonomy":"product_tag","embeddable":true,"href":"https:\/\/www.deporteseli.com\/index.php?rest_route=%2Fwp%2Fv2%2Fproduct_tag&post=76490"}],"curies":[{"name":"wp","href":"https:\/\/api.w.org\/{rel}","templated":true}]}}