{"id":76481,"date":"2026-04-27T11:51:35","date_gmt":"2026-04-27T11:51:35","guid":{"rendered":"https:\/\/www.deporteseli.com\/?product=set-adidas-jd8164"},"modified":"2026-04-27T11:51:43","modified_gmt":"2026-04-27T11:51:43","slug":"set-adidas-jd8164","status":"publish","type":"product","link":"https:\/\/www.deporteseli.com\/?product=set-adidas-jd8164","title":{"rendered":"SET ADIDAS JD8164"},"content":{"rendered":"<p>Prepara a tu peque para una jornada de diversi\u00f3n sin freno con este conjunto adidas. Incluye una camiseta de algod\u00f3n y un pantal\u00f3n corto a juego perfectos tanto para sus actividades diarias como para descansar. Su tejido c\u00f3modo y suave lo convierte en un d\u00fao esencial que no puede faltar en su peque\u00f1o armario.                                                                                                                                                                                                                                                                                                                                                                                                                                                                                                                                                                                                                                                                                                                                                                                                                                                                                                                                                                                                                                        <\/p>\n","protected":false},"excerpt":{"rendered":"<p>SET ADIDAS JD8164<\/p>\n","protected":false},"featured_media":76487,"template":"","meta":[],"product_brand":[],"product_cat":[297],"product_tag":[18],"class_list":{"0":"post-76481","1":"product","2":"type-product","3":"status-publish","4":"has-post-thumbnail","6":"product_cat-nino_textil_conjuntos","7":"product_tag-adidas","8":"pa_color-unico","9":"pa_talla-12-meses","10":"pa_talla-18-meses","11":"pa_talla-103","12":"pa_talla-167","13":"pa_talla-168","14":"thunk-woo-product-list","15":"opn-qv-enable","16":"open-woo-hover-","17":"open-single-product-tab-horizontal","18":"open-shadow-","19":"open-shadow-hover-","21":"first","22":"instock","23":"shipping-taxable","24":"purchasable","25":"product-type-variable"},"jetpack_sharing_enabled":true,"_links":{"self":[{"href":"https:\/\/www.deporteseli.com\/index.php?rest_route=\/wp\/v2\/product\/76481","targetHints":{"allow":["GET"]}}],"collection":[{"href":"https:\/\/www.deporteseli.com\/index.php?rest_route=\/wp\/v2\/product"}],"about":[{"href":"https:\/\/www.deporteseli.com\/index.php?rest_route=\/wp\/v2\/types\/product"}],"wp:featuredmedia":[{"embeddable":true,"href":"https:\/\/www.deporteseli.com\/index.php?rest_route=\/wp\/v2\/media\/76487"}],"wp:attachment":[{"href":"https:\/\/www.deporteseli.com\/index.php?rest_route=%2Fwp%2Fv2%2Fmedia&parent=76481"}],"wp:term":[{"taxonomy":"product_brand","embeddable":true,"href":"https:\/\/www.deporteseli.com\/index.php?rest_route=%2Fwp%2Fv2%2Fproduct_brand&post=76481"},{"taxonomy":"product_cat","embeddable":true,"href":"https:\/\/www.deporteseli.com\/index.php?rest_route=%2Fwp%2Fv2%2Fproduct_cat&post=76481"},{"taxonomy":"product_tag","embeddable":true,"href":"https:\/\/www.deporteseli.com\/index.php?rest_route=%2Fwp%2Fv2%2Fproduct_tag&post=76481"}],"curies":[{"name":"wp","href":"https:\/\/api.w.org\/{rel}","templated":true}]}}