{"id":76432,"date":"2026-04-27T11:49:01","date_gmt":"2026-04-27T11:49:01","guid":{"rendered":"https:\/\/www.deporteseli.com\/?product=mochila-adidas-ke3779"},"modified":"2026-04-27T11:49:03","modified_gmt":"2026-04-27T11:49:03","slug":"mochila-adidas-ke3779","status":"publish","type":"product","link":"https:\/\/www.deporteseli.com\/?product=mochila-adidas-ke3779","title":{"rendered":"MOCHILA ADIDAS KE3779"},"content":{"rendered":"<p>Mochila funcional con compartimento para el port\u00e1til y dise\u00f1o pensado para la comodidad.  Exprime al m\u00e1ximo tus aventuras cotidianas con la mochila PrimeLift de adidas. Su amplio compartimento principal guarda todo lo que necesit\u00e1s, ya sea para ir al gimnasio, moverte por la ciudad o salir de aventura.    Un bolsillo lateral mantiene tu botell\u00edn de agua al alcance, mientras que el bolsillo frontal con cremallera protege los objetos peque\u00f1os para tenerlos siempre a mano.    El compartimento externo para el port\u00e1til cuida tu tecnolog\u00eda, y los cordones de compresi\u00f3n laterales te permiten ajustar el tama\u00f1o seg\u00fan lo que lleves.    El panel trasero de malla ventilada ayuda a mantenerte fresco en movimiento, y la estructura de tejido t\u00e9cnico aporta resistencia al desgaste con un estilo limpio y moderno. Lista para todo, esta mochila pr\u00e1ctica y vers\u00e1til acompa\u00f1a tu ritmo activo con estilo.  Tama\u00f1o: 470 mm \u00d7 300 mm  Capacidad: 26,5 L  100% poli\u00e9ster (100% reciclado)  Tejido t\u00e9cnico resistente  Bolsillo lateral para el botell\u00edn  Bolsillo frontal con cremallera  Compartimento exterior para el port\u00e1til  Cordones de compresi\u00f3n laterales  Panel trasero de malla de ventilaci\u00f3n  Color del art\u00edculo: Beige \/ Grey Six  N\u00famero de art\u00edculo: KE3779                                                                                                                                                                                                                                                                                                                                                                                                                                                                                                                                                                                                                                                                                                                                                                                                                                                                                                                                                                                                                                        <\/p>\n","protected":false},"excerpt":{"rendered":"<p>MOCHILA ADIDAS KE3779<\/p>\n","protected":false},"featured_media":76434,"template":"","meta":[],"product_brand":[],"product_cat":[401],"product_tag":[18],"class_list":{"0":"post-76432","1":"product","2":"type-product","3":"status-publish","4":"has-post-thumbnail","6":"product_cat-accesorios_mochilas","7":"product_tag-adidas","8":"pa_color-unico","9":"pa_talla-unica","10":"thunk-woo-product-list","11":"opn-qv-enable","12":"open-woo-hover-","13":"open-single-product-tab-horizontal","14":"open-shadow-","15":"open-shadow-hover-","17":"first","18":"instock","19":"shipping-taxable","20":"purchasable","21":"product-type-variable"},"jetpack_sharing_enabled":true,"_links":{"self":[{"href":"https:\/\/www.deporteseli.com\/index.php?rest_route=\/wp\/v2\/product\/76432","targetHints":{"allow":["GET"]}}],"collection":[{"href":"https:\/\/www.deporteseli.com\/index.php?rest_route=\/wp\/v2\/product"}],"about":[{"href":"https:\/\/www.deporteseli.com\/index.php?rest_route=\/wp\/v2\/types\/product"}],"wp:featuredmedia":[{"embeddable":true,"href":"https:\/\/www.deporteseli.com\/index.php?rest_route=\/wp\/v2\/media\/76434"}],"wp:attachment":[{"href":"https:\/\/www.deporteseli.com\/index.php?rest_route=%2Fwp%2Fv2%2Fmedia&parent=76432"}],"wp:term":[{"taxonomy":"product_brand","embeddable":true,"href":"https:\/\/www.deporteseli.com\/index.php?rest_route=%2Fwp%2Fv2%2Fproduct_brand&post=76432"},{"taxonomy":"product_cat","embeddable":true,"href":"https:\/\/www.deporteseli.com\/index.php?rest_route=%2Fwp%2Fv2%2Fproduct_cat&post=76432"},{"taxonomy":"product_tag","embeddable":true,"href":"https:\/\/www.deporteseli.com\/index.php?rest_route=%2Fwp%2Fv2%2Fproduct_tag&post=76432"}],"curies":[{"name":"wp","href":"https:\/\/api.w.org\/{rel}","templated":true}]}}