{"id":76426,"date":"2026-04-27T11:48:38","date_gmt":"2026-04-27T11:48:38","guid":{"rendered":"https:\/\/www.deporteseli.com\/?product=zapatillero-adidas-kd4246"},"modified":"2026-04-27T11:48:40","modified_gmt":"2026-04-27T11:48:40","slug":"zapatillero-adidas-kd4246","status":"publish","type":"product","link":"https:\/\/www.deporteseli.com\/?product=zapatillero-adidas-kd4246","title":{"rendered":"ZAPATILLERO ADIDAS KD4246"},"content":{"rendered":"<p>Maleta deportiva peque\u00f1a para tenis con cierre para acceder f\u00e1cilmente al equipo.  Presentamos la Bolsa para Tacos Tiro, dise\u00f1ada para mantener tu equipo organizado y listo para la acci\u00f3n. Para ir al entrenamiento o equiparse para un partido, esta bolsa para calzado mantiene los calzado de f\u00fatbol a la mano.    Fabricada con un cierre, luce las 3 franjas adidas y el logo de las 3 barras para darle m\u00e1s estilo  esta bolsa ofrece un acceso r\u00e1pido al equipo y es f\u00e1cil de llevar. Ideal para los equipos o el uso individual de los jugadores, esta bolsa para calzado es un testimonio del compromiso de adidas con la calidad y el rendimiento.    \u00danete a las filas de los jugadores de f\u00fatbol que conf\u00edan en adidas para satisfacer sus necesidades deportivas. Adopta el esp\u00edritu deportivo y lleva tu equipo con confianza.  Dimensiones: 37 cm x 23 cm  Capacidad: 10.68 litros  100 % poli\u00e9ster (100 % reciclado)  Material de tejido liso  Cierre  Color del art\u00edculo: Team Navy Blue 2 \/ White  N\u00famero de art\u00edculo: KD4246                                                                                                                                                                                                                                                                                                                                                                                                                                                                                                                                                                                                                                                                                                                                                                                                                                                                                                                                                                                                                                        <\/p>\n","protected":false},"excerpt":{"rendered":"<p>ZAPATILLERO ADIDAS KD4246<\/p>\n","protected":false},"featured_media":76428,"template":"","meta":[],"product_brand":[],"product_cat":[321],"product_tag":[18],"class_list":{"0":"post-76426","1":"product","2":"type-product","3":"status-publish","4":"has-post-thumbnail","6":"product_cat-deportes_futbol_zapatilleros","7":"product_tag-adidas","8":"pa_color-unico","9":"pa_talla-unica","10":"thunk-woo-product-list","11":"opn-qv-enable","12":"open-woo-hover-","13":"open-single-product-tab-horizontal","14":"open-shadow-","15":"open-shadow-hover-","17":"first","18":"instock","19":"shipping-taxable","20":"purchasable","21":"product-type-variable"},"jetpack_sharing_enabled":true,"_links":{"self":[{"href":"https:\/\/www.deporteseli.com\/index.php?rest_route=\/wp\/v2\/product\/76426","targetHints":{"allow":["GET"]}}],"collection":[{"href":"https:\/\/www.deporteseli.com\/index.php?rest_route=\/wp\/v2\/product"}],"about":[{"href":"https:\/\/www.deporteseli.com\/index.php?rest_route=\/wp\/v2\/types\/product"}],"wp:featuredmedia":[{"embeddable":true,"href":"https:\/\/www.deporteseli.com\/index.php?rest_route=\/wp\/v2\/media\/76428"}],"wp:attachment":[{"href":"https:\/\/www.deporteseli.com\/index.php?rest_route=%2Fwp%2Fv2%2Fmedia&parent=76426"}],"wp:term":[{"taxonomy":"product_brand","embeddable":true,"href":"https:\/\/www.deporteseli.com\/index.php?rest_route=%2Fwp%2Fv2%2Fproduct_brand&post=76426"},{"taxonomy":"product_cat","embeddable":true,"href":"https:\/\/www.deporteseli.com\/index.php?rest_route=%2Fwp%2Fv2%2Fproduct_cat&post=76426"},{"taxonomy":"product_tag","embeddable":true,"href":"https:\/\/www.deporteseli.com\/index.php?rest_route=%2Fwp%2Fv2%2Fproduct_tag&post=76426"}],"curies":[{"name":"wp","href":"https:\/\/api.w.org\/{rel}","templated":true}]}}