{"id":76415,"date":"2026-04-27T11:47:51","date_gmt":"2026-04-27T11:47:51","guid":{"rendered":"https:\/\/www.deporteseli.com\/?product=mochila-adidas-jz2308"},"modified":"2026-04-27T11:47:53","modified_gmt":"2026-04-27T11:47:53","slug":"mochila-adidas-jz2308","status":"publish","type":"product","link":"https:\/\/www.deporteseli.com\/?product=mochila-adidas-jz2308","title":{"rendered":"MOCHILA ADIDAS JZ2308"},"content":{"rendered":"<p>Mant\u00e9n tus b\u00e1sicos a mano con esta mochila de m\u00faltiples compartimentos.  La mochila adidas APWR es tu compa\u00f1era ideal para las aventuras del d\u00eda a d\u00eda. Con su elegante dise\u00f1o y su pr\u00e1ctico manejo, este accesorio esencial se ha concebido para seguir el ritmo de tu din\u00e1mico estilo de vida.    El compartimento externo para el port\u00e1til ofrece un espacio espec\u00edfico para tu dispositivo o tableta, mientras que un pr\u00e1ctico bolsillo lateral permite tener a mano el botell\u00edn de agua.    Confeccionada en un tejido t\u00e9cnico, la tela ofrece resistencia al desgaste y un aspecto elegante. El panel trasero de malla a\u00f1ade ventilaci\u00f3n, y ayuda a la persona que la lleva a sentirte seca y c\u00f3moda incluso en los momentos de m\u00e1ximo ajetreo.    Con los cordones de compresi\u00f3n laterales, puedes ajustar el volumen en funci\u00f3n de las cosas que lleves dentro. Y con el ic\u00f3nico logotipo a la vista, la mochila no solo ofrece funcionalidad, sino tambi\u00e9n un toque de estilo.    Agiliza tu d\u00eda a d\u00eda y disfruta de un rendimiento de siguiente nivel con esta mochila adidas dise\u00f1ada con esmero.  Dimensiones: 470 mm \u00d7 300 mm  Capacidad: 26,5 L  100% poli\u00e9ster (100% reciclado)  Tejido t\u00e9cnico resistente  Bolsillo lateral para botell\u00edn  Bolsillo frontal con cremallera  Compartimento externo para el port\u00e1til  Correas de compresi\u00f3n laterales  Panel trasero de malla  Color del art\u00edculo: Black \/ White  N\u00famero de art\u00edculo: JZ2308                                                                                                                                                                                                                                                                                                                                                                                                                                                                                                                                                                                                                                                                                                                                                                                                                                                                                                                                                                                                                                        <\/p>\n","protected":false},"excerpt":{"rendered":"<p>MOCHILA ADIDAS JZ2308<\/p>\n","protected":false},"featured_media":76417,"template":"","meta":[],"product_brand":[],"product_cat":[401],"product_tag":[18],"class_list":{"0":"post-76415","1":"product","2":"type-product","3":"status-publish","4":"has-post-thumbnail","6":"product_cat-accesorios_mochilas","7":"product_tag-adidas","8":"pa_color-unico","9":"pa_talla-unica","10":"thunk-woo-product-list","11":"opn-qv-enable","12":"open-woo-hover-","13":"open-single-product-tab-horizontal","14":"open-shadow-","15":"open-shadow-hover-","17":"first","18":"instock","19":"shipping-taxable","20":"purchasable","21":"product-type-variable"},"jetpack_sharing_enabled":true,"_links":{"self":[{"href":"https:\/\/www.deporteseli.com\/index.php?rest_route=\/wp\/v2\/product\/76415","targetHints":{"allow":["GET"]}}],"collection":[{"href":"https:\/\/www.deporteseli.com\/index.php?rest_route=\/wp\/v2\/product"}],"about":[{"href":"https:\/\/www.deporteseli.com\/index.php?rest_route=\/wp\/v2\/types\/product"}],"wp:featuredmedia":[{"embeddable":true,"href":"https:\/\/www.deporteseli.com\/index.php?rest_route=\/wp\/v2\/media\/76417"}],"wp:attachment":[{"href":"https:\/\/www.deporteseli.com\/index.php?rest_route=%2Fwp%2Fv2%2Fmedia&parent=76415"}],"wp:term":[{"taxonomy":"product_brand","embeddable":true,"href":"https:\/\/www.deporteseli.com\/index.php?rest_route=%2Fwp%2Fv2%2Fproduct_brand&post=76415"},{"taxonomy":"product_cat","embeddable":true,"href":"https:\/\/www.deporteseli.com\/index.php?rest_route=%2Fwp%2Fv2%2Fproduct_cat&post=76415"},{"taxonomy":"product_tag","embeddable":true,"href":"https:\/\/www.deporteseli.com\/index.php?rest_route=%2Fwp%2Fv2%2Fproduct_tag&post=76415"}],"curies":[{"name":"wp","href":"https:\/\/api.w.org\/{rel}","templated":true}]}}