{"id":76350,"date":"2026-04-25T08:54:46","date_gmt":"2026-04-25T08:54:46","guid":{"rendered":"https:\/\/www.deporteseli.com\/?product=tenis-adidas-pickleball-courtflash-jq3248"},"modified":"2026-04-25T08:54:59","modified_gmt":"2026-04-25T08:54:59","slug":"tenis-adidas-pickleball-courtflash-jq3248","status":"publish","type":"product","link":"https:\/\/www.deporteseli.com\/?product=tenis-adidas-pickleball-courtflash-jq3248","title":{"rendered":"TENIS ADIDAS PICKLEBALL COURTFLASH JQ3248"},"content":{"rendered":"<p>Las zapatillas de pickleball Courtflash est\u00e1n dise\u00f1adas para un juego de pies afilado y una intenci\u00f3n clara. Ligera y transpirable, la parte superior de malla envuelve el pie para un ajuste seguro, mientras que la suela ofrece una comodidad que absorbe los impactos y no interrumpe tu ritmo. La suela Adiwear se agarra de forma fiable a las superficies de la pista, lo que permite transiciones \u00e1giles y cambios de direcci\u00f3n r\u00e1pidos. Una puntera reforzada agrega durabilidad donde cuenta, partido tras partido. Dise\u00f1adas por adidas para el ritmo y la precisi\u00f3n del pickleball, estas zapatillas ayudan a mantener la eficiencia de tus movimientos y proporcionan una base s\u00f3lida para tu juego.                                                                                                                                                                                                                                                                                                                                                                                                                                                                                                                                                                                                                                                                                                                                                                                                                                                                                                                                                                                                                                        <\/p>\n","protected":false},"excerpt":{"rendered":"<p>TENIS ADIDAS PICKLEBALL COURTFLASH JQ3248<\/p>\n","protected":false},"featured_media":76359,"template":"","meta":[],"product_brand":[],"product_cat":[432],"product_tag":[18],"class_list":{"0":"post-76350","1":"product","2":"type-product","3":"status-publish","4":"has-post-thumbnail","6":"product_cat-pickleball_calzado","7":"product_tag-adidas","8":"pa_color-unico","9":"pa_talla-141","10":"pa_talla-36-5","11":"pa_talla-37-5","12":"pa_talla-145","13":"pa_talla-38-5","14":"pa_talla-39-5","15":"pa_talla-40-5","16":"pa_talla-41-5","17":"thunk-woo-product-list","18":"opn-qv-enable","19":"open-woo-hover-","20":"open-single-product-tab-horizontal","21":"open-shadow-","22":"open-shadow-hover-","24":"first","25":"instock","26":"sale","27":"shipping-taxable","28":"purchasable","29":"product-type-variable"},"jetpack_sharing_enabled":true,"_links":{"self":[{"href":"https:\/\/www.deporteseli.com\/index.php?rest_route=\/wp\/v2\/product\/76350","targetHints":{"allow":["GET"]}}],"collection":[{"href":"https:\/\/www.deporteseli.com\/index.php?rest_route=\/wp\/v2\/product"}],"about":[{"href":"https:\/\/www.deporteseli.com\/index.php?rest_route=\/wp\/v2\/types\/product"}],"wp:featuredmedia":[{"embeddable":true,"href":"https:\/\/www.deporteseli.com\/index.php?rest_route=\/wp\/v2\/media\/76359"}],"wp:attachment":[{"href":"https:\/\/www.deporteseli.com\/index.php?rest_route=%2Fwp%2Fv2%2Fmedia&parent=76350"}],"wp:term":[{"taxonomy":"product_brand","embeddable":true,"href":"https:\/\/www.deporteseli.com\/index.php?rest_route=%2Fwp%2Fv2%2Fproduct_brand&post=76350"},{"taxonomy":"product_cat","embeddable":true,"href":"https:\/\/www.deporteseli.com\/index.php?rest_route=%2Fwp%2Fv2%2Fproduct_cat&post=76350"},{"taxonomy":"product_tag","embeddable":true,"href":"https:\/\/www.deporteseli.com\/index.php?rest_route=%2Fwp%2Fv2%2Fproduct_tag&post=76350"}],"curies":[{"name":"wp","href":"https:\/\/api.w.org\/{rel}","templated":true}]}}