{"id":76335,"date":"2026-04-25T08:53:31","date_gmt":"2026-04-25T08:53:31","guid":{"rendered":"https:\/\/www.deporteseli.com\/?product=tenis-adidas-pickleball-courtflash-jq0695"},"modified":"2026-04-25T08:53:44","modified_gmt":"2026-04-25T08:53:44","slug":"tenis-adidas-pickleball-courtflash-jq0695","status":"publish","type":"product","link":"https:\/\/www.deporteseli.com\/?product=tenis-adidas-pickleball-courtflash-jq0695","title":{"rendered":"TENIS ADIDAS PICKLEBALL COURTFLASH JQ0695"},"content":{"rendered":"<p>Pule tu juego de pickleball con zapatillas adidas dise\u00f1adas para un juego c\u00f3modo y \u00e1gil. Con una puntera Adituff para ayudar a proteger contra la abrasi\u00f3n del arrastre del pie, la parte superior de malla liviana te mantiene r\u00e1pido en la cancha. Debajo, una suela exterior Adiwear duradera se agarra a las superficies de cancha dura para cortes r\u00e1pidos y pasos laterales. Este producto cuenta con al menos un 20% de materiales reciclados. Al reutilizar materiales que ya se han creado, ayudamos a reducir los residuos y nuestra dependencia de recursos finitos y reducimos la huella de los productos que fabricamos.                                                                                                                                                                                                                                                                                                                                                                                                                                                                                                                                                                                                                                                                                                                                                                                                                                                                                                                                                                                                                                        <\/p>\n","protected":false},"excerpt":{"rendered":"<p>TENIS ADIDAS PICKLEBALL COURTFLASH JQ0695<\/p>\n","protected":false},"featured_media":76345,"template":"","meta":[],"product_brand":[],"product_cat":[432],"product_tag":[18],"class_list":{"0":"post-76335","1":"product","2":"type-product","3":"status-publish","4":"has-post-thumbnail","6":"product_cat-pickleball_calzado","7":"product_tag-adidas","8":"pa_color-unico","9":"pa_talla-40-5","10":"pa_talla-41-5","11":"pa_talla-153","12":"pa_talla-42-5","13":"pa_talla-43-5","14":"pa_talla-157","15":"pa_talla-44-5","16":"pa_talla-45-5","17":"pa_talla-161","18":"thunk-woo-product-list","19":"opn-qv-enable","20":"open-woo-hover-","21":"open-single-product-tab-horizontal","22":"open-shadow-","23":"open-shadow-hover-","25":"first","26":"instock","27":"sale","28":"shipping-taxable","29":"purchasable","30":"product-type-variable"},"jetpack_sharing_enabled":true,"_links":{"self":[{"href":"https:\/\/www.deporteseli.com\/index.php?rest_route=\/wp\/v2\/product\/76335","targetHints":{"allow":["GET"]}}],"collection":[{"href":"https:\/\/www.deporteseli.com\/index.php?rest_route=\/wp\/v2\/product"}],"about":[{"href":"https:\/\/www.deporteseli.com\/index.php?rest_route=\/wp\/v2\/types\/product"}],"wp:featuredmedia":[{"embeddable":true,"href":"https:\/\/www.deporteseli.com\/index.php?rest_route=\/wp\/v2\/media\/76345"}],"wp:attachment":[{"href":"https:\/\/www.deporteseli.com\/index.php?rest_route=%2Fwp%2Fv2%2Fmedia&parent=76335"}],"wp:term":[{"taxonomy":"product_brand","embeddable":true,"href":"https:\/\/www.deporteseli.com\/index.php?rest_route=%2Fwp%2Fv2%2Fproduct_brand&post=76335"},{"taxonomy":"product_cat","embeddable":true,"href":"https:\/\/www.deporteseli.com\/index.php?rest_route=%2Fwp%2Fv2%2Fproduct_cat&post=76335"},{"taxonomy":"product_tag","embeddable":true,"href":"https:\/\/www.deporteseli.com\/index.php?rest_route=%2Fwp%2Fv2%2Fproduct_tag&post=76335"}],"curies":[{"name":"wp","href":"https:\/\/api.w.org\/{rel}","templated":true}]}}