{"id":76291,"date":"2026-04-25T06:42:03","date_gmt":"2026-04-25T06:42:03","guid":{"rendered":"https:\/\/www.deporteseli.com\/?product=botas-joma-toledo-2601bk"},"modified":"2026-04-25T06:42:14","modified_gmt":"2026-04-25T06:42:14","slug":"botas-joma-toledo-2601bk","status":"publish","type":"product","link":"https:\/\/www.deporteseli.com\/?product=botas-joma-toledo-2601bk","title":{"rendered":"BOTAS JOMA TOLEDO 2601BK"},"content":{"rendered":"<p>Botas de f\u00fatbol para c\u00e9sped artificial (AG). El modelo Toledo ha evolucionado hasta la colecci\u00f3n de adulto. Este dise\u00f1o t\u00e9cnico para futbolistas en proyecci\u00f3n, elaborado con materiales resistentes optimizan los entrenamientos.    Upper de estilo cl\u00e1sico confeccionado en piel sint\u00e9tica, un material de f\u00e1cil cuidado y larga duraci\u00f3n.    Para conseguir un ajuste m\u00e1s envolvente, incorporan el SOCK SYSTEM, una estructura tipo calcet\u00edn que se adapta al tobillo como una segunda piel.    La estructura trasera est\u00e1 reforzada con un contrafuerte EXO COUNTER. Esta pieza mejora la estabilidad en los cambios de direcci\u00f3n.    La suela elaborada con fibra sint\u00e9tica. Dise\u00f1ada para ofrecer una alta resistencia frente al desgaste por abrasi\u00f3n. Su estructura de tacos est\u00e1 optimizada para c\u00e9sped artificial, favoreciendo el reparto del peso, mejorando el agarre y maximizando la tracci\u00f3n durante el juego.    Caracter\u00edsticas    Corte de piel sint\u00e9tica    Suela de tacos de fibra sint\u00e9tica    Contrafuerte en trasera EXO Counter    Cuello SOCK SYSTEM    Informaci\u00f3n t\u00e9cnica    Terreno: c\u00e9sped artificial (AG)                                                                                                                                                                                                                                                                                                                                                                                                                                                                                                                                                                                                                                                                                                                                                                                                                                                                                                                                                                                                                                        <\/p>\n","protected":false},"excerpt":{"rendered":"<p>BOTAS JOMA TOLEDO 2601BK<\/p>\n","protected":false},"featured_media":76302,"template":"","meta":[],"product_brand":[],"product_cat":[318],"product_tag":[31],"class_list":{"0":"post-76291","1":"product","2":"type-product","3":"status-publish","4":"has-post-thumbnail","6":"product_cat-deportes_futbol_botas","7":"product_tag-joma","8":"pa_color-unico","9":"pa_talla-149","10":"pa_talla-40-5","11":"pa_talla-151","12":"pa_talla-153","13":"pa_talla-42-5","14":"pa_talla-155","15":"pa_talla-157","16":"pa_talla-44-5","17":"pa_talla-159","18":"pa_talla-161","19":"thunk-woo-product-list","20":"opn-qv-enable","21":"open-woo-hover-","22":"open-single-product-tab-horizontal","23":"open-shadow-","24":"open-shadow-hover-","26":"first","27":"instock","28":"shipping-taxable","29":"purchasable","30":"product-type-variable"},"jetpack_sharing_enabled":true,"_links":{"self":[{"href":"https:\/\/www.deporteseli.com\/index.php?rest_route=\/wp\/v2\/product\/76291","targetHints":{"allow":["GET"]}}],"collection":[{"href":"https:\/\/www.deporteseli.com\/index.php?rest_route=\/wp\/v2\/product"}],"about":[{"href":"https:\/\/www.deporteseli.com\/index.php?rest_route=\/wp\/v2\/types\/product"}],"wp:featuredmedia":[{"embeddable":true,"href":"https:\/\/www.deporteseli.com\/index.php?rest_route=\/wp\/v2\/media\/76302"}],"wp:attachment":[{"href":"https:\/\/www.deporteseli.com\/index.php?rest_route=%2Fwp%2Fv2%2Fmedia&parent=76291"}],"wp:term":[{"taxonomy":"product_brand","embeddable":true,"href":"https:\/\/www.deporteseli.com\/index.php?rest_route=%2Fwp%2Fv2%2Fproduct_brand&post=76291"},{"taxonomy":"product_cat","embeddable":true,"href":"https:\/\/www.deporteseli.com\/index.php?rest_route=%2Fwp%2Fv2%2Fproduct_cat&post=76291"},{"taxonomy":"product_tag","embeddable":true,"href":"https:\/\/www.deporteseli.com\/index.php?rest_route=%2Fwp%2Fv2%2Fproduct_tag&post=76291"}],"curies":[{"name":"wp","href":"https:\/\/api.w.org\/{rel}","templated":true}]}}