{"id":76189,"date":"2026-04-24T11:41:32","date_gmt":"2026-04-24T11:41:32","guid":{"rendered":"https:\/\/www.deporteseli.com\/?product=gel-resolution-x-clay-1041a485-402"},"modified":"2026-04-24T11:41:44","modified_gmt":"2026-04-24T11:41:44","slug":"gel-resolution-x-clay-1041a485-402","status":"publish","type":"product","link":"https:\/\/www.deporteseli.com\/?product=gel-resolution-x-clay-1041a485-402","title":{"rendered":"GEL-RESOLUTION X CLAY 1041A485-402"},"content":{"rendered":"<p>La zapatilla de tenis GEL-RESOLUTION\u2122 X CLAY proporciona una estabilidad y amortiguaci\u00f3n avanzadas para los jugadores a los que les gusta controlar el juego desde la l\u00ednea de fondo.    La tecnolog\u00eda DYNALACING\u2122 ha sido dise\u00f1ada estrat\u00e9gicamente para brindar soporte adicional cuando se necesita. Esto te permite sentirte seguro al realizar transiciones r\u00e1pidas. Adem\u00e1s, cuenta con una entresuela de dos piezas que mejora la estabilidad al aterrizar el pie en la cancha.    La tecnolog\u00eda DYNAWALL\u2122 en la mediasuela ahora se extiende hasta el tal\u00f3n para brindar mayor estabilidad durante los movimientos laterales. Es una caracter\u00edstica funcional que resulta eficaz al correr cubriendo ambos lados de la l\u00ednea de fondo.      Tecnolog\u00eda PGUARD\u2122: ayuda a aumentar la durabilidad en la zona interior del antepi\u00e9 de la parte superior.  Tecnolog\u00eda DYNAWALL\u2122: ayuda a mejorar la estabilidad.  Tecnolog\u00eda DYNALACING\u2122: ayuda a crear un ajuste estable durante los movimientos din\u00e1micos.  Suela exterior de caucho AHARPLUS\u2122: mejora la durabilidad.  Tecnolog\u00eda GEL\u00ae en el antepi\u00e9: mejora la absorci\u00f3n de impactos y crea una sensaci\u00f3n m\u00e1s suave al pisar.  Dise\u00f1o de entresuela de dos piezas: ayuda a producir aterrizajes m\u00e1s estables.  La plantilla se produce mediante un proceso de te\u00f1ido en soluci\u00f3n que reduce el consumo de agua en aproximadamente un 33 % y las emisiones de carbono en aproximadamente un 45 % en comparaci\u00f3n con la tecnolog\u00eda de te\u00f1ido convencional.  Suela exterior para pistas de arcilla                                                                                                                                                                                                                                                                                                                                                                                                                                                                                                                                                                                                                                                                                                                                                                                                                                                                                                                                                                                                                                        <\/p>\n","protected":false},"excerpt":{"rendered":"<p>GEL-RESOLUTION X CLAY 1041A485-402<\/p>\n","protected":false},"featured_media":76199,"template":"","meta":[],"product_brand":[],"product_cat":[371],"product_tag":[19],"class_list":{"0":"post-76189","1":"product","2":"type-product","3":"status-publish","4":"has-post-thumbnail","6":"product_cat-padel_y_tenis_calzado","7":"product_tag-asics","8":"pa_color-unico","9":"pa_talla-41-5","10":"pa_talla-153","11":"pa_talla-42-5","12":"pa_talla-43-5","13":"pa_talla-157","14":"pa_talla-44-5","15":"pa_talla-159","16":"pa_talla-161","17":"pa_talla-163","18":"thunk-woo-product-list","19":"opn-qv-enable","20":"open-woo-hover-","21":"open-single-product-tab-horizontal","22":"open-shadow-","23":"open-shadow-hover-","25":"first","26":"instock","27":"sale","28":"shipping-taxable","29":"purchasable","30":"product-type-variable"},"jetpack_sharing_enabled":true,"_links":{"self":[{"href":"https:\/\/www.deporteseli.com\/index.php?rest_route=\/wp\/v2\/product\/76189","targetHints":{"allow":["GET"]}}],"collection":[{"href":"https:\/\/www.deporteseli.com\/index.php?rest_route=\/wp\/v2\/product"}],"about":[{"href":"https:\/\/www.deporteseli.com\/index.php?rest_route=\/wp\/v2\/types\/product"}],"wp:featuredmedia":[{"embeddable":true,"href":"https:\/\/www.deporteseli.com\/index.php?rest_route=\/wp\/v2\/media\/76199"}],"wp:attachment":[{"href":"https:\/\/www.deporteseli.com\/index.php?rest_route=%2Fwp%2Fv2%2Fmedia&parent=76189"}],"wp:term":[{"taxonomy":"product_brand","embeddable":true,"href":"https:\/\/www.deporteseli.com\/index.php?rest_route=%2Fwp%2Fv2%2Fproduct_brand&post=76189"},{"taxonomy":"product_cat","embeddable":true,"href":"https:\/\/www.deporteseli.com\/index.php?rest_route=%2Fwp%2Fv2%2Fproduct_cat&post=76189"},{"taxonomy":"product_tag","embeddable":true,"href":"https:\/\/www.deporteseli.com\/index.php?rest_route=%2Fwp%2Fv2%2Fproduct_tag&post=76189"}],"curies":[{"name":"wp","href":"https:\/\/api.w.org\/{rel}","templated":true}]}}