{"id":76176,"date":"2026-04-24T11:40:53","date_gmt":"2026-04-24T11:40:53","guid":{"rendered":"https:\/\/www.deporteseli.com\/?product=tenis-asics-1012b930-700"},"modified":"2026-04-24T11:41:07","modified_gmt":"2026-04-24T11:41:07","slug":"tenis-asics-1012b930-700","status":"publish","type":"product","link":"https:\/\/www.deporteseli.com\/?product=tenis-asics-1012b930-700","title":{"rendered":"TENIS ASICS 1012B930-700"},"content":{"rendered":"<p>La zapatilla GEL-PULSE 17 est\u00e1 dise\u00f1ada para ofrecer la comodidad que necesitas para correr, ir al gimnasio y todo lo dem\u00e1s.    A fin de mejorar la amortiguaci\u00f3n en la planta del pie, hemos a\u00f1adido 2 mm de espuma en la mediasuela. Esta amortiguaci\u00f3n est\u00e1 compuesta por nuestras tecnolog\u00edas FF BLAST y GEL , que proporcionan una experiencia de carrera fluida y c\u00f3moda.    Materiales y tecnolog\u00eda  Parte superior de malla t\u00e9cnica  Malla que reduce la necesidad de revestimientos adicionales.  Amortiguaci\u00f3n FF BLAST  Espuma en la mediasuela que proporciona una amortiguaci\u00f3n acolchada y una pisada reactiva.  Tecnolog\u00eda GEL en la parte posterior del pie  Material ubicado en la mediasuela de la zapatilla que aten\u00faa los impactos para lograr una mayor amortiguaci\u00f3n.  Refuerzo de goma AHARPLUS en el tal\u00f3n  La goma de alta resistencia a la abrasi\u00f3n de ASICS situada en la zona del tal\u00f3n es aproximadamente tres veces m\u00e1s duradera que las gomas est\u00e1ndar para la suela.  La plantilla se elabora mediante un proceso de te\u00f1ido en soluci\u00f3n, que reduce el consumo de agua en aproximadamente un 33 % y las emisiones de carbono en aproximadamente un 45 % en comparaci\u00f3n con el m\u00e9todo de te\u00f1ido convencional.                                                                                                                                                                                                                                                                                                                                                                                                                                                                                                                                                                                                                                                                                                                                                                                                                                                                                                                                                                                                                                        <\/p>\n","protected":false},"excerpt":{"rendered":"<p>TENIS ASICS 1012B930-700<\/p>\n","protected":false},"featured_media":76185,"template":"","meta":[],"product_brand":[],"product_cat":[285],"product_tag":[19],"class_list":{"0":"post-76176","1":"product","2":"type-product","3":"status-publish","4":"has-post-thumbnail","6":"product_cat-mujer_calzado_running","7":"product_tag-asics","8":"pa_color-unico","9":"pa_talla-141","10":"pa_talla-143","11":"pa_talla-145","12":"pa_talla-147","13":"pa_talla-39-5","14":"pa_talla-149","15":"pa_talla-40-5","16":"pa_talla-41-5","17":"thunk-woo-product-list","18":"opn-qv-enable","19":"open-woo-hover-","20":"open-single-product-tab-horizontal","21":"open-shadow-","22":"open-shadow-hover-","24":"first","25":"instock","26":"shipping-taxable","27":"purchasable","28":"product-type-variable"},"jetpack_sharing_enabled":true,"_links":{"self":[{"href":"https:\/\/www.deporteseli.com\/index.php?rest_route=\/wp\/v2\/product\/76176","targetHints":{"allow":["GET"]}}],"collection":[{"href":"https:\/\/www.deporteseli.com\/index.php?rest_route=\/wp\/v2\/product"}],"about":[{"href":"https:\/\/www.deporteseli.com\/index.php?rest_route=\/wp\/v2\/types\/product"}],"wp:featuredmedia":[{"embeddable":true,"href":"https:\/\/www.deporteseli.com\/index.php?rest_route=\/wp\/v2\/media\/76185"}],"wp:attachment":[{"href":"https:\/\/www.deporteseli.com\/index.php?rest_route=%2Fwp%2Fv2%2Fmedia&parent=76176"}],"wp:term":[{"taxonomy":"product_brand","embeddable":true,"href":"https:\/\/www.deporteseli.com\/index.php?rest_route=%2Fwp%2Fv2%2Fproduct_brand&post=76176"},{"taxonomy":"product_cat","embeddable":true,"href":"https:\/\/www.deporteseli.com\/index.php?rest_route=%2Fwp%2Fv2%2Fproduct_cat&post=76176"},{"taxonomy":"product_tag","embeddable":true,"href":"https:\/\/www.deporteseli.com\/index.php?rest_route=%2Fwp%2Fv2%2Fproduct_tag&post=76176"}],"curies":[{"name":"wp","href":"https:\/\/api.w.org\/{rel}","templated":true}]}}