{"id":76096,"date":"2026-04-23T17:24:12","date_gmt":"2026-04-23T17:24:12","guid":{"rendered":"https:\/\/www.deporteseli.com\/?product=gafas-speedo-futura-hydrospex"},"modified":"2026-04-23T17:24:14","modified_gmt":"2026-04-23T17:24:14","slug":"gafas-speedo-futura-hydrospex","status":"publish","type":"product","link":"https:\/\/www.deporteseli.com\/?product=gafas-speedo-futura-hydrospex","title":{"rendered":"GAFAS SPEEDO FUTURA HYDROSPEX"},"content":{"rendered":"<p>Descripci\u00f3n del Producto  Las gafas Futura Hydrospex combinan el rendimiento probado y el ajuste excelente de las superventas Futura Classic y Hydrospex en unas gafas recreativas. Sus suaves juntas proporcionan una comodidad duradera, desde entrenamientos intensos hasta momentos de relax en el agua, mientras que la correa trasera dividida y con muescas permite un ajuste personalizado. Las Futura Hydrospex ofrecen un ajuste familiar y fiable que te encantar\u00e1, combinando las ventajas de ambos estilos en un dise\u00f1o c\u00f3modo.    Protecci\u00f3n 100% contra los rayos UV  Recubrimiento antivaho  Perfil cl\u00e1sico  Ajuste c\u00f3modo  Sin l\u00e1tex  Libre de PVC  Construcci\u00f3n suave de una sola pieza  Ajuste universal                                                                                                                                                                                                                                                                                                                                                                                                                                                                                                                                                                                                                                                                                                                                                                                                                                                                                                                                                                                                                                        <\/p>\n","protected":false},"excerpt":{"rendered":"<p>GAFAS SPEEDO FUTURA HYDROSPEX<\/p>\n","protected":false},"featured_media":76098,"template":"","meta":[],"product_brand":[],"product_cat":[332],"product_tag":[42],"class_list":{"0":"post-76096","1":"product","2":"type-product","3":"status-publish","4":"has-post-thumbnail","6":"product_cat-deportes_piscina_gafas","7":"product_tag-speedo","8":"pa_color-unico","9":"pa_talla-unica","10":"thunk-woo-product-list","11":"opn-qv-enable","12":"open-woo-hover-","13":"open-single-product-tab-horizontal","14":"open-shadow-","15":"open-shadow-hover-","17":"first","18":"instock","19":"shipping-taxable","20":"purchasable","21":"product-type-variable"},"jetpack_sharing_enabled":true,"_links":{"self":[{"href":"https:\/\/www.deporteseli.com\/index.php?rest_route=\/wp\/v2\/product\/76096","targetHints":{"allow":["GET"]}}],"collection":[{"href":"https:\/\/www.deporteseli.com\/index.php?rest_route=\/wp\/v2\/product"}],"about":[{"href":"https:\/\/www.deporteseli.com\/index.php?rest_route=\/wp\/v2\/types\/product"}],"wp:featuredmedia":[{"embeddable":true,"href":"https:\/\/www.deporteseli.com\/index.php?rest_route=\/wp\/v2\/media\/76098"}],"wp:attachment":[{"href":"https:\/\/www.deporteseli.com\/index.php?rest_route=%2Fwp%2Fv2%2Fmedia&parent=76096"}],"wp:term":[{"taxonomy":"product_brand","embeddable":true,"href":"https:\/\/www.deporteseli.com\/index.php?rest_route=%2Fwp%2Fv2%2Fproduct_brand&post=76096"},{"taxonomy":"product_cat","embeddable":true,"href":"https:\/\/www.deporteseli.com\/index.php?rest_route=%2Fwp%2Fv2%2Fproduct_cat&post=76096"},{"taxonomy":"product_tag","embeddable":true,"href":"https:\/\/www.deporteseli.com\/index.php?rest_route=%2Fwp%2Fv2%2Fproduct_tag&post=76096"}],"curies":[{"name":"wp","href":"https:\/\/api.w.org\/{rel}","templated":true}]}}