{"id":76090,"date":"2026-04-23T17:19:58","date_gmt":"2026-04-23T17:19:58","guid":{"rendered":"https:\/\/www.deporteseli.com\/?product=gafas-speedo-biofuse-2-0-jr"},"modified":"2026-04-23T17:19:59","modified_gmt":"2026-04-23T17:19:59","slug":"gafas-speedo-biofuse-2-0-jr","status":"publish","type":"product","link":"https:\/\/www.deporteseli.com\/?product=gafas-speedo-biofuse-2-0-jr","title":{"rendered":"GAFAS SPEEDO BIOFUSE 2.0 JR"},"content":{"rendered":"<p>Las gafas Biofuse ahora son a\u00fan mejores. Presentamos las gafas Speedo Biofuse 2.0. Conservan la exitosa tecnolog\u00eda Speedo Biofuse\u00ae, pero ahora ofrecen comodidad y ajuste superiores gracias a un innovador mecanismo de botones con patente en tr\u00e1mite y juntas ultrasuaves con un nuevo dise\u00f1o de ranuras. Todo lo que te encanta de Biofuse, ahora mejorado.    Caracter\u00edsticas:    Sigue incorporando nuestra tecnolog\u00eda Speedo Biofuse\u00ae, la m\u00e1s vendida, para una comodidad flexible cada vez que nades.  Juntas ultrasuaves con un nuevo dise\u00f1o de ranura, que ofrecen el mismo ajuste que nuestras juntas m\u00e1s vendidas.  El nuevo dise\u00f1o de la estructura interna, flexible y resistente, se estira y se ajusta para un ajuste extremadamente c\u00f3modo, a la vez que proporciona una estabilidad superior.  Lentes con una forma de dise\u00f1o novedosa que ofrecen una excelente visi\u00f3n perif\u00e9rica.  Nuevo mecanismo de bot\u00f3n con patente en tr\u00e1mite para una instalaci\u00f3n r\u00e1pida y segura.  Correa elegante y discreta con engranajes de tracci\u00f3n para un ajuste seguro y c\u00f3modo.  Un recubrimiento antivaho en aerosol proporciona una visi\u00f3n n\u00edtida y cristalina.  Protecci\u00f3n UV absoluta con lentes de policarbonato que ofrecen protecci\u00f3n UV400.                                                                                                                                                                                                                                                                                                                                                                                                                                                                                                                                                                                                                                                                                                                                                                                                                                                                                                                                                                                                                                        <\/p>\n","protected":false},"excerpt":{"rendered":"<p>GAFAS SPEEDO BIOFUSE 2.0 JR<\/p>\n","protected":false},"featured_media":76092,"template":"","meta":[],"product_brand":[],"product_cat":[332],"product_tag":[42],"class_list":{"0":"post-76090","1":"product","2":"type-product","3":"status-publish","4":"has-post-thumbnail","6":"product_cat-deportes_piscina_gafas","7":"product_tag-speedo","8":"pa_color-unico","9":"pa_talla-unica","10":"thunk-woo-product-list","11":"opn-qv-enable","12":"open-woo-hover-","13":"open-single-product-tab-horizontal","14":"open-shadow-","15":"open-shadow-hover-","17":"first","18":"instock","19":"shipping-taxable","20":"purchasable","21":"product-type-variable"},"jetpack_sharing_enabled":true,"_links":{"self":[{"href":"https:\/\/www.deporteseli.com\/index.php?rest_route=\/wp\/v2\/product\/76090","targetHints":{"allow":["GET"]}}],"collection":[{"href":"https:\/\/www.deporteseli.com\/index.php?rest_route=\/wp\/v2\/product"}],"about":[{"href":"https:\/\/www.deporteseli.com\/index.php?rest_route=\/wp\/v2\/types\/product"}],"wp:featuredmedia":[{"embeddable":true,"href":"https:\/\/www.deporteseli.com\/index.php?rest_route=\/wp\/v2\/media\/76092"}],"wp:attachment":[{"href":"https:\/\/www.deporteseli.com\/index.php?rest_route=%2Fwp%2Fv2%2Fmedia&parent=76090"}],"wp:term":[{"taxonomy":"product_brand","embeddable":true,"href":"https:\/\/www.deporteseli.com\/index.php?rest_route=%2Fwp%2Fv2%2Fproduct_brand&post=76090"},{"taxonomy":"product_cat","embeddable":true,"href":"https:\/\/www.deporteseli.com\/index.php?rest_route=%2Fwp%2Fv2%2Fproduct_cat&post=76090"},{"taxonomy":"product_tag","embeddable":true,"href":"https:\/\/www.deporteseli.com\/index.php?rest_route=%2Fwp%2Fv2%2Fproduct_tag&post=76090"}],"curies":[{"name":"wp","href":"https:\/\/api.w.org\/{rel}","templated":true}]}}