{"id":76073,"date":"2026-04-23T17:11:08","date_gmt":"2026-04-23T17:11:08","guid":{"rendered":"https:\/\/www.deporteseli.com\/?product=cholas-joma-s-playa-2601-negro"},"modified":"2026-04-23T17:11:15","modified_gmt":"2026-04-23T17:11:15","slug":"cholas-joma-s-playa-2601-negro","status":"publish","type":"product","link":"https:\/\/www.deporteseli.com\/?product=cholas-joma-s-playa-2601-negro","title":{"rendered":"CHOLAS JOMA S.PLAYA 2601 NEGRO"},"content":{"rendered":"<p>Descripci\u00f3n  Chanclas de dedo para hombre. Dise\u00f1adas para ofrecer comodidad y ligereza en el uso diario. Incorporan suela de EVA, que aporta una pisada m\u00e1s c\u00f3moda, junto a un corte textil que se adapta al pie de forma suave.    Adecuadas para piscina, playa o uso en verano.                                                                                                                                                                                                                                                                                                                                                                                                                                                                                                                                                                                                                                                                                                                                                                                                                                                                                                                                                                                                                                        <\/p>\n","protected":false},"excerpt":{"rendered":"<p>CHOLAS JOMA S.PLAYA 2601 NEGRO<\/p>\n","protected":false},"featured_media":76081,"template":"","meta":[],"product_brand":[],"product_cat":[265],"product_tag":[31],"class_list":{"0":"post-76073","1":"product","2":"type-product","3":"status-publish","4":"has-post-thumbnail","6":"product_cat-hombre_calzado_cholas","7":"product_tag-joma","8":"pa_color-unico","9":"pa_talla-149","10":"pa_talla-151","11":"pa_talla-153","12":"pa_talla-155","13":"pa_talla-157","14":"pa_talla-159","15":"pa_talla-161","16":"thunk-woo-product-list","17":"opn-qv-enable","18":"open-woo-hover-","19":"open-single-product-tab-horizontal","20":"open-shadow-","21":"open-shadow-hover-","23":"first","24":"instock","25":"shipping-taxable","26":"purchasable","27":"product-type-variable"},"jetpack_sharing_enabled":true,"_links":{"self":[{"href":"https:\/\/www.deporteseli.com\/index.php?rest_route=\/wp\/v2\/product\/76073","targetHints":{"allow":["GET"]}}],"collection":[{"href":"https:\/\/www.deporteseli.com\/index.php?rest_route=\/wp\/v2\/product"}],"about":[{"href":"https:\/\/www.deporteseli.com\/index.php?rest_route=\/wp\/v2\/types\/product"}],"wp:featuredmedia":[{"embeddable":true,"href":"https:\/\/www.deporteseli.com\/index.php?rest_route=\/wp\/v2\/media\/76081"}],"wp:attachment":[{"href":"https:\/\/www.deporteseli.com\/index.php?rest_route=%2Fwp%2Fv2%2Fmedia&parent=76073"}],"wp:term":[{"taxonomy":"product_brand","embeddable":true,"href":"https:\/\/www.deporteseli.com\/index.php?rest_route=%2Fwp%2Fv2%2Fproduct_brand&post=76073"},{"taxonomy":"product_cat","embeddable":true,"href":"https:\/\/www.deporteseli.com\/index.php?rest_route=%2Fwp%2Fv2%2Fproduct_cat&post=76073"},{"taxonomy":"product_tag","embeddable":true,"href":"https:\/\/www.deporteseli.com\/index.php?rest_route=%2Fwp%2Fv2%2Fproduct_tag&post=76073"}],"curies":[{"name":"wp","href":"https:\/\/api.w.org\/{rel}","templated":true}]}}