{"id":76038,"date":"2026-04-23T16:58:51","date_gmt":"2026-04-23T16:58:51","guid":{"rendered":"https:\/\/www.deporteseli.com\/?product=botas-joma-evolution-jr-indor"},"modified":"2026-04-23T16:59:00","modified_gmt":"2026-04-23T16:59:00","slug":"botas-joma-evolution-jr-indor","status":"publish","type":"product","link":"https:\/\/www.deporteseli.com\/?product=botas-joma-evolution-jr-indor","title":{"rendered":"BOTAS JOMA EVOLUTION JR INDOR"},"content":{"rendered":"<p>Descripci\u00f3n  Las zapatillas infantiles Joma Evolution Jr 2601 IN EVJS2601IN son la opci\u00f3n ideal para los j\u00f3venes atletas que buscan comodidad y protecci\u00f3n total en pistas cubiertas.    Forro interior para mayor comodidad  Suela exterior para un mejor agarre en la cancha.  Cierre de cordones para un ajuste seguro  Este producto est\u00e1 recomendado para ni\u00f1os que aman el f\u00fatbol y juegan en canchas cubiertas, as\u00ed como para uso diario y actividades deportivas.    C\u00f3digo de producto: EVJS2601IN    Fabricante: Joma    Material: Piel sint\u00e9tica                                                                                                                                                                                                                                                                                                                                                                                                                                                                                                                                                                                                                                                                                                                                                                                                                                                                                                                                                                                                                                        <\/p>\n","protected":false},"excerpt":{"rendered":"<p>BOTAS JOMA EVOLUTION JR INDOR<\/p>\n","protected":false},"featured_media":76047,"template":"","meta":[],"product_brand":[],"product_cat":[323],"product_tag":[31],"class_list":{"0":"post-76038","1":"product","2":"type-product","3":"status-publish","4":"has-post-thumbnail","6":"product_cat-deportes_futbol_botas_sala","7":"product_tag-joma","8":"pa_color-unico","9":"pa_talla-131","10":"pa_talla-133","11":"pa_talla-135","12":"pa_talla-137","13":"pa_talla-139","14":"pa_talla-141","15":"pa_talla-143","16":"pa_talla-145","17":"thunk-woo-product-list","18":"opn-qv-enable","19":"open-woo-hover-","20":"open-single-product-tab-horizontal","21":"open-shadow-","22":"open-shadow-hover-","24":"first","25":"instock","26":"shipping-taxable","27":"purchasable","28":"product-type-variable"},"jetpack_sharing_enabled":true,"_links":{"self":[{"href":"https:\/\/www.deporteseli.com\/index.php?rest_route=\/wp\/v2\/product\/76038","targetHints":{"allow":["GET"]}}],"collection":[{"href":"https:\/\/www.deporteseli.com\/index.php?rest_route=\/wp\/v2\/product"}],"about":[{"href":"https:\/\/www.deporteseli.com\/index.php?rest_route=\/wp\/v2\/types\/product"}],"wp:featuredmedia":[{"embeddable":true,"href":"https:\/\/www.deporteseli.com\/index.php?rest_route=\/wp\/v2\/media\/76047"}],"wp:attachment":[{"href":"https:\/\/www.deporteseli.com\/index.php?rest_route=%2Fwp%2Fv2%2Fmedia&parent=76038"}],"wp:term":[{"taxonomy":"product_brand","embeddable":true,"href":"https:\/\/www.deporteseli.com\/index.php?rest_route=%2Fwp%2Fv2%2Fproduct_brand&post=76038"},{"taxonomy":"product_cat","embeddable":true,"href":"https:\/\/www.deporteseli.com\/index.php?rest_route=%2Fwp%2Fv2%2Fproduct_cat&post=76038"},{"taxonomy":"product_tag","embeddable":true,"href":"https:\/\/www.deporteseli.com\/index.php?rest_route=%2Fwp%2Fv2%2Fproduct_tag&post=76038"}],"curies":[{"name":"wp","href":"https:\/\/api.w.org\/{rel}","templated":true}]}}