{"id":76019,"date":"2026-04-23T16:53:04","date_gmt":"2026-04-23T16:53:04","guid":{"rendered":"https:\/\/www.deporteseli.com\/?product=camisa-ellesse-ringetto-lg-yellow"},"modified":"2026-04-23T16:53:08","modified_gmt":"2026-04-23T16:53:08","slug":"camisa-ellesse-ringetto-lg-yellow","status":"publish","type":"product","link":"https:\/\/www.deporteseli.com\/?product=camisa-ellesse-ringetto-lg-yellow","title":{"rendered":"CAMISA ELLESSE RINGETTO LG YELLOW"},"content":{"rendered":"<p>Camiseta Ringetto de ellesse para hombre. Confeccionada en algod\u00f3n suave, destaca por su dise\u00f1o de inspiraci\u00f3n retro con cuello y ribetes en las mangas en contraste. Luce el ic\u00f3nico doble parche de la marca en el pecho. Un estilo cl\u00e1sico y c\u00f3modo.                                                                                                                                                                                                                                                                                                                                                                                                                                                                                                                                                                                                                                                                                                                                                                                                                                                                                                                                                                                                                                        <\/p>\n","protected":false},"excerpt":{"rendered":"<p>CAMISA ELLESSE RINGETTO LG YELLOW<\/p>\n","protected":false},"featured_media":76024,"template":"","meta":[],"product_brand":[],"product_cat":[245],"product_tag":[52],"class_list":{"0":"post-76019","1":"product","2":"type-product","3":"status-publish","4":"has-post-thumbnail","6":"product_cat-hombre_textil_camisetas","7":"product_tag-ellesse","8":"pa_color-unico","9":"pa_talla-l","10":"pa_talla-m","11":"pa_talla-s","12":"pa_talla-xl","13":"thunk-woo-product-list","14":"opn-qv-enable","15":"open-woo-hover-","16":"open-single-product-tab-horizontal","17":"open-shadow-","18":"open-shadow-hover-","20":"first","21":"instock","22":"shipping-taxable","23":"purchasable","24":"product-type-variable"},"jetpack_sharing_enabled":true,"_links":{"self":[{"href":"https:\/\/www.deporteseli.com\/index.php?rest_route=\/wp\/v2\/product\/76019","targetHints":{"allow":["GET"]}}],"collection":[{"href":"https:\/\/www.deporteseli.com\/index.php?rest_route=\/wp\/v2\/product"}],"about":[{"href":"https:\/\/www.deporteseli.com\/index.php?rest_route=\/wp\/v2\/types\/product"}],"wp:featuredmedia":[{"embeddable":true,"href":"https:\/\/www.deporteseli.com\/index.php?rest_route=\/wp\/v2\/media\/76024"}],"wp:attachment":[{"href":"https:\/\/www.deporteseli.com\/index.php?rest_route=%2Fwp%2Fv2%2Fmedia&parent=76019"}],"wp:term":[{"taxonomy":"product_brand","embeddable":true,"href":"https:\/\/www.deporteseli.com\/index.php?rest_route=%2Fwp%2Fv2%2Fproduct_brand&post=76019"},{"taxonomy":"product_cat","embeddable":true,"href":"https:\/\/www.deporteseli.com\/index.php?rest_route=%2Fwp%2Fv2%2Fproduct_cat&post=76019"},{"taxonomy":"product_tag","embeddable":true,"href":"https:\/\/www.deporteseli.com\/index.php?rest_route=%2Fwp%2Fv2%2Fproduct_tag&post=76019"}],"curies":[{"name":"wp","href":"https:\/\/api.w.org\/{rel}","templated":true}]}}