{"id":76005,"date":"2026-04-23T16:52:27","date_gmt":"2026-04-23T16:52:27","guid":{"rendered":"https:\/\/www.deporteseli.com\/?product=short-ellesse-bellis-aqua-wh"},"modified":"2026-04-23T16:52:32","modified_gmt":"2026-04-23T16:52:32","slug":"short-ellesse-bellis-aqua-wh","status":"publish","type":"product","link":"https:\/\/www.deporteseli.com\/?product=short-ellesse-bellis-aqua-wh","title":{"rendered":"SHORT ELLESSE BELLIS AQUA WH"},"content":{"rendered":"<p>Ellesse ba\u00f1ador corto color block: secado r\u00e1pido y ajuste c\u00f3modo para hombre  El ba\u00f1ador Ellesse para hombre presenta un dise\u00f1o color block con est\u00e9tica deportiva y moderna, ideal para disfrutar de la playa o la piscina. Su corte corto favorece la libertad de movimiento y un estilo actual.    Confeccionado en tejido ligero de secado r\u00e1pido, este ba\u00f1ador Ellesse hombre garantiza comodidad dentro y fuera del agua. Su estructura permite una buena transpirabilidad, adapt\u00e1ndose a climas c\u00e1lidos y uso en Espa\u00f1a.    Dise\u00f1ado para actividades acu\u00e1ticas y ocio, incorpora cintura el\u00e1stica con cord\u00f3n ajustable que mejora la sujeci\u00f3n. Los bolsillos laterales aportan funcionalidad, mientras su acabado ligero facilita el movimiento continuo.    Perfecto para combinar con camisetas, chanclas o sudaderas ligeras, el ba\u00f1ador Ellesse color block se integra en looks veraniegos vers\u00e1tiles. Una prenda pr\u00e1ctica que une confort, dise\u00f1o deportivo y funcionalidad diaria.                                                                                                                                                                                                                                                                                                                                                                                                                                                                                                                                                                                                                                                                                                                                                                                                                                                                                                                                                                                                                                        <\/p>\n","protected":false},"excerpt":{"rendered":"<p>SHORT ELLESSE BELLIS AQUA WH<\/p>\n","protected":false},"featured_media":76010,"template":"","meta":[],"product_brand":[],"product_cat":[246],"product_tag":[52],"class_list":{"0":"post-76005","1":"product","2":"type-product","3":"status-publish","4":"has-post-thumbnail","6":"product_cat-hombre_textil_banadores","7":"product_tag-ellesse","8":"pa_color-unico","9":"pa_talla-l","10":"pa_talla-m","11":"pa_talla-s","12":"pa_talla-xl","13":"thunk-woo-product-list","14":"opn-qv-enable","15":"open-woo-hover-","16":"open-single-product-tab-horizontal","17":"open-shadow-","18":"open-shadow-hover-","20":"first","21":"instock","22":"shipping-taxable","23":"purchasable","24":"product-type-variable"},"jetpack_sharing_enabled":true,"_links":{"self":[{"href":"https:\/\/www.deporteseli.com\/index.php?rest_route=\/wp\/v2\/product\/76005","targetHints":{"allow":["GET"]}}],"collection":[{"href":"https:\/\/www.deporteseli.com\/index.php?rest_route=\/wp\/v2\/product"}],"about":[{"href":"https:\/\/www.deporteseli.com\/index.php?rest_route=\/wp\/v2\/types\/product"}],"wp:featuredmedia":[{"embeddable":true,"href":"https:\/\/www.deporteseli.com\/index.php?rest_route=\/wp\/v2\/media\/76010"}],"wp:attachment":[{"href":"https:\/\/www.deporteseli.com\/index.php?rest_route=%2Fwp%2Fv2%2Fmedia&parent=76005"}],"wp:term":[{"taxonomy":"product_brand","embeddable":true,"href":"https:\/\/www.deporteseli.com\/index.php?rest_route=%2Fwp%2Fv2%2Fproduct_brand&post=76005"},{"taxonomy":"product_cat","embeddable":true,"href":"https:\/\/www.deporteseli.com\/index.php?rest_route=%2Fwp%2Fv2%2Fproduct_cat&post=76005"},{"taxonomy":"product_tag","embeddable":true,"href":"https:\/\/www.deporteseli.com\/index.php?rest_route=%2Fwp%2Fv2%2Fproduct_tag&post=76005"}],"curies":[{"name":"wp","href":"https:\/\/api.w.org\/{rel}","templated":true}]}}