{"id":75993,"date":"2026-04-23T16:51:50","date_gmt":"2026-04-23T16:51:50","guid":{"rendered":"https:\/\/www.deporteseli.com\/?product=short-ellesse-west-palm-black"},"modified":"2026-04-23T16:51:54","modified_gmt":"2026-04-23T16:51:54","slug":"short-ellesse-west-palm-black","status":"publish","type":"product","link":"https:\/\/www.deporteseli.com\/?product=short-ellesse-west-palm-black","title":{"rendered":"SHORT ELLESSE WEST PALM BLACK"},"content":{"rendered":"<p>Los pantalones cortos deportivos Ellesse para hombre, modelo \u00abWEST PALM\u00bb, tienen un corte recto que permite una total libertad de movimiento. Su tejido de mezcla de algod\u00f3n garantiza una sensaci\u00f3n de confort, mientras que la cintura el\u00e1stica con cord\u00f3n permite un ajuste personalizado. Los pr\u00e1cticos bolsillos ofrecen espacio para guardar objetos peque\u00f1os.                                                                                                                                                                                                                                                                                                                                                                                                                                                                                                                                                                                                                                                                                                                                                                                                                                                                                                                                                                                                                                        <\/p>\n","protected":false},"excerpt":{"rendered":"<p>SHORT ELLESSE WEST PALM BLACK<\/p>\n","protected":false},"featured_media":75998,"template":"","meta":[],"product_brand":[],"product_cat":[250],"product_tag":[52],"class_list":{"0":"post-75993","1":"product","2":"type-product","3":"status-publish","4":"has-post-thumbnail","6":"product_cat-hombre_textil_bermudas","7":"product_tag-ellesse","8":"pa_color-unico","9":"pa_talla-l","10":"pa_talla-m","11":"pa_talla-s","12":"pa_talla-xl","13":"thunk-woo-product-list","14":"opn-qv-enable","15":"open-woo-hover-","16":"open-single-product-tab-horizontal","17":"open-shadow-","18":"open-shadow-hover-","20":"first","21":"instock","22":"shipping-taxable","23":"purchasable","24":"product-type-variable"},"jetpack_sharing_enabled":true,"_links":{"self":[{"href":"https:\/\/www.deporteseli.com\/index.php?rest_route=\/wp\/v2\/product\/75993","targetHints":{"allow":["GET"]}}],"collection":[{"href":"https:\/\/www.deporteseli.com\/index.php?rest_route=\/wp\/v2\/product"}],"about":[{"href":"https:\/\/www.deporteseli.com\/index.php?rest_route=\/wp\/v2\/types\/product"}],"wp:featuredmedia":[{"embeddable":true,"href":"https:\/\/www.deporteseli.com\/index.php?rest_route=\/wp\/v2\/media\/75998"}],"wp:attachment":[{"href":"https:\/\/www.deporteseli.com\/index.php?rest_route=%2Fwp%2Fv2%2Fmedia&parent=75993"}],"wp:term":[{"taxonomy":"product_brand","embeddable":true,"href":"https:\/\/www.deporteseli.com\/index.php?rest_route=%2Fwp%2Fv2%2Fproduct_brand&post=75993"},{"taxonomy":"product_cat","embeddable":true,"href":"https:\/\/www.deporteseli.com\/index.php?rest_route=%2Fwp%2Fv2%2Fproduct_cat&post=75993"},{"taxonomy":"product_tag","embeddable":true,"href":"https:\/\/www.deporteseli.com\/index.php?rest_route=%2Fwp%2Fv2%2Fproduct_tag&post=75993"}],"curies":[{"name":"wp","href":"https:\/\/api.w.org\/{rel}","templated":true}]}}