{"id":75888,"date":"2026-04-21T12:08:57","date_gmt":"2026-04-21T12:08:57","guid":{"rendered":"https:\/\/www.deporteseli.com\/?product=tenis-adidas-jr7493"},"modified":"2026-04-21T12:08:59","modified_gmt":"2026-04-21T12:08:59","slug":"tenis-adidas-jr7493","status":"publish","type":"product","link":"https:\/\/www.deporteseli.com\/?product=tenis-adidas-jr7493","title":{"rendered":"TENIS ADIDAS JR7493"},"content":{"rendered":"<p>Esta zapatilla de running 60s 4.0 es tu opci\u00f3n ideal para lucir un estilo desenfadado en tu d\u00eda a d\u00eda. Con una mediasuela que proporciona amortiguaci\u00f3n y confort durante todo el d\u00eda y una vers\u00e1til parte superior, es una zapatilla que se ve tan bien como se siente. En el clip de TPU del tal\u00f3n se ve un sutil toque de tecnolog\u00eda de los a\u00f1os 80.                                                                                                                                                                                                                                                                                                                                                                                                                                                                                                                                                                                                                                                                                                                                                                                                                                                                                                                                                                                                                                        <\/p>\n","protected":false},"excerpt":{"rendered":"<p>TENIS ADIDAS JR7493<\/p>\n","protected":false},"featured_media":75890,"template":"","meta":[],"product_brand":[],"product_cat":[261],"product_tag":[18],"class_list":{"0":"post-75888","1":"product","2":"type-product","3":"status-publish","4":"has-post-thumbnail","6":"product_cat-hombre_calzado_casual","7":"product_tag-adidas","8":"pa_color-unico","9":"pa_talla-45-5","10":"thunk-woo-product-list","11":"opn-qv-enable","12":"open-woo-hover-","13":"open-single-product-tab-horizontal","14":"open-shadow-","15":"open-shadow-hover-","17":"first","18":"instock","19":"shipping-taxable","20":"purchasable","21":"product-type-variable"},"jetpack_sharing_enabled":true,"_links":{"self":[{"href":"https:\/\/www.deporteseli.com\/index.php?rest_route=\/wp\/v2\/product\/75888","targetHints":{"allow":["GET"]}}],"collection":[{"href":"https:\/\/www.deporteseli.com\/index.php?rest_route=\/wp\/v2\/product"}],"about":[{"href":"https:\/\/www.deporteseli.com\/index.php?rest_route=\/wp\/v2\/types\/product"}],"wp:featuredmedia":[{"embeddable":true,"href":"https:\/\/www.deporteseli.com\/index.php?rest_route=\/wp\/v2\/media\/75890"}],"wp:attachment":[{"href":"https:\/\/www.deporteseli.com\/index.php?rest_route=%2Fwp%2Fv2%2Fmedia&parent=75888"}],"wp:term":[{"taxonomy":"product_brand","embeddable":true,"href":"https:\/\/www.deporteseli.com\/index.php?rest_route=%2Fwp%2Fv2%2Fproduct_brand&post=75888"},{"taxonomy":"product_cat","embeddable":true,"href":"https:\/\/www.deporteseli.com\/index.php?rest_route=%2Fwp%2Fv2%2Fproduct_cat&post=75888"},{"taxonomy":"product_tag","embeddable":true,"href":"https:\/\/www.deporteseli.com\/index.php?rest_route=%2Fwp%2Fv2%2Fproduct_tag&post=75888"}],"curies":[{"name":"wp","href":"https:\/\/api.w.org\/{rel}","templated":true}]}}