{"id":75873,"date":"2026-04-21T12:07:26","date_gmt":"2026-04-21T12:07:26","guid":{"rendered":"https:\/\/www.deporteseli.com\/?product=tenis-adidas-ji4686"},"modified":"2026-04-21T12:07:37","modified_gmt":"2026-04-21T12:07:37","slug":"tenis-adidas-ji4686","status":"publish","type":"product","link":"https:\/\/www.deporteseli.com\/?product=tenis-adidas-ji4686","title":{"rendered":"TENIS ADIDAS JI4686"},"content":{"rendered":"<p>El estilo del running se actualiza  Deja que sus pies corran tan libres como su imaginaci\u00f3n. Esta zapatilla adidas para peques imparables presenta un dise\u00f1o inspirado en el calzado de running retro y una mediasuela con amortiguaci\u00f3n Cloudfoam que le ofrece una pisada m\u00e1s c\u00f3moda. La suela de EVA le confiere una gran flexibilidad y la correa autoadherente le permite calzarse y descalzarse f\u00e1cilmente.    Este producto contiene al menos un 20% de materiales reciclados. Utilizando materiales reciclados, reducimos los residuos, nuestra dependencia de los recursos finitos y la huella que generan los productos que fabricamos.                                                                                                                                                                                                                                                                                                                                                                                                                                                                                                                                                                                                                                                                                                                                                                                                                                                                                                                                                                                                                                        <\/p>\n","protected":false},"excerpt":{"rendered":"<p>TENIS ADIDAS JI4686<\/p>\n","protected":false},"featured_media":75881,"template":"","meta":[],"product_brand":[],"product_cat":[308],"product_tag":[18],"class_list":{"0":"post-75873","1":"product","2":"type-product","3":"status-publish","4":"has-post-thumbnail","6":"product_cat-nino_calzado_running","7":"product_tag-adidas","8":"pa_color-unico","9":"pa_talla-125","10":"pa_talla-127","11":"pa_talla-129","12":"pa_talla-131","13":"pa_talla-133","14":"pa_talla-135","15":"pa_talla-139","16":"thunk-woo-product-list","17":"opn-qv-enable","18":"open-woo-hover-","19":"open-single-product-tab-horizontal","20":"open-shadow-","21":"open-shadow-hover-","23":"first","24":"instock","25":"shipping-taxable","26":"purchasable","27":"product-type-variable"},"jetpack_sharing_enabled":true,"_links":{"self":[{"href":"https:\/\/www.deporteseli.com\/index.php?rest_route=\/wp\/v2\/product\/75873","targetHints":{"allow":["GET"]}}],"collection":[{"href":"https:\/\/www.deporteseli.com\/index.php?rest_route=\/wp\/v2\/product"}],"about":[{"href":"https:\/\/www.deporteseli.com\/index.php?rest_route=\/wp\/v2\/types\/product"}],"wp:featuredmedia":[{"embeddable":true,"href":"https:\/\/www.deporteseli.com\/index.php?rest_route=\/wp\/v2\/media\/75881"}],"wp:attachment":[{"href":"https:\/\/www.deporteseli.com\/index.php?rest_route=%2Fwp%2Fv2%2Fmedia&parent=75873"}],"wp:term":[{"taxonomy":"product_brand","embeddable":true,"href":"https:\/\/www.deporteseli.com\/index.php?rest_route=%2Fwp%2Fv2%2Fproduct_brand&post=75873"},{"taxonomy":"product_cat","embeddable":true,"href":"https:\/\/www.deporteseli.com\/index.php?rest_route=%2Fwp%2Fv2%2Fproduct_cat&post=75873"},{"taxonomy":"product_tag","embeddable":true,"href":"https:\/\/www.deporteseli.com\/index.php?rest_route=%2Fwp%2Fv2%2Fproduct_tag&post=75873"}],"curies":[{"name":"wp","href":"https:\/\/api.w.org\/{rel}","templated":true}]}}