{"id":75867,"date":"2026-04-21T12:07:01","date_gmt":"2026-04-21T12:07:01","guid":{"rendered":"https:\/\/www.deporteseli.com\/?product=camisa-adidas-jz1082"},"modified":"2026-04-21T12:07:09","modified_gmt":"2026-04-21T12:07:09","slug":"camisa-adidas-jz1082","status":"publish","type":"product","link":"https:\/\/www.deporteseli.com\/?product=camisa-adidas-jz1082","title":{"rendered":"CAMISA ADIDAS JZ1082"},"content":{"rendered":"<p>Descubre el futuro de la ropa deportiva con la camiseta Climacool Sereno 3 Stripes. No importa si vas al gimnasio o a dar una vuelta, el dise\u00f1o con las ic\u00f3nicas 3 bandas te ayuda a derrochar estilo en todo momento.  Incorpora la innovadora tecnolog\u00eda Climacool de adidas, que gestiona el sudor mediante materiales que lo absorben y dispersan r\u00e1pidamente. Adem\u00e1s, se ha confeccionado en un tejido de punto doble resistente y c\u00f3modo, por lo que es una opci\u00f3n estupenda para todo tipo de actividades.  Esta camiseta, dise\u00f1ada para atletas de hoy en d\u00eda, proporciona libertad de movimiento y un ajuste moderno. Los discretos logotipos de adidas aportan un toque elegante, por lo que se trata de un fichaje vers\u00e1til para el fondo de armario.                                                                                                                                                                                                                                                                                                                                                                                                                                                                                                                                                                                                                                                                                                                                                                                                                                                                                                                                                                                                                                        <\/p>\n","protected":false},"excerpt":{"rendered":"<p>CAMISA ADIDAS JZ1082<\/p>\n","protected":false},"featured_media":75872,"template":"","meta":[],"product_brand":[],"product_cat":[245],"product_tag":[18],"class_list":{"0":"post-75867","1":"product","2":"type-product","3":"status-publish","4":"has-post-thumbnail","6":"product_cat-hombre_textil_camisetas","7":"product_tag-adidas","8":"pa_color-unico","9":"pa_talla-l","10":"pa_talla-m","11":"pa_talla-s","12":"pa_talla-xl","13":"thunk-woo-product-list","14":"opn-qv-enable","15":"open-woo-hover-","16":"open-single-product-tab-horizontal","17":"open-shadow-","18":"open-shadow-hover-","20":"first","21":"instock","22":"shipping-taxable","23":"purchasable","24":"product-type-variable"},"jetpack_sharing_enabled":true,"_links":{"self":[{"href":"https:\/\/www.deporteseli.com\/index.php?rest_route=\/wp\/v2\/product\/75867","targetHints":{"allow":["GET"]}}],"collection":[{"href":"https:\/\/www.deporteseli.com\/index.php?rest_route=\/wp\/v2\/product"}],"about":[{"href":"https:\/\/www.deporteseli.com\/index.php?rest_route=\/wp\/v2\/types\/product"}],"wp:featuredmedia":[{"embeddable":true,"href":"https:\/\/www.deporteseli.com\/index.php?rest_route=\/wp\/v2\/media\/75872"}],"wp:attachment":[{"href":"https:\/\/www.deporteseli.com\/index.php?rest_route=%2Fwp%2Fv2%2Fmedia&parent=75867"}],"wp:term":[{"taxonomy":"product_brand","embeddable":true,"href":"https:\/\/www.deporteseli.com\/index.php?rest_route=%2Fwp%2Fv2%2Fproduct_brand&post=75867"},{"taxonomy":"product_cat","embeddable":true,"href":"https:\/\/www.deporteseli.com\/index.php?rest_route=%2Fwp%2Fv2%2Fproduct_cat&post=75867"},{"taxonomy":"product_tag","embeddable":true,"href":"https:\/\/www.deporteseli.com\/index.php?rest_route=%2Fwp%2Fv2%2Fproduct_tag&post=75867"}],"curies":[{"name":"wp","href":"https:\/\/api.w.org\/{rel}","templated":true}]}}